{"id":3,"date":"2025-11-06T05:09:28","date_gmt":"2025-11-06T05:09:28","guid":{"rendered":"https:\/\/fengshuixinyu.com\/?page_id=3"},"modified":"2025-11-20T06:11:50","modified_gmt":"2025-11-20T06:11:50","slug":"privacy-policy","status":"publish","type":"page","link":"https:\/\/fengshuixinyu.com\/es\/privacy-policy\/","title":{"rendered":"Pol\u00edtica de privacidad"},"content":{"rendered":"<p data-start=\"306\" data-end=\"669\">En <strong data-start=\"309\" data-end=\"330\">fengshuixinyu.com<\/strong>, su privacidad es de suma importancia para nosotros. Esta Pol\u00edtica de privacidad explica c\u00f3mo recopilamos, utilizamos, divulgamos y protegemos su informaci\u00f3n personal cuando visita nuestro sitio web, compra nuestros productos culturales tao\u00edstas o utiliza nuestros servicios virtuales. Al acceder o utilizar nuestro sitio web, usted acepta las pr\u00e1cticas descritas en esta Pol\u00edtica de privacidad.<\/p>\r\n<p data-start=\"671\" data-end=\"700\"><strong data-start=\"671\" data-end=\"700\">1. Informaci\u00f3n que recopilamos<\/strong><\/p>\r\n<p data-start=\"702\" data-end=\"738\">Recopilamos dos tipos de informaci\u00f3n:<\/p>\r\n<ul data-start=\"740\" data-end=\"1303\">\r\n<li data-start=\"740\" data-end=\"1038\">\r\n<p data-start=\"742\" data-end=\"896\"><strong data-start=\"742\" data-end=\"767\">Informaci\u00f3n personal:<\/strong> Cuando realiza una compra, se suscribe a nuestro bolet\u00edn informativo o se pone en contacto con nosotros, recopilamos datos personales, entre los que se incluyen, entre otros:<\/p>\r\n<ul data-start=\"899\" data-end=\"1038\">\r\n<li data-start=\"899\" data-end=\"905\">\r\n<p data-start=\"901\" data-end=\"905\">Nombre<\/p>\r\n<\/li>\r\n<li data-start=\"908\" data-end=\"923\">\r\n<p data-start=\"910\" data-end=\"923\">Direcci\u00f3n de correo electr\u00f3nico<\/p>\r\n<\/li>\r\n<li data-start=\"926\" data-end=\"968\">\r\n<p data-start=\"928\" data-end=\"968\">Direcci\u00f3n de env\u00edo (para productos f\u00edsicos)<\/p>\r\n<\/li>\r\n<li data-start=\"971\" data-end=\"1020\">\r\n<p data-start=\"973\" data-end=\"1020\">Informaci\u00f3n de pago (por ejemplo, datos de la tarjeta de cr\u00e9dito)<\/p>\r\n<\/li>\r\n<li data-start=\"1023\" data-end=\"1038\">\r\n<p data-start=\"1025\" data-end=\"1038\">Historial de pedidos<\/p>\r\n<\/li>\r\n<\/ul>\r\n<\/li>\r\n<li data-start=\"1040\" data-end=\"1303\">\r\n<p data-start=\"1042\" data-end=\"1164\"><strong data-start=\"1042\" data-end=\"1071\">Informaci\u00f3n no personal:<\/strong> Podemos recopilar autom\u00e1ticamente informaci\u00f3n sobre c\u00f3mo interact\u00faa con nuestro sitio web, incluyendo:<\/p>\r\n<ul data-start=\"1167\" data-end=\"1303\">\r\n<li data-start=\"1167\" data-end=\"1181\">\r\n<p data-start=\"1169\" data-end=\"1181\">Tipo de navegador<\/p>\r\n<\/li>\r\n<li data-start=\"1184\" data-end=\"1204\">\r\n<p data-start=\"1186\" data-end=\"1204\">Informaci\u00f3n del dispositivo<\/p>\r\n<\/li>\r\n<li data-start=\"1207\" data-end=\"1219\">\r\n<p data-start=\"1209\" data-end=\"1219\">Direcci\u00f3n IP<\/p>\r\n<\/li>\r\n<li data-start=\"1222\" data-end=\"1266\">\r\n<p data-start=\"1224\" data-end=\"1266\">P\u00e1ginas visitadas y acciones realizadas en el sitio web.<\/p>\r\n<\/li>\r\n<li data-start=\"1269\" data-end=\"1303\">\r\n<p data-start=\"1271\" data-end=\"1303\">Cookies y tecnolog\u00edas similares<\/p>\r\n<\/li>\r\n<\/ul>\r\n<\/li>\r\n<\/ul>\r\n<p data-start=\"1305\" data-end=\"1339\"><strong data-start=\"1305\" data-end=\"1339\">2. C\u00f3mo utilizamos su informaci\u00f3n<\/strong><\/p>\r\n<p data-start=\"1341\" data-end=\"1378\">Utilizamos la informaci\u00f3n que recopilamos para:<\/p>\r\n<ul data-start=\"1379\" data-end=\"1729\">\r\n<li data-start=\"1379\" data-end=\"1437\">\r\n<p data-start=\"1381\" data-end=\"1437\">Procesar sus pedidos y prestarle los servicios que solicite.<\/p>\r\n<\/li>\r\n<li data-start=\"1438\" data-end=\"1553\">\r\n<p data-start=\"1440\" data-end=\"1553\">Comunicarnos con usted, incluyendo el env\u00edo de confirmaciones de pedidos, actualizaciones y ofertas promocionales (si ha dado su consentimiento).<\/p>\r\n<\/li>\r\n<li data-start=\"1554\" data-end=\"1625\">\r\n<p data-start=\"1556\" data-end=\"1625\">Mejorar nuestro sitio web y nuestros servicios, bas\u00e1ndonos en los comentarios y el comportamiento de los usuarios.<\/p>\r\n<\/li>\r\n<li data-start=\"1626\" data-end=\"1689\">\r\n<p data-start=\"1628\" data-end=\"1689\">Proteja contra el fraude y garantice la seguridad de las transacciones.<\/p>\r\n<\/li>\r\n<li data-start=\"1690\" data-end=\"1729\">\r\n<p data-start=\"1692\" data-end=\"1729\">Responder a las consultas del servicio de atenci\u00f3n al cliente.<\/p>\r\n<\/li>\r\n<\/ul>\r\n<p data-start=\"1731\" data-end=\"1762\"><strong data-start=\"1731\" data-end=\"1762\">3. Compartir su informaci\u00f3n<\/strong><\/p>\r\n<p data-start=\"1764\" data-end=\"1932\">No vendemos, intercambiamos ni alquilamos su informaci\u00f3n personal a terceros. Sin embargo, podemos compartir su informaci\u00f3n con terceros de confianza para los siguientes fines:<\/p>\r\n<ul data-start=\"1933\" data-end=\"2389\">\r\n<li data-start=\"1933\" data-end=\"2094\">\r\n<p data-start=\"1935\" data-end=\"2094\"><strong data-start=\"1935\" data-end=\"1958\">Procesamiento de pagos:<\/strong> Compartimos sus datos de pago con procesadores de pagos externos (por ejemplo, PayPal, procesadores de tarjetas de cr\u00e9dito) para completar sus transacciones.<\/p>\r\n<\/li>\r\n<li data-start=\"2095\" data-end=\"2247\">\r\n<p data-start=\"2097\" data-end=\"2247\"><strong data-start=\"2097\" data-end=\"2123\">Env\u00edo y entrega:<\/strong> Podemos compartir su informaci\u00f3n de env\u00edo con servicios de entrega externos (por ejemplo, empresas de mensajer\u00eda) para completar sus pedidos.<\/p>\r\n<\/li>\r\n<li data-start=\"2248\" data-end=\"2389\">\r\n<p data-start=\"2250\" data-end=\"2389\"><strong data-start=\"2250\" data-end=\"2271\">Cumplimiento legal:<\/strong> Podemos divulgar su informaci\u00f3n para cumplir con obligaciones legales, proteger nuestros derechos o responder a una solicitud legal.<\/p>\r\n<\/li>\r\n<\/ul>\r\n<p data-start=\"2391\" data-end=\"2411\"><strong data-start=\"2391\" data-end=\"2411\">4. Seguridad de los datos<\/strong><\/p>\r\n<p data-start=\"2413\" data-end=\"2670\">Implementamos medidas administrativas, t\u00e9cnicas y f\u00edsicas razonables para proteger su informaci\u00f3n personal. Sin embargo, ning\u00fan m\u00e9todo de transmisi\u00f3n de datos a trav\u00e9s de Internet o almacenamiento electr\u00f3nico es completamente seguro, y no podemos garantizar una seguridad absoluta.<\/p>\r\n<p data-start=\"2672\" data-end=\"2712\"><strong data-start=\"2672\" data-end=\"2712\">5. Cookies y tecnolog\u00edas de seguimiento<\/strong><\/p>\r\n<p data-start=\"2714\" data-end=\"2996\">Nuestro sitio web utiliza cookies y tecnolog\u00edas similares para mejorar su experiencia de usuario, analizar el tr\u00e1fico del sitio web y adaptar el contenido a sus preferencias. Puede optar por desactivar las cookies a trav\u00e9s de la configuraci\u00f3n de su navegador, pero esto puede afectar a su capacidad para utilizar algunas funciones de nuestro sitio web.<\/p>\r\n<p data-start=\"2998\" data-end=\"3022\"><strong data-start=\"2998\" data-end=\"3022\">6. Enlaces de terceros<\/strong><\/p>\r\n<p data-start=\"3024\" data-end=\"3269\">Nuestro sitio web puede contener enlaces a sitios web de terceros que no son operados por nosotros. No nos hacemos responsables del contenido ni de las pr\u00e1cticas de privacidad de dichos sitios web. Le recomendamos que revise las pol\u00edticas de privacidad de cualquier sitio de terceros que visite.<\/p>\r\n<p data-start=\"3271\" data-end=\"3296\"><strong data-start=\"3271\" data-end=\"3296\">7. Privacidad infantil<\/strong><\/p>\r\n<p data-start=\"3298\" data-end=\"3578\">Nuestros servicios no est\u00e1n destinados a ni\u00f1os menores de 13 a\u00f1os. No recopilamos ni solicitamos deliberadamente informaci\u00f3n personal de ni\u00f1os menores de 13 a\u00f1os. Si nos damos cuenta de que hemos recopilado informaci\u00f3n personal de un ni\u00f1o menor de 13 a\u00f1os, tomaremos medidas para eliminar dicha informaci\u00f3n.<\/p>\r\n<p data-start=\"3580\" data-end=\"3610\"><strong data-start=\"3580\" data-end=\"3610\">8. Sus derechos y opciones<\/strong><\/p>\r\n<p data-start=\"3612\" data-end=\"3902\">Tienes derecho a acceder, corregir o eliminar tu informaci\u00f3n personal. Tambi\u00e9n puedes optar por no recibir correos electr\u00f3nicos de marketing siguiendo el enlace para cancelar la suscripci\u00f3n que aparece en nuestras comunicaciones. Si tienes alguna pregunta sobre tu informaci\u00f3n personal, ponte en contacto con nosotros en <a class=\"\" href=\"mailto:service@fengshuixinyu.com\" rel=\"noopener\" data-start=\"3876\" data-end=\"3901\">service@fengshuixinyu.com<\/a>.<\/p>\r\n<p data-start=\"3904\" data-end=\"3941\"><strong data-start=\"3904\" data-end=\"3941\">9. Cambios en esta Pol\u00edtica de privacidad<\/strong><\/p>\r\n<p data-start=\"3943\" data-end=\"4130\">Podemos actualizar esta Pol\u00edtica de privacidad peri\u00f3dicamente. Cualquier cambio se publicar\u00e1 en esta p\u00e1gina con una \u201cFecha de entrada en vigor\u201d actualizada. Le recomendamos que revise esta Pol\u00edtica de privacidad peri\u00f3dicamente.<\/p>\r\n<p data-start=\"4132\" data-end=\"4150\"><strong data-start=\"4132\" data-end=\"4150\">10. Cont\u00e1ctenos<\/strong><\/p>\r\n<p data-start=\"4152\" data-end=\"4260\">Si tiene alguna pregunta o duda sobre esta Pol\u00edtica de privacidad o nuestras pr\u00e1cticas en materia de datos, p\u00f3ngase en contacto con nosotros en:<\/p>\r\n<p data-start=\"4262\" data-end=\"4323\">Correo electr\u00f3nico: <a class=\"\" href=\"mailto:service@fengshuixinyu.com\" rel=\"noopener\" data-start=\"4269\" data-end=\"4294\">service@fengshuixinyu.com<\/a><br data-start=\"4294\" data-end=\"4297\" \/>Sitio web: fengshuixinyu.com<\/p>","protected":false},"excerpt":{"rendered":"<p>At fengshuixinyu.com, your privacy is of paramount importance to us. This Privacy Policy explains how we collect, use, disclose, and<\/p>","protected":false},"author":1,"featured_media":0,"parent":0,"menu_order":0,"comment_status":"closed","ping_status":"open","template":"","meta":{"_joinchat":[],"footnotes":""},"class_list":["post-3","page","type-page","status-publish","hentry"],"_links":{"self":[{"href":"https:\/\/fengshuixinyu.com\/es\/wp-json\/wp\/v2\/pages\/3","targetHints":{"allow":["GET"]}}],"collection":[{"href":"https:\/\/fengshuixinyu.com\/es\/wp-json\/wp\/v2\/pages"}],"about":[{"href":"https:\/\/fengshuixinyu.com\/es\/wp-json\/wp\/v2\/types\/page"}],"author":[{"embeddable":true,"href":"https:\/\/fengshuixinyu.com\/es\/wp-json\/wp\/v2\/users\/1"}],"replies":[{"embeddable":true,"href":"https:\/\/fengshuixinyu.com\/es\/wp-json\/wp\/v2\/comments?post=3"}],"version-history":[{"count":6,"href":"https:\/\/fengshuixinyu.com\/es\/wp-json\/wp\/v2\/pages\/3\/revisions"}],"predecessor-version":[{"id":30335,"href":"https:\/\/fengshuixinyu.com\/es\/wp-json\/wp\/v2\/pages\/3\/revisions\/30335"}],"wp:attachment":[{"href":"https:\/\/fengshuixinyu.com\/es\/wp-json\/wp\/v2\/media?parent=3"}],"curies":[{"name":"wp","href":"https:\/\/api.w.org\/{rel}","templated":true}]}}