{"id":30151,"date":"2025-11-17T09:09:43","date_gmt":"2025-11-17T09:09:43","guid":{"rendered":"https:\/\/fengshuixinyu.com\/?page_id=30151"},"modified":"2025-11-20T06:14:55","modified_gmt":"2025-11-20T06:14:55","slug":"terms-conditions","status":"publish","type":"page","link":"https:\/\/fengshuixinyu.com\/es\/terms-conditions\/","title":{"rendered":"Condiciones generales"},"content":{"rendered":"<p data-start=\"323\" data-end=\"532\">Bienvenido a <strong data-start=\"334\" data-end=\"355\">fengshuixinyu.com<\/strong>. Al utilizar nuestro sitio web, realizar compras o contratar nuestros servicios, usted acepta cumplir y estar sujeto a los siguientes T\u00e9rminos y condiciones. L\u00e9alos atentamente.<\/p>\n<p data-start=\"534\" data-end=\"560\"><strong data-start=\"534\" data-end=\"560\">1. Informaci\u00f3n general<\/strong><\/p>\n<ul data-start=\"562\" data-end=\"882\">\n<li data-start=\"562\" data-end=\"753\">\n<p data-start=\"564\" data-end=\"753\"><strong data-start=\"564\" data-end=\"574\">Propietario:<\/strong> Los servicios prestados en este sitio web son operados por <strong data-start=\"629\" data-end=\"650\">fengshuixinyu.com<\/strong>. A los efectos de los presentes T\u00e9rminos y condiciones, \u201cnosotros\u201d, \u201cnos\u201d y \u201cnuestro\u201d se refieren a <strong data-start=\"731\" data-end=\"752\">fengshuixinyu.com<\/strong>.<\/p>\n<\/li>\n<li data-start=\"754\" data-end=\"882\">\n<p data-start=\"756\" data-end=\"882\"><strong data-start=\"756\" data-end=\"775\">Acceso al sitio web:<\/strong> Usted acepta utilizar nuestro sitio web \u00fanicamente con fines legales y de conformidad con estos T\u00e9rminos y condiciones.<\/p>\n<\/li>\n<\/ul>\n<p data-start=\"884\" data-end=\"910\"><strong data-start=\"884\" data-end=\"910\">2. Informaci\u00f3n sobre el producto<\/strong><\/p>\n<ul data-start=\"912\" data-end=\"1430\">\n<li data-start=\"912\" data-end=\"1258\">\n<p data-start=\"914\" data-end=\"1258\"><strong data-start=\"914\" data-end=\"939\">Descripciones de los productos:<\/strong> Hacemos todo lo posible por describir y mostrar con precisi\u00f3n los productos disponibles en nuestro sitio web, incluidos fondos de pantalla tao\u00edstas para m\u00f3viles, rituales tao\u00edstas, servicios de adivinaci\u00f3n, amuletos tao\u00edstas y joyas energ\u00e9ticas. Sin embargo, no garantizamos que las descripciones de los productos u otros contenidos est\u00e9n libres de errores, sean completos o est\u00e9n actualizados.<\/p>\n<\/li>\n<li data-start=\"1259\" data-end=\"1430\">\n<p data-start=\"1261\" data-end=\"1430\"><strong data-start=\"1261\" data-end=\"1278\">Disponibilidad:<\/strong> Todos los productos est\u00e1n sujetos a disponibilidad. Nos reservamos el derecho de limitar las cantidades, cancelar pedidos o rechazar el servicio a cualquier cliente a nuestra discreci\u00f3n.<\/p>\n<\/li>\n<\/ul>\n<p data-start=\"1432\" data-end=\"1460\"><strong data-start=\"1432\" data-end=\"1460\">3. Pedidos y pagos<\/strong><\/p>\n<ul data-start=\"1462\" data-end=\"2355\">\n<li data-start=\"1462\" data-end=\"1726\">\n<p data-start=\"1464\" data-end=\"1726\"><strong data-start=\"1464\" data-end=\"1482\">Proceso de pedido:<\/strong> Para realizar un pedido, debe proporcionar informaci\u00f3n precisa y completa, incluyendo su nombre, datos de contacto e informaci\u00f3n de pago. Al enviar un pedido, est\u00e1 realizando una oferta para comprar los art\u00edculos especificados, sujeta a nuestra aceptaci\u00f3n.<\/p>\n<\/li>\n<li data-start=\"1727\" data-end=\"1924\">\n<p data-start=\"1729\" data-end=\"1924\"><strong data-start=\"1729\" data-end=\"1741\">Pago:<\/strong> Aceptamos pagos con tarjetas de cr\u00e9dito\/d\u00e9bito, PayPal y otros m\u00e9todos especificados en nuestro sitio web. Todos los pagos se procesan de forma segura y no almacenamos directamente sus datos de pago.<\/p>\n<\/li>\n<li data-start=\"1925\" data-end=\"2120\">\n<p data-start=\"1927\" data-end=\"2120\"><strong data-start=\"1927\" data-end=\"1939\">Precios:<\/strong> Todos los precios se indican en la moneda especificada en nuestro sitio web y est\u00e1n sujetos a cambios sin previo aviso. Es posible que se apliquen impuestos adicionales, gastos de env\u00edo y otros cargos a su pedido.<\/p>\n<\/li>\n<li data-start=\"2121\" data-end=\"2355\">\n<p data-start=\"2123\" data-end=\"2355\"><strong data-start=\"2123\" data-end=\"2146\">Confirmaci\u00f3n del pedido:<\/strong> Recibir\u00e1 un correo electr\u00f3nico de confirmaci\u00f3n una vez que haya realizado su pedido. Esto no constituye la aceptaci\u00f3n de su pedido. Nos reservamos el derecho de cancelar o rechazar pedidos a nuestra discreci\u00f3n, incluso despu\u00e9s de la confirmaci\u00f3n.<\/p>\n<\/li>\n<\/ul>\n<p data-start=\"2357\" data-end=\"2385\"><strong data-start=\"2357\" data-end=\"2385\">4. Env\u00edo y entrega<\/strong><\/p>\n<ul data-start=\"2387\" data-end=\"2822\">\n<li data-start=\"2387\" data-end=\"2583\">\n<p data-start=\"2389\" data-end=\"2583\"><strong data-start=\"2389\" data-end=\"2402\">Env\u00edo:<\/strong> Haremos todo lo posible por entregar los productos dentro del plazo especificado en el sitio web. Los plazos de entrega pueden variar en funci\u00f3n de su ubicaci\u00f3n y del m\u00e9todo de env\u00edo seleccionado.<\/p>\n<\/li>\n<li data-start=\"2584\" data-end=\"2712\">\n<p data-start=\"2586\" data-end=\"2712\"><strong data-start=\"2586\" data-end=\"2607\">Gastos de env\u00edo:<\/strong> Los gastos de env\u00edo se calculan al finalizar la compra y dependen del tama\u00f1o, el peso y el destino de tu pedido.<\/p>\n<\/li>\n<li data-start=\"2713\" data-end=\"2822\">\n<p data-start=\"2715\" data-end=\"2822\"><strong data-start=\"2715\" data-end=\"2735\">Retrasos en la entrega:<\/strong> No nos hacemos responsables de los retrasos causados por las empresas de transporte o por factores externos.<\/p>\n<\/li>\n<\/ul>\n<p data-start=\"2824\" data-end=\"2847\"><strong data-start=\"2824\" data-end=\"2847\">5. Productos virtuales<\/strong><\/p>\n<ul data-start=\"2849\" data-end=\"3333\">\n<li data-start=\"2849\" data-end=\"3124\">\n<p data-start=\"2851\" data-end=\"3124\"><strong data-start=\"2851\" data-end=\"2873\">Descargas digitales:<\/strong> Si compra productos virtuales, como fondos de pantalla tao\u00edstas, rituales o servicios de adivinaci\u00f3n, se le proporcionar\u00e1 acceso para descargar o utilizar estos productos a trav\u00e9s del sitio web. Estos productos no son reembolsables una vez completada la transacci\u00f3n.<\/p>\n<\/li>\n<li data-start=\"3125\" data-end=\"3333\">\n<p data-start=\"3127\" data-end=\"3333\"><strong data-start=\"3127\" data-end=\"3155\">Uso de productos virtuales:<\/strong> Se le concede una licencia no exclusiva e intransferible para utilizar los productos digitales \u00fanicamente para uso personal. Queda prohibida la reproducci\u00f3n, reventa o distribuci\u00f3n de los productos digitales.<\/p>\n<\/li>\n<\/ul>\n<p data-start=\"3335\" data-end=\"3361\"><strong data-start=\"3335\" data-end=\"3361\">6. Devoluciones y reembolsos<\/strong><\/p>\n<ul data-start=\"3363\" data-end=\"3774\">\n<li data-start=\"3363\" data-end=\"3616\">\n<p data-start=\"3365\" data-end=\"3616\"><strong data-start=\"3365\" data-end=\"3387\">Productos f\u00edsicos:<\/strong> Puede devolver los productos f\u00edsicos en un plazo de [insertar n\u00famero de d\u00edas, por ejemplo, 30 d\u00edas] a partir de la recepci\u00f3n de su pedido, siempre que los art\u00edculos no hayan sido utilizados y se encuentren en su estado original. Los gastos de env\u00edo de la devoluci\u00f3n correr\u00e1n a cargo del cliente.<\/p>\n<\/li>\n<li data-start=\"3617\" data-end=\"3774\">\n<p data-start=\"3619\" data-end=\"3774\"><strong data-start=\"3619\" data-end=\"3640\">Productos virtuales:<\/strong> Debido a la naturaleza de los productos virtuales, todas las ventas de productos digitales (incluidas las descargas y los servicios) son definitivas y no reembolsables.<\/p>\n<\/li>\n<\/ul>\n<p data-start=\"3776\" data-end=\"3799\"><strong data-start=\"3776\" data-end=\"3799\">7. Seguridad de la cuenta<\/strong><\/p>\n<ul data-start=\"3801\" data-end=\"4156\">\n<li data-start=\"3801\" data-end=\"3992\">\n<p data-start=\"3803\" data-end=\"3992\"><strong data-start=\"3803\" data-end=\"3830\">Responsabilidad de la cuenta:<\/strong> Usted es responsable de mantener la confidencialidad de su cuenta y contrase\u00f1a. Usted acepta notificarnos inmediatamente cualquier uso no autorizado de su cuenta.<\/p>\n<\/li>\n<li data-start=\"3993\" data-end=\"4156\">\n<p data-start=\"3995\" data-end=\"4156\"><strong data-start=\"3995\" data-end=\"4018\">Suspensi\u00f3n de la cuenta:<\/strong> Nos reservamos el derecho de suspender o cancelar su cuenta si sospechamos que existe actividad fraudulenta o si usted incumple estos T\u00e9rminos y condiciones.<\/p>\n<\/li>\n<\/ul>\n<p data-start=\"4158\" data-end=\"4188\"><strong data-start=\"4158\" data-end=\"4188\">8. Limitaci\u00f3n de responsabilidad<\/strong><\/p>\n<ul data-start=\"4190\" data-end=\"4636\">\n<li data-start=\"4190\" data-end=\"4440\">\n<p data-start=\"4192\" data-end=\"4440\"><strong data-start=\"4192\" data-end=\"4221\">Exenci\u00f3n de responsabilidad de garant\u00edas:<\/strong> Nuestro sitio web y nuestros servicios se proporcionan \u201ctal cual\u201d, sin garant\u00edas de ning\u00fan tipo, ya sean expresas o impl\u00edcitas. No garantizamos que el sitio web est\u00e9 libre de errores, que funcione de forma ininterrumpida o que est\u00e9 libre de virus u otros componentes da\u00f1inos.<\/p>\n<\/li>\n<li data-start=\"4441\" data-end=\"4636\">\n<p data-start=\"4443\" data-end=\"4636\"><strong data-start=\"4443\" data-end=\"4471\">Limitaci\u00f3n de responsabilidad:<\/strong> En ning\u00fan caso seremos responsables de ning\u00fan da\u00f1o indirecto, incidental o consecuente que se derive del uso o la imposibilidad de usar nuestro sitio web, nuestros productos o nuestros servicios.<\/p>\n<\/li>\n<\/ul>\n<p data-start=\"4638\" data-end=\"4666\"><strong data-start=\"4638\" data-end=\"4666\">9. Propiedad intelectual<\/strong><\/p>\n<ul data-start=\"4668\" data-end=\"5111\">\n<li data-start=\"4668\" data-end=\"4856\">\n<p data-start=\"4670\" data-end=\"4856\"><strong data-start=\"4670\" data-end=\"4684\">Propiedad:<\/strong> Todo el contenido del sitio web, incluyendo texto, gr\u00e1ficos, logotipos, im\u00e1genes y software, es propiedad de <strong data-start=\"4787\" data-end=\"4808\">fengshuixinyu.com<\/strong> y est\u00e1 protegido por las leyes de propiedad intelectual.<\/p>\n<\/li>\n<li data-start=\"4857\" data-end=\"5111\">\n<p data-start=\"4859\" data-end=\"5111\"><strong data-start=\"4859\" data-end=\"4878\">Licencia de uso:<\/strong> Se le concede una licencia limitada e intransferible para acceder y utilizar el sitio web \u00fanicamente para uso personal. No podr\u00e1 reproducir, distribuir, modificar ni explotar de ning\u00fan otro modo ning\u00fan contenido del sitio web sin nuestro consentimiento previo por escrito.<\/p>\n<\/li>\n<\/ul>\n<p data-start=\"5113\" data-end=\"5148\"><strong data-start=\"5113\" data-end=\"5148\">10. Privacidad y protecci\u00f3n de datos<\/strong><\/p>\n<p data-start=\"5150\" data-end=\"5261\">Consulte nuestro <a class=\"\" href=\"https:\/\/fengshuixinyu.com\/es\/privacy-policy\/\" rel=\"noopener\" data-start=\"5170\" data-end=\"5189\">Pol\u00edtica de privacidad<\/a> para obtener informaci\u00f3n sobre c\u00f3mo recopilamos, utilizamos y protegemos sus datos personales.<\/p>\n<p data-start=\"5263\" data-end=\"5307\"><strong data-start=\"5263\" data-end=\"5307\">11. Legislaci\u00f3n aplicable y resoluci\u00f3n de disputas<\/strong><\/p>\n<ul data-start=\"5309\" data-end=\"5712\">\n<li data-start=\"5309\" data-end=\"5475\">\n<p data-start=\"5311\" data-end=\"5475\"><strong data-start=\"5311\" data-end=\"5329\">Legislaci\u00f3n aplicable:<\/strong> Estos T\u00e9rminos y condiciones se rigen por las leyes de [inserte la jurisdicci\u00f3n, por ejemplo, la Rep\u00fablica Popular China o su jurisdicci\u00f3n espec\u00edfica].<\/p>\n<\/li>\n<li data-start=\"5476\" data-end=\"5712\">\n<p data-start=\"5478\" data-end=\"5712\"><strong data-start=\"5478\" data-end=\"5501\">Resoluci\u00f3n de disputas:<\/strong> Cualquier disputa que surja de o est\u00e9 relacionada con estos T\u00e9rminos y condiciones se resolver\u00e1 mediante arbitraje vinculante en [insertar ubicaci\u00f3n], y usted acepta someterse a la jurisdicci\u00f3n de los tribunales de dicha ubicaci\u00f3n.<\/p>\n<\/li>\n<\/ul>\n<p data-start=\"5714\" data-end=\"5759\"><strong data-start=\"5714\" data-end=\"5759\">12. Modificaciones de estos T\u00e9rminos y condiciones<\/strong><\/p>\n<p data-start=\"5761\" data-end=\"6017\">Nos reservamos el derecho de modificar, actualizar o cambiar estos T\u00e9rminos y condiciones en cualquier momento. Cualquier cambio se publicar\u00e1 en esta p\u00e1gina con una \u201cFecha de entrada en vigor\u201d actualizada. Al continuar utilizando el sitio web, usted acepta quedar vinculado por los T\u00e9rminos y condiciones actualizados.<\/p>\n<p data-start=\"6019\" data-end=\"6037\"><strong data-start=\"6019\" data-end=\"6037\">13. Cont\u00e1ctenos<\/strong><\/p>\n<p data-start=\"6039\" data-end=\"6132\">Si tiene alguna pregunta o duda sobre estos T\u00e9rminos y condiciones, p\u00f3ngase en contacto con nosotros en:<\/p>\n<p data-start=\"6134\" data-end=\"6195\">Correo electr\u00f3nico: <a class=\"\" href=\"mailto:service@fengshuixinyu.com\" rel=\"noopener\" data-start=\"6141\" data-end=\"6166\">service@fengshuixinyu.com<\/a><br data-start=\"6166\" data-end=\"6169\" \/>Sitio web: fengshuixinyu.com<\/p>","protected":false},"excerpt":{"rendered":"<p>Welcome to fengshuixinyu.com. By using our website, making purchases, or engaging with our services, you agree to comply with and<\/p>","protected":false},"author":1,"featured_media":0,"parent":0,"menu_order":0,"comment_status":"closed","ping_status":"closed","template":"","meta":{"_joinchat":[],"footnotes":""},"class_list":["post-30151","page","type-page","status-publish","hentry"],"_links":{"self":[{"href":"https:\/\/fengshuixinyu.com\/es\/wp-json\/wp\/v2\/pages\/30151","targetHints":{"allow":["GET"]}}],"collection":[{"href":"https:\/\/fengshuixinyu.com\/es\/wp-json\/wp\/v2\/pages"}],"about":[{"href":"https:\/\/fengshuixinyu.com\/es\/wp-json\/wp\/v2\/types\/page"}],"author":[{"embeddable":true,"href":"https:\/\/fengshuixinyu.com\/es\/wp-json\/wp\/v2\/users\/1"}],"replies":[{"embeddable":true,"href":"https:\/\/fengshuixinyu.com\/es\/wp-json\/wp\/v2\/comments?post=30151"}],"version-history":[{"count":4,"href":"https:\/\/fengshuixinyu.com\/es\/wp-json\/wp\/v2\/pages\/30151\/revisions"}],"predecessor-version":[{"id":30336,"href":"https:\/\/fengshuixinyu.com\/es\/wp-json\/wp\/v2\/pages\/30151\/revisions\/30336"}],"wp:attachment":[{"href":"https:\/\/fengshuixinyu.com\/es\/wp-json\/wp\/v2\/media?parent=30151"}],"curies":[{"name":"wp","href":"https:\/\/api.w.org\/{rel}","templated":true}]}}