{"id":30156,"date":"2025-11-17T09:25:03","date_gmt":"2025-11-17T09:25:03","guid":{"rendered":"https:\/\/fengshuixinyu.com\/?page_id=30156"},"modified":"2025-11-20T06:35:56","modified_gmt":"2025-11-20T06:35:56","slug":"cookie-policy","status":"publish","type":"page","link":"https:\/\/fengshuixinyu.com\/es\/cookie-policy\/","title":{"rendered":"Pol\u00edtica de cookies"},"content":{"rendered":"<p data-start=\"488\" data-end=\"788\">Esta Pol\u00edtica de cookies explica c\u00f3mo <strong data-start=\"520\" data-end=\"541\">fengshuixinyu.com<\/strong> (\u201cnosotros\u201d, \u201cnos\u201d o \u201cnuestro\u201d) utiliza cookies y tecnolog\u00edas similares en nuestro sitio web para mejorar su experiencia de usuario, analizar el rendimiento del sitio web y mejorar nuestros servicios. Al utilizar nuestro sitio web, usted acepta el uso de cookies tal y como se describe en esta pol\u00edtica.<\/p>\n<p data-start=\"790\" data-end=\"814\"><strong data-start=\"790\" data-end=\"814\">1. \u00bfQu\u00e9 son las cookies?<\/strong><\/p>\n<p data-start=\"816\" data-end=\"1102\">Las cookies son peque\u00f1os archivos de texto que se almacenan en su dispositivo (ordenador, tableta, smartphone) cuando visita un sitio web. Las cookies permiten que el sitio web recuerde sus preferencias, acciones o datos de inicio de sesi\u00f3n a lo largo del tiempo. Tambi\u00e9n pueden utilizarse para rastrear su comportamiento de navegaci\u00f3n y su actividad en el sitio web.<\/p>\n<p data-start=\"1104\" data-end=\"1134\"><strong data-start=\"1104\" data-end=\"1134\">2. Tipos de cookies que utilizamos<\/strong><\/p>\n<p data-start=\"1136\" data-end=\"1189\">En nuestro sitio web utilizamos los siguientes tipos de cookies:<\/p>\n<ul data-start=\"1191\" data-end=\"2713\">\n<li data-start=\"1191\" data-end=\"1453\">\n<p data-start=\"1193\" data-end=\"1453\"><strong data-start=\"1193\" data-end=\"1215\">Cookies esenciales:<\/strong> Estas cookies son necesarias para el correcto funcionamiento de nuestro sitio web. Permiten funciones b\u00e1sicas como la navegaci\u00f3n por las p\u00e1ginas, el acceso a \u00e1reas seguras y la gesti\u00f3n del carrito de la compra. Sin estas cookies, es posible que nuestro sitio web no funcione correctamente.<\/p>\n<\/li>\n<li data-start=\"1457\" data-end=\"2264\">\n<p data-start=\"1459\" data-end=\"1775\"><strong data-start=\"1459\" data-end=\"1481\">Cookies anal\u00edticas:<\/strong> Estas cookies recopilan informaci\u00f3n sobre c\u00f3mo los visitantes utilizan nuestro sitio web. Por ejemplo, nos ayudan a comprender qu\u00e9 p\u00e1ginas se visitan con m\u00e1s frecuencia y a realizar un seguimiento del rendimiento del sitio. Esta informaci\u00f3n nos ayuda a mejorar la estructura y el contenido del sitio. Utilizamos <strong data-start=\"1737\" data-end=\"1757\">Google Analytics<\/strong> para este fin.<\/p>\n<ul data-start=\"1781\" data-end=\"2121\">\n<li data-start=\"1781\" data-end=\"2116\">\n<p data-start=\"1783\" data-end=\"2116\"><strong data-start=\"1783\" data-end=\"1804\">Google Analytics:<\/strong> Google Analytics es un servicio de an\u00e1lisis web que rastrea e informa sobre el tr\u00e1fico de los sitios web. Utiliza cookies para recopilar informaci\u00f3n sobre c\u00f3mo los visitantes utilizan nuestro sitio (como la direcci\u00f3n IP, el tipo de navegador y las p\u00e1ginas visitadas). Los datos se agregan y se anonimizan para ayudarnos a analizar el uso del sitio y mejorar la experiencia del usuario.<\/p>\n<\/li>\n<\/ul>\n<p data-start=\"2126\" data-end=\"2264\">Para obtener m\u00e1s informaci\u00f3n sobre c\u00f3mo utiliza Google Analytics las cookies, consulte su <a class=\"\" href=\"https:\/\/policies.google.com\/privacy\" target=\"_new\" rel=\"noopener\" data-start=\"2210\" data-end=\"2263\">pol\u00edtica de privacidad<\/a>.<\/p>\n<\/li>\n<li data-start=\"2266\" data-end=\"2457\">\n<p data-start=\"2268\" data-end=\"2457\"><strong data-start=\"2268\" data-end=\"2294\">Cookies de funcionalidad:<\/strong> Estas cookies nos permiten recordar sus preferencias (como el idioma o la regi\u00f3n) y ofrecerle funciones personalizadas, mejorando as\u00ed su experiencia general en el sitio web.<\/p>\n<\/li>\n<li data-start=\"2461\" data-end=\"2713\">\n<p data-start=\"2463\" data-end=\"2713\"><strong data-start=\"2463\" data-end=\"2487\">Cookies publicitarias:<\/strong> Podemos utilizar cookies de anunciantes externos para mostrarle anuncios relevantes basados en sus h\u00e1bitos de navegaci\u00f3n. Estas cookies rastrean su actividad en diferentes sitios web y pueden utilizarse para mostrar anuncios personalizados.<\/p>\n<\/li>\n<\/ul>\n<p data-start=\"2715\" data-end=\"2740\"><strong data-start=\"2715\" data-end=\"2740\">3. C\u00f3mo utilizamos las cookies<\/strong><\/p>\n<ul data-start=\"2742\" data-end=\"2987\">\n<li data-start=\"2742\" data-end=\"2785\">\n<p data-start=\"2744\" data-end=\"2785\">Para recordar tus preferencias y ajustes.<\/p>\n<\/li>\n<li data-start=\"2786\" data-end=\"2853\">\n<p data-start=\"2788\" data-end=\"2853\">Analizar el tr\u00e1fico y el rendimiento del sitio web utilizando Google Analytics.<\/p>\n<\/li>\n<li data-start=\"2854\" data-end=\"2921\">\n<p data-start=\"2856\" data-end=\"2921\">Para personalizar el contenido y los anuncios en funci\u00f3n de tus intereses.<\/p>\n<\/li>\n<li data-start=\"2922\" data-end=\"2987\">\n<p data-start=\"2924\" data-end=\"2987\">Para mejorar la funcionalidad y la experiencia del usuario en nuestro sitio web.<\/p>\n<\/li>\n<\/ul>\n<p data-start=\"2989\" data-end=\"3012\"><strong data-start=\"2989\" data-end=\"3012\">4. Gesti\u00f3n de cookies<\/strong><\/p>\n<p data-start=\"3014\" data-end=\"3297\">Tienes la opci\u00f3n de aceptar o rechazar las cookies. La mayor\u00eda de los navegadores aceptan autom\u00e1ticamente las cookies, pero puedes modificar la configuraci\u00f3n de tu navegador para rechazarlas si lo prefieres. Ten en cuenta que desactivar ciertas cookies puede afectar a tu experiencia en nuestro sitio web y limitar algunas funcionalidades.<\/p>\n<ul data-start=\"3299\" data-end=\"3889\">\n<li data-start=\"3299\" data-end=\"3593\">\n<p data-start=\"3301\" data-end=\"3593\"><strong data-start=\"3301\" data-end=\"3322\">Configuraci\u00f3n del navegador:<\/strong> Puede cambiar la configuraci\u00f3n de su navegador para bloquear las cookies o eliminarlas de su dispositivo. El proceso para gestionar las cookies variar\u00e1 en funci\u00f3n del navegador que utilice. Puede encontrar m\u00e1s informaci\u00f3n sobre la configuraci\u00f3n de las cookies en el sitio web oficial del proveedor de su navegador.<\/p>\n<\/li>\n<li data-start=\"3595\" data-end=\"3889\">\n<p data-start=\"3597\" data-end=\"3889\"><strong data-start=\"3597\" data-end=\"3629\">Exclusi\u00f3n voluntaria de Google Analytics:<\/strong> Si prefiere que Google Analytics no realice un seguimiento de su actividad, puede instalar la <a class=\"\" href=\"https:\/\/tools.google.com\/dlpage\/gaoptout\" target=\"_new\" rel=\"noopener\" data-start=\"3719\" data-end=\"3802\">Complemento de inhabilitaci\u00f3n para navegadores de Google Analytics<\/a>. Este complemento impide que Google Analytics recopile datos sobre las visitas a su sitio web.<\/p>\n<\/li>\n<\/ul>\n<p data-start=\"3891\" data-end=\"3917\"><strong data-start=\"3891\" data-end=\"3917\">5. Cookies de terceros<\/strong><\/p>\n<p data-start=\"3919\" data-end=\"4123\">Adem\u00e1s de las cookies que utilizamos, es posible que terceros proveedores de servicios, como Google Analytics, tambi\u00e9n coloquen cookies en su dispositivo. Estas cookies est\u00e1n sujetas a las pol\u00edticas de privacidad de dichos terceros.<\/p>\n<p data-start=\"4125\" data-end=\"4447\">Por ejemplo, Google Analytics puede utilizar cookies para recopilar informaci\u00f3n sobre su actividad en nuestro sitio web. Google puede utilizar estos datos para mostrar anuncios en otros sitios web basados en sus intereses. Para obtener m\u00e1s informaci\u00f3n sobre c\u00f3mo Google recopila y procesa los datos, visite su <a class=\"\" href=\"https:\/\/policies.google.com\/privacy\" target=\"_new\" rel=\"noopener\" data-start=\"4392\" data-end=\"4446\">Privacidad y condiciones<\/a>.<\/p>\n<p data-start=\"4449\" data-end=\"4485\"><strong data-start=\"4449\" data-end=\"4485\">6. Cambios en esta pol\u00edtica de cookies<\/strong><\/p>\n<p data-start=\"4487\" data-end=\"4713\">Podemos actualizar esta Pol\u00edtica de cookies peri\u00f3dicamente. Cualquier cambio se publicar\u00e1 en esta p\u00e1gina con una \u201cFecha de entrada en vigor\u201d actualizada. Le recomendamos que revise esta pol\u00edtica peri\u00f3dicamente para mantenerse informado sobre c\u00f3mo utilizamos las cookies.<\/p>\n<p data-start=\"4715\" data-end=\"4732\"><strong data-start=\"4715\" data-end=\"4732\">7. Cont\u00e1ctenos<\/strong><\/p>\n<p data-start=\"4734\" data-end=\"4829\">Si tiene alguna pregunta sobre esta Pol\u00edtica de cookies o sobre c\u00f3mo utilizamos las cookies, p\u00f3ngase en contacto con nosotros en:<\/p>\n<ul data-start=\"4831\" data-end=\"4902\">\n<li data-start=\"4831\" data-end=\"4869\">\n<p data-start=\"4833\" data-end=\"4869\"><strong data-start=\"4833\" data-end=\"4843\">Correo electr\u00f3nico:<\/strong> <a class=\"\" href=\"mailto:service@fengshuixinyu.com\" rel=\"noopener\" data-start=\"4844\" data-end=\"4869\">service@fengshuixinyu.com<\/a><\/p>\n<\/li>\n<li data-start=\"4870\" data-end=\"4902\">\n<p data-start=\"4872\" data-end=\"4902\"><strong data-start=\"4872\" data-end=\"4884\">Sitio web:<\/strong> fengshuixinyu.com<\/p>\n<\/li>\n<\/ul>","protected":false},"excerpt":{"rendered":"<p>This Cookie Policy explains how fengshuixinyu.com (&#8220;we,&#8221; &#8220;us,&#8221; or &#8220;our&#8221;) uses cookies and similar technologies on our website to improve<\/p>","protected":false},"author":1,"featured_media":0,"parent":0,"menu_order":0,"comment_status":"closed","ping_status":"closed","template":"","meta":{"_joinchat":[],"footnotes":""},"class_list":["post-30156","page","type-page","status-publish","hentry"],"_links":{"self":[{"href":"https:\/\/fengshuixinyu.com\/es\/wp-json\/wp\/v2\/pages\/30156","targetHints":{"allow":["GET"]}}],"collection":[{"href":"https:\/\/fengshuixinyu.com\/es\/wp-json\/wp\/v2\/pages"}],"about":[{"href":"https:\/\/fengshuixinyu.com\/es\/wp-json\/wp\/v2\/types\/page"}],"author":[{"embeddable":true,"href":"https:\/\/fengshuixinyu.com\/es\/wp-json\/wp\/v2\/users\/1"}],"replies":[{"embeddable":true,"href":"https:\/\/fengshuixinyu.com\/es\/wp-json\/wp\/v2\/comments?post=30156"}],"version-history":[{"count":4,"href":"https:\/\/fengshuixinyu.com\/es\/wp-json\/wp\/v2\/pages\/30156\/revisions"}],"predecessor-version":[{"id":30339,"href":"https:\/\/fengshuixinyu.com\/es\/wp-json\/wp\/v2\/pages\/30156\/revisions\/30339"}],"wp:attachment":[{"href":"https:\/\/fengshuixinyu.com\/es\/wp-json\/wp\/v2\/media?parent=30156"}],"curies":[{"name":"wp","href":"https:\/\/api.w.org\/{rel}","templated":true}]}}