{"id":29521,"date":"2025-11-11T08:08:46","date_gmt":"2025-11-11T08:08:46","guid":{"rendered":"https:\/\/fengshuixinyu.com\/?post_type=product&#038;p=29521"},"modified":"2026-02-03T00:49:46","modified_gmt":"2026-02-03T08:49:46","slug":"career-bazi-consultation","status":"publish","type":"product","link":"https:\/\/fengshuixinyu.com\/es\/product\/career-bazi-consultation\/","title":{"rendered":"Consulta sobre la carrera profesional Bazi"},"content":{"rendered":"<p>Esta consulta le ayuda a identificar obst\u00e1culos, aprovechar sus puntos fuertes y canalizar su energ\u00eda para alcanzar el \u00e9xito profesional.<\/p>\n<p><strong>Lo que descubrir\u00e1s<\/strong><\/p>\n<p>\u2728 Las verdaderas razones detr\u00e1s de los retrasos en la carrera profesional o las oportunidades perdidas.<br \/>\n\u2728 Fortalezas y talentos ocultos que pueden acelerar tu \u00e9xito.<br \/>\n\u2728 Momento oportuno: cu\u00e1ndo actuar, hacer una pausa, cambiar o expandirse para lograr el m\u00e1ximo impacto.<br \/>\n\u2728 Las personas y los entornos que apoyan \u2014o agotan\u2014 tu energ\u00eda profesional.<br \/>\n\u2728 C\u00f3mo influyen los cinco elementos en las decisiones profesionales y el crecimiento profesional<\/p>\n<p><strong>Lo que recibir\u00e1s<\/strong><\/p>\n<p>\u2714 Una consulta personalizada individual basada en tu fecha de nacimiento, hora de nacimiento y lugar de nacimiento.<br \/>\n\u2714 Informaci\u00f3n clara sobre tus puntos fuertes y posibles obst\u00e1culos.<br \/>\n\u2714 Orientaci\u00f3n para cambios de trabajo, ascensos o iniciativas empresariales.<br \/>\n\u2714 Estrategias para armonizar tu energ\u00eda con el fin de progresar y lograr estabilidad en tu carrera profesional.<br \/>\n\u2714 Un informe de seguimiento con recomendaciones pr\u00e1cticas.<\/p>\n<p><strong>Perfecto para<\/strong><\/p>\n<p>\ud83d\udcbc Profesionales que se sienten estancados o que se enfrentan a repetidos retos profesionales.<br \/>\n\ud83d\ude80 Emprendedores que buscan una direcci\u00f3n m\u00e1s clara o un mejor momento para dar pasos empresariales.<br \/>\n\ud83c\udf1f Personas que desean identificar los patrones energ\u00e9ticos que afectan al \u00e9xito.<br \/>\n\ud83c\udfaf Cualquier persona que desee alinear su energ\u00eda personal con su crecimiento profesional.<\/p>\n<p><strong>C\u00f3mo empezar<\/strong><\/p>\n<p>Env\u00ede su fecha de nacimiento, hora de nacimiento y lugar (ciudad, pa\u00eds) de nacimiento.<\/p>\n<p>Reciba una consulta detallada y un informe personalizado que descifra la energ\u00eda de su carrera profesional.<\/p>","protected":false},"excerpt":{"rendered":"<p>Alinea tu camino, libera tu potencial profesional<\/p>\n<p>Tu carrera profesional no solo se gu\u00eda por el esfuerzo, sino que fluye a trav\u00e9s de tu energ\u00eda personal.<br \/>\nLos retrasos, los obst\u00e1culos o los reveses repetidos suelen reflejar energ\u00eda bloqueada, no mala suerte.<\/p>","protected":false},"featured_media":32431,"comment_status":"open","ping_status":"closed","template":"","meta":{"_joinchat":[]},"product_brand":[],"product_cat":[88],"product_tag":[],"class_list":{"0":"post-29521","1":"product","2":"type-product","3":"status-publish","4":"has-post-thumbnail","6":"product_cat-bazi-reading","8":"first","9":"instock","10":"sale","11":"featured","12":"virtual","13":"purchasable","14":"product-type-simple"},"_links":{"self":[{"href":"https:\/\/fengshuixinyu.com\/es\/wp-json\/wp\/v2\/product\/29521","targetHints":{"allow":["GET"]}}],"collection":[{"href":"https:\/\/fengshuixinyu.com\/es\/wp-json\/wp\/v2\/product"}],"about":[{"href":"https:\/\/fengshuixinyu.com\/es\/wp-json\/wp\/v2\/types\/product"}],"replies":[{"embeddable":true,"href":"https:\/\/fengshuixinyu.com\/es\/wp-json\/wp\/v2\/comments?post=29521"}],"version-history":[{"count":6,"href":"https:\/\/fengshuixinyu.com\/es\/wp-json\/wp\/v2\/product\/29521\/revisions"}],"predecessor-version":[{"id":30475,"href":"https:\/\/fengshuixinyu.com\/es\/wp-json\/wp\/v2\/product\/29521\/revisions\/30475"}],"wp:featuredmedia":[{"embeddable":true,"href":"https:\/\/fengshuixinyu.com\/es\/wp-json\/wp\/v2\/media\/32431"}],"wp:attachment":[{"href":"https:\/\/fengshuixinyu.com\/es\/wp-json\/wp\/v2\/media?parent=29521"}],"wp:term":[{"taxonomy":"product_brand","embeddable":true,"href":"https:\/\/fengshuixinyu.com\/es\/wp-json\/wp\/v2\/product_brand?post=29521"},{"taxonomy":"product_cat","embeddable":true,"href":"https:\/\/fengshuixinyu.com\/es\/wp-json\/wp\/v2\/product_cat?post=29521"},{"taxonomy":"product_tag","embeddable":true,"href":"https:\/\/fengshuixinyu.com\/es\/wp-json\/wp\/v2\/product_tag?post=29521"}],"curies":[{"name":"wp","href":"https:\/\/api.w.org\/{rel}","templated":true}]}}