{"id":29530,"date":"2025-11-11T08:12:15","date_gmt":"2025-11-11T08:12:15","guid":{"rendered":"https:\/\/fengshuixinyu.com\/?post_type=product&#038;p=29530"},"modified":"2026-02-03T00:50:14","modified_gmt":"2026-02-03T08:50:14","slug":"a-complete-bazi-consultation","status":"publish","type":"product","link":"https:\/\/fengshuixinyu.com\/es\/product\/a-complete-bazi-consultation\/","title":{"rendered":"Una consulta completa de Bazi"},"content":{"rendered":"<p>Esta lectura descodifica tu energ\u00eda, mostr\u00e1ndote los patrones ocultos que influyen en cada elecci\u00f3n, oportunidad y resultado.<\/p>\n<p><strong>Lo que descubrir\u00e1s:<\/strong><\/p>\n<p>\u2728 Por qu\u00e9 la riqueza llega lentamente... o se escapa<br \/>\n\u2728 Por qu\u00e9 tu carrera profesional avanza, se estanca o cambia de forma inesperada<br \/>\n\u2728 Patrones repetitivos en el amor, el matrimonio y la familia<br \/>\n\u2728 \u00bfQui\u00e9n apoya tu destino y qui\u00e9n debilita silenciosamente tu suerte?<br \/>\n\u2728 C\u00f3mo tus cinco elementos predicen tu pr\u00f3ximo paso decisivo<\/p>\n<p><strong>C\u00f3mo te ayuda esta lectura:<\/strong><\/p>\n<p>\u2714 Descubre tus fortalezas innatas y aprende a utilizarlas.<br \/>\n\u2714 Detenga las fugas de energ\u00eda y elimine los bloqueos ocultos.<br \/>\n\u2714 Encuentra el momento adecuado para actuar, hacer una pausa, expandirte o cambiar de direcci\u00f3n.<br \/>\n\u2714 Entiende qui\u00e9n armoniza con tu energ\u00eda y qui\u00e9n crea conflictos ocultos.<\/p>\n<p><strong>Impacto real:<\/strong><\/p>\n<p>La energ\u00eda puede ser invisible, pero influye directamente en tu vida.<br \/>\nLas personas exitosas consultan su BaZi antes de tomar decisiones importantes.<br \/>\nporque moverse con la energ\u00eda, y no contra ella, aporta claridad, confianza y resultados.<\/p>\n<p><strong>Lecturas personalizadas limitadas disponibles<\/strong><\/p>\n<p>Cada lectura est\u00e1 totalmente personalizada en funci\u00f3n de tu fecha y hora de nacimiento, y del equilibrio de los cinco elementos.<br \/>\nLas plazas son limitadas para garantizar la precisi\u00f3n y la profundidad; una vez completas, se cierran.<\/p>\n<p>Env\u00eda ahora los datos de tu nacimiento y descubre la claridad que tu vida ha estado esperando.<\/p>","protected":false},"excerpt":{"rendered":"<p>\u00bfTe sientes estancado en la vida? \u00bfLa riqueza se te escapa? \u00bfLas relaciones te confunden? \u00bfTienes problemas en tu carrera profesional?<br \/>\nTu nacimiento es un plano celestial, y tu Qi personal \u2014la energ\u00eda que da forma a tu destino\u2014 ya est\u00e1 trazado en tu hora, d\u00eda, mes y a\u00f1o.<\/p>\n<p>Cuando tu flujo de energ\u00eda est\u00e1 bloqueado, la vida se siente pesada e incierta.<\/p>","protected":false},"featured_media":32432,"comment_status":"open","ping_status":"closed","template":"","meta":{"_joinchat":[]},"product_brand":[],"product_cat":[88],"product_tag":[],"class_list":{"0":"post-29530","1":"product","2":"type-product","3":"status-publish","4":"has-post-thumbnail","6":"product_cat-bazi-reading","8":"first","9":"instock","10":"sale","11":"featured","12":"virtual","13":"purchasable","14":"product-type-simple"},"_links":{"self":[{"href":"https:\/\/fengshuixinyu.com\/es\/wp-json\/wp\/v2\/product\/29530","targetHints":{"allow":["GET"]}}],"collection":[{"href":"https:\/\/fengshuixinyu.com\/es\/wp-json\/wp\/v2\/product"}],"about":[{"href":"https:\/\/fengshuixinyu.com\/es\/wp-json\/wp\/v2\/types\/product"}],"replies":[{"embeddable":true,"href":"https:\/\/fengshuixinyu.com\/es\/wp-json\/wp\/v2\/comments?post=29530"}],"version-history":[{"count":6,"href":"https:\/\/fengshuixinyu.com\/es\/wp-json\/wp\/v2\/product\/29530\/revisions"}],"predecessor-version":[{"id":30830,"href":"https:\/\/fengshuixinyu.com\/es\/wp-json\/wp\/v2\/product\/29530\/revisions\/30830"}],"wp:featuredmedia":[{"embeddable":true,"href":"https:\/\/fengshuixinyu.com\/es\/wp-json\/wp\/v2\/media\/32432"}],"wp:attachment":[{"href":"https:\/\/fengshuixinyu.com\/es\/wp-json\/wp\/v2\/media?parent=29530"}],"wp:term":[{"taxonomy":"product_brand","embeddable":true,"href":"https:\/\/fengshuixinyu.com\/es\/wp-json\/wp\/v2\/product_brand?post=29530"},{"taxonomy":"product_cat","embeddable":true,"href":"https:\/\/fengshuixinyu.com\/es\/wp-json\/wp\/v2\/product_cat?post=29530"},{"taxonomy":"product_tag","embeddable":true,"href":"https:\/\/fengshuixinyu.com\/es\/wp-json\/wp\/v2\/product_tag?post=29530"}],"curies":[{"name":"wp","href":"https:\/\/api.w.org\/{rel}","templated":true}]}}