{"id":29535,"date":"2025-11-11T08:27:18","date_gmt":"2025-11-11T08:27:18","guid":{"rendered":"https:\/\/fengshuixinyu.com\/?post_type=product&#038;p=29535"},"modified":"2026-02-03T00:50:36","modified_gmt":"2026-02-03T08:50:36","slug":"success-failure-bazi-consultation","status":"publish","type":"product","link":"https:\/\/fengshuixinyu.com\/es\/product\/success-failure-bazi-consultation\/","title":{"rendered":"Consulta sobre el \u00e9xito o el fracaso seg\u00fan el Bazi"},"content":{"rendered":"<p>Esta consulta descifra su plan energ\u00e9tico personal para revelar si un objetivo, relaci\u00f3n o proyecto concreto tiene probabilidades de \u00e9xito y qu\u00e9 ajustes son necesarios para maximizar sus posibilidades.<\/p>\n<p><strong>Lo que descubrir\u00e1<\/strong><\/p>\n<p>\u2728 Si su plan, proyecto o relaci\u00f3n actual est\u00e1 alineado para el \u00e9xito.<br \/>\n\u2728 Obst\u00e1culos ocultos o bloqueos energ\u00e9ticos que pueden impedir el progreso.<br \/>\n\u2728 Momento clave: cu\u00e1ndo actuar, hacer una pausa o ajustar para obtener mejores resultados.<br \/>\n\u2728 Personas, situaciones o entornos que favorecen -o dificultan- el \u00e9xito.<br \/>\n\u2728 C\u00f3mo influyen sus Cinco Elementos en el resultado potencial<\/p>\n<p><strong>Lo que recibir\u00e1s<\/strong><\/p>\n<p>\u2714 Una consulta personalizada basada en tu fecha, hora y lugar de nacimiento<br \/>\n\u2714 Perspectivas sobre retos ocultos y factores de apoyo<br \/>\n\u2714 Orientaci\u00f3n personalizada para aumentar las probabilidades de \u00e9xito.<br \/>\n\u2714 Estrategias claras para armonizar la energ\u00eda y obtener resultados \u00f3ptimos<\/p>\n<p><strong>Perfecto para<\/strong><\/p>\n<p>\ud83c\udfaf Decisiones profesionales, creaci\u00f3n de empresas o inversiones<br \/>\n\u2764\ufe0f Decisiones, compromisos o conciliaciones en materia de relaciones<br \/>\n\ud83d\udcda Proyectos personales, estudios u opciones vitales importantes.<br \/>\n\ud83c\udf1f Cualquiera que busque claridad sobre si seguir adelante, esperar o ajustar su enfoque.<\/p>\n<p><strong>C\u00f3mo empezar<\/strong><\/p>\n<p>Indique su fecha, hora y lugar (ciudad, pa\u00eds) de nacimiento, as\u00ed como una breve descripci\u00f3n de su objetivo o situaci\u00f3n.<\/p>\n<p>Recibir una consulta precisa que revele el resultado probable y una orientaci\u00f3n energ\u00e9tica<\/p>","protected":false},"excerpt":{"rendered":"<p><strong>Descubra si su plan tendr\u00e1 \u00e9xito, antes de dar el siguiente paso.<\/strong><\/p>\n<p>Cada acci\u00f3n, plan o decisi\u00f3n conlleva energ\u00eda.<br \/>\nA veces, por mucho esfuerzo que inviertas, las cosas no avanzan, no por casualidad, sino porque tu energ\u00eda est\u00e1 desalineada con tu camino.<\/p>","protected":false},"featured_media":32433,"comment_status":"open","ping_status":"closed","template":"","meta":{"_joinchat":[]},"product_brand":[],"product_cat":[88],"product_tag":[],"class_list":{"0":"post-29535","1":"product","2":"type-product","3":"status-publish","4":"has-post-thumbnail","6":"product_cat-bazi-reading","8":"first","9":"instock","10":"sale","11":"featured","12":"virtual","13":"purchasable","14":"product-type-simple"},"_links":{"self":[{"href":"https:\/\/fengshuixinyu.com\/es\/wp-json\/wp\/v2\/product\/29535","targetHints":{"allow":["GET"]}}],"collection":[{"href":"https:\/\/fengshuixinyu.com\/es\/wp-json\/wp\/v2\/product"}],"about":[{"href":"https:\/\/fengshuixinyu.com\/es\/wp-json\/wp\/v2\/types\/product"}],"replies":[{"embeddable":true,"href":"https:\/\/fengshuixinyu.com\/es\/wp-json\/wp\/v2\/comments?post=29535"}],"version-history":[{"count":4,"href":"https:\/\/fengshuixinyu.com\/es\/wp-json\/wp\/v2\/product\/29535\/revisions"}],"predecessor-version":[{"id":30829,"href":"https:\/\/fengshuixinyu.com\/es\/wp-json\/wp\/v2\/product\/29535\/revisions\/30829"}],"wp:featuredmedia":[{"embeddable":true,"href":"https:\/\/fengshuixinyu.com\/es\/wp-json\/wp\/v2\/media\/32433"}],"wp:attachment":[{"href":"https:\/\/fengshuixinyu.com\/es\/wp-json\/wp\/v2\/media?parent=29535"}],"wp:term":[{"taxonomy":"product_brand","embeddable":true,"href":"https:\/\/fengshuixinyu.com\/es\/wp-json\/wp\/v2\/product_brand?post=29535"},{"taxonomy":"product_cat","embeddable":true,"href":"https:\/\/fengshuixinyu.com\/es\/wp-json\/wp\/v2\/product_cat?post=29535"},{"taxonomy":"product_tag","embeddable":true,"href":"https:\/\/fengshuixinyu.com\/es\/wp-json\/wp\/v2\/product_tag?post=29535"}],"curies":[{"name":"wp","href":"https:\/\/api.w.org\/{rel}","templated":true}]}}