{"id":29547,"date":"2025-11-11T08:59:59","date_gmt":"2025-11-11T08:59:59","guid":{"rendered":"https:\/\/fengshuixinyu.com\/?post_type=product&#038;p=29547"},"modified":"2026-01-11T21:41:34","modified_gmt":"2026-01-12T05:41:34","slug":"debt-of-life","status":"publish","type":"product","link":"https:\/\/fengshuixinyu.com\/es\/product\/debt-of-life\/","title":{"rendered":"deuda de la vida (\u53d7\u751f\u503a)"},"content":{"rendered":"<p><strong>Cuando se aborda conscientemente esta deuda energ\u00e9tica de nacimiento, pueden producirse cambios positivos notables:<\/strong><\/p>\n<p>\u2728 Menos obst\u00e1culos en la vida cotidiana<br \/>\n\u2728 Mayor estabilidad emocional y paz interior.<br \/>\n\u2728 Mejora de las relaciones y la armon\u00eda social<br \/>\n\u2728 La buena fortuna empieza a volver<br \/>\n\u2728 Las acciones fluyen sin problemas y las oportunidades se vuelven m\u00e1s f\u00e1ciles de alcanzar<\/p>\n<p>El Ritual de Limpieza de la Deuda de la Vida est\u00e1 dise\u00f1ado para ayudarte a completar este antiguo e importante proceso de limpieza energ\u00e9tica.<\/p>\n<p><strong>Qu\u00e9 hace este ritual<\/strong><\/p>\n<p>\ud83c\udf3f Borrar la deuda energ\u00e9tica de nacimiento<br \/>\nUtilizando m\u00e9todos tao\u00edstas tradicionales, se resuelve la energ\u00eda simb\u00f3lica de su \u201cDeuda de Vida\u201d, devolviendo el equilibrio a su vida.<\/p>\n<p>\ud83c\udf1f Activar la fuerza vital positiva<br \/>\nUna vez eliminada la deuda energ\u00e9tica, la suerte personal se vuelve m\u00e1s accesible y la vida fluye con m\u00e1s facilidad.<\/p>\n<p>\ud83d\udd2e Dirigido por un experto tao\u00edsta<br \/>\nUn maestro chino experto en Feng Shui realiza oraciones, ofrendas y armonizaciones energ\u00e9ticas para aportar claridad y estabilidad a su campo vital.<\/p>\n<p>\ud83d\udd4a Restaurar el flujo de energ\u00eda universal<br \/>\nUna vez eliminados los viejos bloqueos, la energ\u00eda universal de frecuencia m\u00e1s alta puede fluir libremente, trayendo se\u00f1ales positivas y oportunidades a tu vida.<\/p>\n<p><strong>Perfecto para<\/strong><\/p>\n<p>\ud83d\udcab Personas que a menudo sienten que \u201clas cosas no salen como ellos quieren\u201d<br \/>\n\ud83d\udcab Los que buscan mejorar su carrera, sus relaciones o su vida familiar.<br \/>\n\ud83d\udcab Personas que se enfrentan a obst\u00e1culos repetidos o a oportunidades bloqueadas.<br \/>\n\ud83d\udcab Cualquier persona que desee mejorar la energ\u00eda vital y crear un flujo suave.<\/p>\n<p><strong>Proceso ritual<\/strong><\/p>\n<p>1.An\u00e1lisis de la energ\u00eda de nacimiento: basado en su BaZi (fecha, hora y lugar de nacimiento).<\/p>\n<p>2.Ceremonia de apertura - incienso y oraciones<\/p>\n<p>3.Ofrenda Placa de la deuda vitalicia - simboliza el pago de las deudas energ\u00e9ticas<\/p>\n<p>4.Canto y armonizaci\u00f3n energ\u00e9tica<\/p>\n<p>5.Bendici\u00f3n de talism\u00e1n personal o de objeto ritual<\/p>\n<p><strong>Beneficios esperados<\/strong><\/p>\n<p>\u2728 Resolver bloqueos energ\u00e9ticos heredados desde el nacimiento.<br \/>\n\u2728 Atraer la suerte, las oportunidades y a las personas \u00fatiles.<br \/>\n\u2728 Mejorar la estabilidad interior y el equilibrio emocional.<br \/>\n\u2728 Promover un progreso fluido en la carrera, las relaciones y la vida en general.<br \/>\n\u2728 Sentir una sensaci\u00f3n tangible de que la vida se vuelve m\u00e1s ligera y fluida.<\/p>","protected":false},"excerpt":{"rendered":"<p>Libere su carga energ\u00e9tica de nacimiento y restablezca la fluidez en su vida<\/p>\n<p>Seg\u00fan la metaf\u00edsica tradicional china, cada persona lleva una \u201cDeuda de Vida\u201d al nacer, una carga de energ\u00eda sutil que representa responsabilidades k\u00e1rmicas inacabadas.<br \/>\nCuando no se resuelve, puede manifestarse en forma de obst\u00e1culos repetidos, desgracias inesperadas, inestabilidad emocional o dificultades en las relaciones.<\/p>","protected":false},"featured_media":31804,"comment_status":"open","ping_status":"closed","template":"","meta":{"_joinchat":[]},"product_brand":[],"product_cat":[89],"product_tag":[],"class_list":{"0":"post-29547","1":"product","2":"type-product","3":"status-publish","4":"has-post-thumbnail","6":"product_cat-energy-cleansing","8":"first","9":"instock","10":"sale","11":"virtual","12":"purchasable","13":"product-type-simple"},"_links":{"self":[{"href":"https:\/\/fengshuixinyu.com\/es\/wp-json\/wp\/v2\/product\/29547","targetHints":{"allow":["GET"]}}],"collection":[{"href":"https:\/\/fengshuixinyu.com\/es\/wp-json\/wp\/v2\/product"}],"about":[{"href":"https:\/\/fengshuixinyu.com\/es\/wp-json\/wp\/v2\/types\/product"}],"replies":[{"embeddable":true,"href":"https:\/\/fengshuixinyu.com\/es\/wp-json\/wp\/v2\/comments?post=29547"}],"version-history":[{"count":4,"href":"https:\/\/fengshuixinyu.com\/es\/wp-json\/wp\/v2\/product\/29547\/revisions"}],"predecessor-version":[{"id":30251,"href":"https:\/\/fengshuixinyu.com\/es\/wp-json\/wp\/v2\/product\/29547\/revisions\/30251"}],"wp:featuredmedia":[{"embeddable":true,"href":"https:\/\/fengshuixinyu.com\/es\/wp-json\/wp\/v2\/media\/31804"}],"wp:attachment":[{"href":"https:\/\/fengshuixinyu.com\/es\/wp-json\/wp\/v2\/media?parent=29547"}],"wp:term":[{"taxonomy":"product_brand","embeddable":true,"href":"https:\/\/fengshuixinyu.com\/es\/wp-json\/wp\/v2\/product_brand?post=29547"},{"taxonomy":"product_cat","embeddable":true,"href":"https:\/\/fengshuixinyu.com\/es\/wp-json\/wp\/v2\/product_cat?post=29547"},{"taxonomy":"product_tag","embeddable":true,"href":"https:\/\/fengshuixinyu.com\/es\/wp-json\/wp\/v2\/product_tag?post=29547"}],"curies":[{"name":"wp","href":"https:\/\/api.w.org\/{rel}","templated":true}]}}