{"id":29551,"date":"2025-11-11T09:04:35","date_gmt":"2025-11-11T09:04:35","guid":{"rendered":"https:\/\/fengshuixinyu.com\/?post_type=product&#038;p=29551"},"modified":"2026-01-11T21:40:44","modified_gmt":"2026-01-12T05:40:44","slug":"to-avert-misfortune","status":"publish","type":"product","link":"https:\/\/fengshuixinyu.com\/es\/product\/to-avert-misfortune\/","title":{"rendered":"Para evitar la desgracia (\u89e3\u5384)"},"content":{"rendered":"<p><strong>Este ritual elimina tanto la mala suerte innata como la energ\u00eda negativa acumulada, incluyendo:<\/strong><\/p>\n<p>* Discusiones, malentendidos y fricciones emocionales prolongadas.<br \/>\n* Heridas emocionales o tensi\u00f3n con los padres.<br \/>\n* V\u00ednculos sin resolver con parejas, amigos o relaciones pasadas.<br \/>\n* Dolor emocional o pena relacionada con las mascotas.<br \/>\n* Estr\u00e9s, pesadez o emociones reprimidas acumuladas a lo largo de los a\u00f1os.<br \/>\n* Este es un ritual ideal para cualquiera que busque un verdadero reinicio energ\u00e9tico.<\/p>\n<p><strong>Qu\u00e9 hace este ritual<\/strong><\/p>\n<p>\ud83c\udf3f Limpieza profunda de la energ\u00eda negativa de las etapas de la vida<\/p>\n<p>Libera cargas del nacimiento, la familia, las experiencias personales y el historial de relaciones, todo en una limpieza completa.<\/p>\n<p>\u2728 Restaura la armon\u00eda y resuelve los enredos emocionales.<\/p>\n<p>Suaviza conflictos pasados y disuelve la tensi\u00f3n emocional con padres, parejas, amigos o compa\u00f1eros de trabajo.<\/p>\n<p>\ud83d\udd2e Calma la mente y reabre el flujo energ\u00e9tico.<\/p>\n<p>Elimina la energ\u00eda estancada para que tus emociones se sientan m\u00e1s ligeras y la buena fortuna pueda llegar a ti de forma m\u00e1s natural.<\/p>\n<p>\ud83d\udd4a Aut\u00e9ntica ceremonia tao\u00edsta, realizada por profesionales.<\/p>\n<p>Dirigido por un experimentado practicante de Feng Shui que utiliza cantos tradicionales, ofrendas y t\u00e9cnicas de alineaci\u00f3n energ\u00e9tica.<\/p>\n<p><strong>Adecuado para<\/strong><\/p>\n<p>* Cualquier persona que desee superar obst\u00e1culos profundamente arraigados en su vida.<br \/>\n* Personas que se sienten estresadas, emocionalmente agobiadas o constantemente \u201cdesafortunadas\u201d.\u201d<br \/>\n* Aquellos que experimentan tensiones familiares, rom\u00e1nticas o de amistad.<br \/>\n* Personas que se est\u00e1n recuperando de rupturas sentimentales, malentendidos o el duelo por la p\u00e9rdida de una mascota.<br \/>\n* Cualquier persona que busque una vida m\u00e1s tranquila, brillante y con un nuevo rumbo.<\/p>\n<p><strong>Proceso ritual<\/strong><\/p>\n<p>1. An\u00e1lisis de la energ\u00eda natal: basado en tu BaZi (fecha, hora y lugar de nacimiento).<br \/>\n2. Apertura del altar, ofrenda de incienso y bendici\u00f3n de intenciones.<br \/>\n3. Canto y recitaci\u00f3n de mantras para disolver cada capa de energ\u00eda negativa.<br \/>\n4. Armonizar la energ\u00eda emocional y relacional<br \/>\n5. Bendici\u00f3n de amuletos protectores u objetos espirituales.<\/p>\n<p><strong>Beneficios esperados<\/strong><\/p>\n<p>* Elimina la mala suerte y la carga emocional acumulada desde el nacimiento.<br \/>\n* Reduce los conflictos, los malentendidos y la tensi\u00f3n emocional.<br \/>\n* Mejora las relaciones familiares, de pareja e interpersonales.<br \/>\n* Aporta calma emocional, claridad mental y una renovada sensaci\u00f3n de equilibrio.<br \/>\n* Mejora la suerte en general y hace que la vida fluya con mayor facilidad.<br \/>\n* Crea una sensaci\u00f3n notable de que \u201cla vida se ha vuelto m\u00e1s ligera y f\u00e1cil\u201d.\u201d<\/p>","protected":false},"excerpt":{"rendered":"<p>En la tradici\u00f3n tao\u00edsta, la desgracia no es aleatoria, sino que a menudo proviene de capas de tensi\u00f3n emocional no resuelta, cargas generacionales y energ\u00eda estancada acumulada a lo largo de la vida.<br \/>\nEl Ritual Integral para Eliminar la Mala Suerte es una ceremonia profunda y completa dise\u00f1ada para liberar estos bloqueos ocultos y restaurar la armon\u00eda en tus emociones, relaciones y camino de vida.<\/p>","protected":false},"featured_media":31804,"comment_status":"open","ping_status":"closed","template":"","meta":{"_joinchat":[]},"product_brand":[],"product_cat":[89],"product_tag":[],"class_list":{"0":"post-29551","1":"product","2":"type-product","3":"status-publish","4":"has-post-thumbnail","6":"product_cat-energy-cleansing","8":"first","9":"instock","10":"sale","11":"virtual","12":"purchasable","13":"product-type-simple"},"_links":{"self":[{"href":"https:\/\/fengshuixinyu.com\/es\/wp-json\/wp\/v2\/product\/29551","targetHints":{"allow":["GET"]}}],"collection":[{"href":"https:\/\/fengshuixinyu.com\/es\/wp-json\/wp\/v2\/product"}],"about":[{"href":"https:\/\/fengshuixinyu.com\/es\/wp-json\/wp\/v2\/types\/product"}],"replies":[{"embeddable":true,"href":"https:\/\/fengshuixinyu.com\/es\/wp-json\/wp\/v2\/comments?post=29551"}],"version-history":[{"count":5,"href":"https:\/\/fengshuixinyu.com\/es\/wp-json\/wp\/v2\/product\/29551\/revisions"}],"predecessor-version":[{"id":30250,"href":"https:\/\/fengshuixinyu.com\/es\/wp-json\/wp\/v2\/product\/29551\/revisions\/30250"}],"wp:featuredmedia":[{"embeddable":true,"href":"https:\/\/fengshuixinyu.com\/es\/wp-json\/wp\/v2\/media\/31804"}],"wp:attachment":[{"href":"https:\/\/fengshuixinyu.com\/es\/wp-json\/wp\/v2\/media?parent=29551"}],"wp:term":[{"taxonomy":"product_brand","embeddable":true,"href":"https:\/\/fengshuixinyu.com\/es\/wp-json\/wp\/v2\/product_brand?post=29551"},{"taxonomy":"product_cat","embeddable":true,"href":"https:\/\/fengshuixinyu.com\/es\/wp-json\/wp\/v2\/product_cat?post=29551"},{"taxonomy":"product_tag","embeddable":true,"href":"https:\/\/fengshuixinyu.com\/es\/wp-json\/wp\/v2\/product_tag?post=29551"}],"curies":[{"name":"wp","href":"https:\/\/api.w.org\/{rel}","templated":true}]}}