{"id":29554,"date":"2025-11-11T09:20:23","date_gmt":"2025-11-11T09:20:23","guid":{"rendered":"https:\/\/fengshuixinyu.com\/?post_type=product&#038;p=29554"},"modified":"2025-11-30T23:39:37","modified_gmt":"2025-12-01T07:39:37","slug":"pet-blessing-ceremony","status":"publish","type":"product","link":"https:\/\/fengshuixinyu.com\/es\/product\/pet-blessing-ceremony\/","title":{"rendered":"Ceremonia de bendici\u00f3n de mascotas"},"content":{"rendered":"<p>Beneficios del ritual<\/p>\n<p>\u2728 Elimina la energ\u00eda negativa persistente del entorno o de experiencias pasadas<br \/>\n\u2728 Reducir la ansiedad, el miedo o las conductas relacionadas con el estr\u00e9s.<br \/>\n\u2728 Apoyar la recuperaci\u00f3n de enfermedades, intervenciones quir\u00fargicas o acontecimientos estresantes.<br \/>\n\u2728 Armonizar la energ\u00eda para estabilizar el estado de \u00e1nimo y mejorar el bienestar general<br \/>\n\u2728 Fortalecer la protecci\u00f3n natural, la vitalidad y la felicidad.<\/p>\n<p>Lo que recibir\u00e1s<\/p>\n<p>Ritual personalizado basado en la fecha de nacimiento o adopci\u00f3n de tu mascota<br \/>\n\u2714 Purificaci\u00f3n tao\u00edsta y oraciones protectoras realizadas en un altar dedicado a ello.<br \/>\n\u2714 Alineaci\u00f3n energ\u00e9tica para la calma, la alegr\u00eda y la vitalidad<br \/>\n\u2714 Bendiciones centradas en la salud, la seguridad y la felicidad<br \/>\n\u2714 Fotos y v\u00eddeos cortos del proceso ritual de bendici\u00f3n<\/p>\n<p>Ideal para<\/p>\n<p>\ud83d\udc3e Mascotas ansiosas, temerosas o que se estresan con facilidad<br \/>\n\ud83c\udfe1 Mascotas reci\u00e9n adoptadas o rescatadas<br \/>\n\ud83d\udc9a Mascotas que se recuperan de una enfermedad, cirug\u00eda o acontecimientos estresantes.<br \/>\n\ud83c\udf1f Mascotas afectadas por la energ\u00eda del hogar o las emociones del due\u00f1o<br \/>\n\ud83d\udc96 Cualquiera que desee mejorar la protecci\u00f3n, la felicidad y el bienestar de su mascota.<\/p>\n<p>C\u00f3mo empezar<\/p>\n<p>Env\u00ede el nombre de su mascota, foto, preocupaci\u00f3n principal y (opcional) fecha de nacimiento o adopci\u00f3n<\/p>","protected":false},"excerpt":{"rendered":"<p>Aporta protecci\u00f3n, paz y vitalidad a tu amado compa\u00f1ero<\/p>\n<p>Las mascotas son almas sensibles que absorben la energ\u00eda de su entorno, de sus cong\u00e9neres y de sus experiencias pasadas.<br \/>\nLa ansiedad, el miedo, la baja energ\u00eda o un comportamiento inusual suelen indicar energ\u00eda bloqueada o estr\u00e9s que no es suyo.<\/p>\n<p>Nuestro ritual de bendici\u00f3n de mascotas limpia la energ\u00eda negativa, restaura la armon\u00eda e invita a la protecci\u00f3n, la paz y la alegr\u00eda en la vida de su mascota.<\/p>\n<p><strong><span style=\"color: #ff0000;\">Consejos:<\/span> Cada compra destina 1% de los fondos a ayudar a los animales abandonados (gatos y perros) y a aumentar tu energ\u00eda positiva.<\/strong><\/p>","protected":false},"featured_media":30257,"comment_status":"open","ping_status":"closed","template":"","meta":{"_joinchat":[]},"product_brand":[],"product_cat":[90],"product_tag":[],"class_list":{"0":"post-29554","1":"product","2":"type-product","3":"status-publish","4":"has-post-thumbnail","6":"product_cat-pet-blessing","8":"first","9":"instock","10":"sale","11":"virtual","12":"purchasable","13":"product-type-simple"},"_links":{"self":[{"href":"https:\/\/fengshuixinyu.com\/es\/wp-json\/wp\/v2\/product\/29554","targetHints":{"allow":["GET"]}}],"collection":[{"href":"https:\/\/fengshuixinyu.com\/es\/wp-json\/wp\/v2\/product"}],"about":[{"href":"https:\/\/fengshuixinyu.com\/es\/wp-json\/wp\/v2\/types\/product"}],"replies":[{"embeddable":true,"href":"https:\/\/fengshuixinyu.com\/es\/wp-json\/wp\/v2\/comments?post=29554"}],"version-history":[{"count":7,"href":"https:\/\/fengshuixinyu.com\/es\/wp-json\/wp\/v2\/product\/29554\/revisions"}],"predecessor-version":[{"id":30448,"href":"https:\/\/fengshuixinyu.com\/es\/wp-json\/wp\/v2\/product\/29554\/revisions\/30448"}],"wp:featuredmedia":[{"embeddable":true,"href":"https:\/\/fengshuixinyu.com\/es\/wp-json\/wp\/v2\/media\/30257"}],"wp:attachment":[{"href":"https:\/\/fengshuixinyu.com\/es\/wp-json\/wp\/v2\/media?parent=29554"}],"wp:term":[{"taxonomy":"product_brand","embeddable":true,"href":"https:\/\/fengshuixinyu.com\/es\/wp-json\/wp\/v2\/product_brand?post=29554"},{"taxonomy":"product_cat","embeddable":true,"href":"https:\/\/fengshuixinyu.com\/es\/wp-json\/wp\/v2\/product_cat?post=29554"},{"taxonomy":"product_tag","embeddable":true,"href":"https:\/\/fengshuixinyu.com\/es\/wp-json\/wp\/v2\/product_tag?post=29554"}],"curies":[{"name":"wp","href":"https:\/\/api.w.org\/{rel}","templated":true}]}}