{"id":29560,"date":"2025-11-11T09:20:59","date_gmt":"2025-11-11T09:20:59","guid":{"rendered":"https:\/\/fengshuixinyu.com\/?post_type=product&#038;p=29560"},"modified":"2025-11-30T23:38:49","modified_gmt":"2025-12-01T07:38:49","slug":"pet-bazi-consultation","status":"publish","type":"product","link":"https:\/\/fengshuixinyu.com\/es\/product\/pet-bazi-consultation\/","title":{"rendered":"Consulta sobre el Bazi de mascotas"},"content":{"rendered":"<p>Lo que descubrir\u00e1s<\/p>\n<p>\u2728 Los puntos fuertes naturales, los rasgos de personalidad y el temperamento de tu mascota<br \/>\n\u2728 Bloqueos energ\u00e9ticos ocultos que afectan al comportamiento, el estado de \u00e1nimo o la salud<br \/>\n\u2728 Patrones que influyen en las relaciones con miembros de la familia u otros animales de compa\u00f1\u00eda.<br \/>\n\u2728 C\u00f3mo los Cinco Elementos conforman la energ\u00eda y los ciclos vitales de tu mascota<br \/>\n\u2728 Momentos \u00f3ptimos para formaci\u00f3n, atenci\u00f3n m\u00e9dica o cambios importantes.<\/p>\n<p>Qu\u00e9 recibir\u00e1<\/p>\n<p>\u2714 Una consulta BaZi personalizada basada en la fecha y el lugar de nacimiento o adopci\u00f3n de su mascota.<br \/>\n\u2714 Perspectivas de comportamiento, patrones energ\u00e9ticos y retos potenciales.<br \/>\n\u2714 Orientaci\u00f3n para mejorar el bienestar, el equilibrio y la felicidad de su mascota<br \/>\n\u2714 Sugerencias de alineaci\u00f3n energ\u00e9tica para la salud, el estado de \u00e1nimo y la armon\u00eda<br \/>\n\u2714 Un informe de seguimiento con recomendaciones claras para la atenci\u00f3n y el apoyo diarios.<\/p>\n<p>Perfecto para<\/p>\n<p>\ud83d\udc3e Mascotas con comportamiento inusual, ansiedad o cambios de humor.<br \/>\n\ud83c\udfe1 Mascotas reci\u00e9n adoptadas o rescatadas con pasados desconocidos<br \/>\n\ud83d\udc9a Mascotas que se recuperan de una enfermedad, cirug\u00eda o estr\u00e9s.<br \/>\n\ud83c\udf1f Cualquiera que quiera entender mejor a su mascota y alinear los cuidados con su energ\u00eda.<\/p>\n<p>C\u00f3mo empezar<\/p>\n<p>Env\u00ede el nombre, la foto, la fecha de nacimiento o adopci\u00f3n y el lugar de nacimiento de su mascota<\/p>","protected":false},"excerpt":{"rendered":"<p>Comprenda la energ\u00eda, personalidad y trayectoria vital de su mascota<\/p>\n<p>Las mascotas, al igual que los humanos, portan patrones energ\u00e9ticos \u00fanicos desde su nacimiento.<br \/>\nSu comportamiento, su salud y sus relaciones est\u00e1n guiados por estos flujos de energ\u00eda.<br \/>\nComprender el esquema energ\u00e9tico personal de su mascota le ayudar\u00e1 a proporcionarle mejores cuidados, armon\u00eda y protecci\u00f3n, garantiz\u00e1ndole una vida m\u00e1s feliz y saludable.<\/p>\n<p><strong><span style=\"color: #ff0000;\">Consejos:<\/span> Cada compra destina 1% de los fondos a ayudar a los animales abandonados (gatos y perros) y a aumentar tu energ\u00eda positiva.<\/strong><\/p>","protected":false},"featured_media":30253,"comment_status":"open","ping_status":"closed","template":"","meta":{"_joinchat":[]},"product_brand":[],"product_cat":[90],"product_tag":[],"class_list":{"0":"post-29560","1":"product","2":"type-product","3":"status-publish","4":"has-post-thumbnail","6":"product_cat-pet-blessing","8":"first","9":"instock","10":"sale","11":"virtual","12":"purchasable","13":"product-type-simple"},"_links":{"self":[{"href":"https:\/\/fengshuixinyu.com\/es\/wp-json\/wp\/v2\/product\/29560","targetHints":{"allow":["GET"]}}],"collection":[{"href":"https:\/\/fengshuixinyu.com\/es\/wp-json\/wp\/v2\/product"}],"about":[{"href":"https:\/\/fengshuixinyu.com\/es\/wp-json\/wp\/v2\/types\/product"}],"replies":[{"embeddable":true,"href":"https:\/\/fengshuixinyu.com\/es\/wp-json\/wp\/v2\/comments?post=29560"}],"version-history":[{"count":7,"href":"https:\/\/fengshuixinyu.com\/es\/wp-json\/wp\/v2\/product\/29560\/revisions"}],"predecessor-version":[{"id":30442,"href":"https:\/\/fengshuixinyu.com\/es\/wp-json\/wp\/v2\/product\/29560\/revisions\/30442"}],"wp:featuredmedia":[{"embeddable":true,"href":"https:\/\/fengshuixinyu.com\/es\/wp-json\/wp\/v2\/media\/30253"}],"wp:attachment":[{"href":"https:\/\/fengshuixinyu.com\/es\/wp-json\/wp\/v2\/media?parent=29560"}],"wp:term":[{"taxonomy":"product_brand","embeddable":true,"href":"https:\/\/fengshuixinyu.com\/es\/wp-json\/wp\/v2\/product_brand?post=29560"},{"taxonomy":"product_cat","embeddable":true,"href":"https:\/\/fengshuixinyu.com\/es\/wp-json\/wp\/v2\/product_cat?post=29560"},{"taxonomy":"product_tag","embeddable":true,"href":"https:\/\/fengshuixinyu.com\/es\/wp-json\/wp\/v2\/product_tag?post=29560"}],"curies":[{"name":"wp","href":"https:\/\/api.w.org\/{rel}","templated":true}]}}