{"id":29913,"date":"2025-11-14T06:08:27","date_gmt":"2025-11-14T06:08:27","guid":{"rendered":"https:\/\/fengshuixinyu.com\/?post_type=product&#038;p=29913"},"modified":"2026-02-03T00:51:33","modified_gmt":"2026-02-03T08:51:33","slug":"love-relationship-bazi-consultation","status":"publish","type":"product","link":"https:\/\/fengshuixinyu.com\/es\/product\/love-relationship-bazi-consultation\/","title":{"rendered":"Consulta sobre amor y relaciones seg\u00fan el Bazi"},"content":{"rendered":"<p>Esta consulta te ayuda a identificar patrones, eliminar bloqueos y atraer el amor que mereces.<\/p>\n<p><strong>Lo que descubrir\u00e1s<\/strong><\/p>\n<p>\u2728 Patrones que se repiten en tu vida amorosa y en tus relaciones de pareja<br \/>\n\u2728 Bloqueos ocultos que impiden la intimidad o el compromiso<br \/>\n\u2728 Timing: cu\u00e1ndo proseguir, hacer una pausa o profundizar en las conexiones.<br \/>\n\u2728 Personas que naturalmente apoyan -o drenan- tu energ\u00eda rom\u00e1ntica.<br \/>\n\u2728 C\u00f3mo influyen tus Cinco Elementos en la compatibilidad y el crecimiento amoroso<\/p>\n<p><strong>Lo que recibir\u00e1s<\/strong><\/p>\n<p>\u2714 Una consulta individual basada en su fecha, hora y lugar de nacimiento<br \/>\n\u2714 Comprensi\u00f3n de los puntos fuertes y los retos de su relaci\u00f3n<br \/>\n\u2714 Orientaci\u00f3n personalizada para atraer o armonizar el amor<br \/>\n\u2714 Estrategias para alinear tu energ\u00eda para relaciones significativas y duraderas<br \/>\n\u2714 Un informe de seguimiento con consejos pr\u00e1cticos<\/p>\n<p><strong>Perfecto para<\/strong><\/p>\n<p>\ud83d\udc96 Solteros que buscan claridad sobre el amor y la compatibilidad<br \/>\n\ud83d\udc9e Parejas que se enfrentan a conflictos repetidos o al estancamiento<br \/>\n\ud83c\udf1f Cualquier persona que desee una gu\u00eda basada en la energ\u00eda para una vida amorosa plena.<\/p>\n<p><strong>C\u00f3mo empezar<\/strong><\/p>\n<p>Indique su fecha, hora y lugar (ciudad, pa\u00eds) de nacimiento. .<\/p>\n<p>Reciba una consulta detallada y personalizada y un informe de seguimiento<\/p>","protected":false},"excerpt":{"rendered":"<p>Aclare su coraz\u00f3n, alinee sus relaciones<\/p>\n<p>El amor es m\u00e1s que emociones: fluye a trav\u00e9s de tu energ\u00eda personal.<br \/>\nLos desenga\u00f1os amorosos repetidos, los malentendidos o las relaciones estancadas suelen reflejar una energ\u00eda desalineada, no mala suerte.<\/p>","protected":false},"featured_media":32424,"comment_status":"open","ping_status":"closed","template":"","meta":{"_joinchat":[]},"product_brand":[],"product_cat":[88],"product_tag":[],"class_list":{"0":"post-29913","1":"product","2":"type-product","3":"status-publish","4":"has-post-thumbnail","6":"product_cat-bazi-reading","8":"first","9":"instock","10":"sale","11":"featured","12":"virtual","13":"purchasable","14":"product-type-simple"},"_links":{"self":[{"href":"https:\/\/fengshuixinyu.com\/es\/wp-json\/wp\/v2\/product\/29913","targetHints":{"allow":["GET"]}}],"collection":[{"href":"https:\/\/fengshuixinyu.com\/es\/wp-json\/wp\/v2\/product"}],"about":[{"href":"https:\/\/fengshuixinyu.com\/es\/wp-json\/wp\/v2\/types\/product"}],"replies":[{"embeddable":true,"href":"https:\/\/fengshuixinyu.com\/es\/wp-json\/wp\/v2\/comments?post=29913"}],"version-history":[{"count":8,"href":"https:\/\/fengshuixinyu.com\/es\/wp-json\/wp\/v2\/product\/29913\/revisions"}],"predecessor-version":[{"id":32428,"href":"https:\/\/fengshuixinyu.com\/es\/wp-json\/wp\/v2\/product\/29913\/revisions\/32428"}],"wp:featuredmedia":[{"embeddable":true,"href":"https:\/\/fengshuixinyu.com\/es\/wp-json\/wp\/v2\/media\/32424"}],"wp:attachment":[{"href":"https:\/\/fengshuixinyu.com\/es\/wp-json\/wp\/v2\/media?parent=29913"}],"wp:term":[{"taxonomy":"product_brand","embeddable":true,"href":"https:\/\/fengshuixinyu.com\/es\/wp-json\/wp\/v2\/product_brand?post=29913"},{"taxonomy":"product_cat","embeddable":true,"href":"https:\/\/fengshuixinyu.com\/es\/wp-json\/wp\/v2\/product_cat?post=29913"},{"taxonomy":"product_tag","embeddable":true,"href":"https:\/\/fengshuixinyu.com\/es\/wp-json\/wp\/v2\/product_tag?post=29913"}],"curies":[{"name":"wp","href":"https:\/\/api.w.org\/{rel}","templated":true}]}}