{"id":29917,"date":"2025-11-14T06:17:37","date_gmt":"2025-11-14T06:17:37","guid":{"rendered":"https:\/\/fengshuixinyu.com\/?post_type=product&#038;p=29917"},"modified":"2026-02-03T00:51:54","modified_gmt":"2026-02-03T08:51:54","slug":"health-bazi-consultation","status":"publish","type":"product","link":"https:\/\/fengshuixinyu.com\/es\/product\/health-bazi-consultation\/","title":{"rendered":"Consulta sobre salud Bazi"},"content":{"rendered":"<div data-elementor-type=\"product-post\" data-elementor-id=\"29917\" class=\"elementor elementor-29917\" data-elementor-post-type=\"product\">\n\t\t\t\t<div class=\"wd-negative-gap elementor-element elementor-element-7335180f e-flex e-con-boxed e-con e-parent\" data-id=\"7335180f\" data-element_type=\"container\" data-e-type=\"container\">\n\t\t\t\t\t<div class=\"e-con-inner\">\n\t\t\t\t<div class=\"elementor-element elementor-element-45f7619f color-scheme-inherit text-left elementor-widget elementor-widget-text-editor\" data-id=\"45f7619f\" data-element_type=\"widget\" data-e-type=\"widget\" data-widget_type=\"text-editor.default\">\n\t\t\t\t\t\t\t\t\t<p>Esta consulta le ayuda a identificar bloqueos energ\u00e9ticos, restablecer la vitalidad y armonizar cuerpo y mente.<\/p><p><strong>Lo que descubrir\u00e1s<\/strong><\/p><p>\u2728 Desequilibrios energ\u00e9ticos ocultos que afectan a tu salud<br \/>\u2728 Estr\u00e9s, bloqueos emocionales o ambientales que drenan tu vitalidad.<br \/>\u2728 Momento: cu\u00e1ndo descansar, curarse o tomar medidas preventivas.<br \/>\u2728 Patrones energ\u00e9ticos que contribuyen a problemas f\u00edsicos o emocionales recurrentes.<br \/>\u2728 C\u00f3mo influyen tus Cinco Elementos en el bienestar y las decisiones sobre tu estilo de vida<\/p><p><strong>Lo que recibir\u00e1s<\/strong><\/p><p>\u2714 Una consulta personalizada basada en tu fecha, hora y lugar de nacimiento<br \/>\u2714 Orientaci\u00f3n personalizada para restablecer el equilibrio energ\u00e9tico y la vitalidad<br \/>\u2714 Perspectivas sobre el estilo de vida, la dieta y los h\u00e1bitos diarios alineados con tu energ\u00eda<br \/>\u2714 Estrategias para reforzar la resiliencia y evitar el agotamiento energ\u00e9tico<br \/>\u2714 Un informe de seguimiento con consejos pr\u00e1cticos<\/p><p><strong>Perfecto para<\/strong><\/p><p>\ud83c\udf3f Personas que se enfrentan a enfermedades recurrentes, fatiga o estr\u00e9s.<br \/>\ud83d\udca1 Cualquier persona que busque orientaci\u00f3n energ\u00e9tica hol\u00edstica para mejorar su salud.<br \/>\ud83d\udcaa Personas que desean estrategias proactivas para reforzar la vitalidad y la inmunidad.<\/p><p><strong>C\u00f3mo empezar<\/strong><\/p><p>Indique su fecha, hora y lugar (ciudad, pa\u00eds) de nacimiento. .<\/p><p>Reciba una consulta personalizada con orientaci\u00f3n detallada y un informe de seguimiento<\/p>\t\t\t\t\t\t\t\t<\/div>\n\t\t\t\t\t<\/div>\n\t\t\t\t<\/div>\n\t\t\t\t<\/div>","protected":false},"excerpt":{"rendered":"<p><strong>Recupere la vitalidad, armonice su cuerpo y su mente.<\/strong><\/p>\n<p>La salud es el reflejo de una energ\u00eda equilibrada.<br \/>\nLa fatiga, las enfermedades recurrentes o las molestias inexplicables suelen deberse a una alteraci\u00f3n del Qi o a un desequilibrio de los Cinco Elementos, y no s\u00f3lo al estilo de vida o a la gen\u00e9tica.<\/p>","protected":false},"featured_media":32435,"comment_status":"open","ping_status":"closed","template":"","meta":{"_joinchat":[]},"product_brand":[],"product_cat":[88],"product_tag":[],"class_list":{"0":"post-29917","1":"product","2":"type-product","3":"status-publish","4":"has-post-thumbnail","6":"product_cat-bazi-reading","8":"first","9":"instock","10":"sale","11":"featured","12":"virtual","13":"purchasable","14":"product-type-simple"},"_links":{"self":[{"href":"https:\/\/fengshuixinyu.com\/es\/wp-json\/wp\/v2\/product\/29917","targetHints":{"allow":["GET"]}}],"collection":[{"href":"https:\/\/fengshuixinyu.com\/es\/wp-json\/wp\/v2\/product"}],"about":[{"href":"https:\/\/fengshuixinyu.com\/es\/wp-json\/wp\/v2\/types\/product"}],"replies":[{"embeddable":true,"href":"https:\/\/fengshuixinyu.com\/es\/wp-json\/wp\/v2\/comments?post=29917"}],"version-history":[{"count":13,"href":"https:\/\/fengshuixinyu.com\/es\/wp-json\/wp\/v2\/product\/29917\/revisions"}],"predecessor-version":[{"id":30762,"href":"https:\/\/fengshuixinyu.com\/es\/wp-json\/wp\/v2\/product\/29917\/revisions\/30762"}],"wp:featuredmedia":[{"embeddable":true,"href":"https:\/\/fengshuixinyu.com\/es\/wp-json\/wp\/v2\/media\/32435"}],"wp:attachment":[{"href":"https:\/\/fengshuixinyu.com\/es\/wp-json\/wp\/v2\/media?parent=29917"}],"wp:term":[{"taxonomy":"product_brand","embeddable":true,"href":"https:\/\/fengshuixinyu.com\/es\/wp-json\/wp\/v2\/product_brand?post=29917"},{"taxonomy":"product_cat","embeddable":true,"href":"https:\/\/fengshuixinyu.com\/es\/wp-json\/wp\/v2\/product_cat?post=29917"},{"taxonomy":"product_tag","embeddable":true,"href":"https:\/\/fengshuixinyu.com\/es\/wp-json\/wp\/v2\/product_tag?post=29917"}],"curies":[{"name":"wp","href":"https:\/\/api.w.org\/{rel}","templated":true}]}}