{"id":30270,"date":"2025-11-19T02:04:21","date_gmt":"2025-11-19T02:04:21","guid":{"rendered":"https:\/\/fengshuixinyu.com\/?post_type=product&#038;p=30270"},"modified":"2025-12-08T00:35:41","modified_gmt":"2025-12-08T08:35:41","slug":"taoist-talisman-cards-bring-success-and-fame","status":"publish","type":"product","link":"https:\/\/fengshuixinyu.com\/es\/product\/taoist-talisman-cards-bring-success-and-fame\/","title":{"rendered":"Las cartas talism\u00e1n tao\u00edstas traen \u00e9xito y fama"},"content":{"rendered":"<h2 data-start=\"137\" data-end=\"160\"><strong data-start=\"140\" data-end=\"160\">Funciones y usos<\/strong><\/h2>\n<p data-start=\"161\" data-end=\"443\">Esta carta talism\u00e1n tao\u00edsta se basa en las escrituras talism\u00e1nicas tao\u00edstas tradicionales. Mediante rituales de consagraci\u00f3n, se cree que es portadora de un poder espiritual que aporta claridad, sabidur\u00eda y \u00e9xito al usuario. Las inscripciones y sellos del talism\u00e1n simbolizan las siguientes bendiciones:<\/p>\n<ul data-start=\"445\" data-end=\"1101\">\n<li data-start=\"445\" data-end=\"604\">\n<p data-start=\"447\" data-end=\"604\"><strong data-start=\"447\" data-end=\"467\">Sabidur\u00eda y claridad<\/strong>: Ayuda a mejorar la concentraci\u00f3n, la comprensi\u00f3n y el pensamiento claro, ideal para estudiantes, examinadores y personas que dependen del rendimiento mental.<\/p>\n<\/li>\n<li data-start=\"605\" data-end=\"740\">\n<p data-start=\"607\" data-end=\"740\"><strong data-start=\"607\" data-end=\"650\">Rendimiento acad\u00e9mico \/ \u00c9xito en los ex\u00e1menes<\/strong>: Reza por los buenos resultados en los ex\u00e1menes, el progreso acad\u00e9mico y el rendimiento estable en los momentos clave.<\/p>\n<\/li>\n<li data-start=\"741\" data-end=\"879\">\n<p data-start=\"743\" data-end=\"879\"><strong data-start=\"743\" data-end=\"768\">Fama y logros<\/strong>: Simboliza la mejora de la capacidad personal y el reconocimiento, ayudando a los usuarios a destacar en entornos competitivos.<\/p>\n<\/li>\n<li data-start=\"880\" data-end=\"987\">\n<p data-start=\"882\" data-end=\"987\"><strong data-start=\"882\" data-end=\"903\">Prosperidad profesional<\/strong>: Bendice la promoci\u00f3n profesional, la progresi\u00f3n laboral sin problemas y el apoyo de los benefactores.<\/p>\n<\/li>\n<li data-start=\"988\" data-end=\"1101\">\n<p data-start=\"990\" data-end=\"1101\"><strong data-start=\"990\" data-end=\"1018\">Calma y concentraci\u00f3n<\/strong>: La escritura y el sello del talism\u00e1n ayudan a estabilizar la mente y a atraer energ\u00eda positiva.<\/p>\n<\/li>\n<\/ul>\n<p data-start=\"1103\" data-end=\"1276\">En conjunto, el talism\u00e1n representa <strong data-start=\"1136\" data-end=\"1208\">sabidur\u00eda, \u00e9xito acad\u00e9mico, crecimiento profesional y realizaci\u00f3n personal<\/strong>, por lo que es adecuado para estudiantes, profesionales y empresarios.<\/p>\n<hr data-start=\"1278\" data-end=\"1281\" \/>\n<h2 data-start=\"1283\" data-end=\"1300\"><strong data-start=\"1286\" data-end=\"1300\">C\u00f3mo usar<\/strong><\/h2>\n<p data-start=\"1301\" data-end=\"1420\">Para maximizar el apoyo espiritual y los efectos protectores del talism\u00e1n, se recomienda utilizarlo de las siguientes maneras:<\/p>\n<ul data-start=\"1422\" data-end=\"1833\">\n<li data-start=\"1422\" data-end=\"1507\">\n<p data-start=\"1424\" data-end=\"1507\"><strong data-start=\"1424\" data-end=\"1445\">Ll\u00e9valo contigo<\/strong>: Col\u00f3calo en una cartera, tarjetero, bolsillo del pecho o mochila.<\/p>\n<\/li>\n<li data-start=\"1508\" data-end=\"1609\">\n<p data-start=\"1510\" data-end=\"1609\"><strong data-start=\"1510\" data-end=\"1535\">Col\u00f3quelo en su escritorio<\/strong>: Ideal para su estudio o \u00e1rea de trabajo para mejorar la concentraci\u00f3n y la estabilidad mental.<\/p>\n<\/li>\n<li data-start=\"1610\" data-end=\"1712\">\n<p data-start=\"1612\" data-end=\"1712\"><strong data-start=\"1612\" data-end=\"1629\">Ll\u00e9velo a diario<\/strong>: Puede colocarla en un tarjetero colgante para tener la bendici\u00f3n cerca de usted.<\/p>\n<\/li>\n<li data-start=\"1713\" data-end=\"1833\">\n<p data-start=\"1715\" data-end=\"1833\"><strong data-start=\"1715\" data-end=\"1746\">Mantener una mentalidad positiva<\/strong>: Una intenci\u00f3n tranquila, sincera y amable ayuda a alinearse con la energ\u00eda espiritual del talism\u00e1n.<\/p>\n<\/li>\n<\/ul>\n<hr data-start=\"1835\" data-end=\"1838\" \/>\n<h2 data-start=\"1840\" data-end=\"1858\"><strong data-start=\"1843\" data-end=\"1858\">Precauciones<\/strong><\/h2>\n<ul data-start=\"1859\" data-end=\"2382\">\n<li data-start=\"1859\" data-end=\"1977\">\n<p data-start=\"1861\" data-end=\"1977\"><strong data-start=\"1861\" data-end=\"1888\">Evite los lugares sucios<\/strong>: No coloques el talism\u00e1n en ambientes h\u00famedos o sucios, como cuartos de ba\u00f1o o aseos.<\/p>\n<\/li>\n<li data-start=\"1978\" data-end=\"2099\">\n<p data-start=\"1980\" data-end=\"2099\"><strong data-start=\"1980\" data-end=\"2001\">Sustituir regularmente<\/strong>: Tradicionalmente, los talismanes se renuevan cada <strong data-start=\"2048\" data-end=\"2062\">3-6 meses<\/strong> para mantener su potencia espiritual.<\/p>\n<\/li>\n<li data-start=\"2100\" data-end=\"2253\">\n<p data-start=\"2102\" data-end=\"2253\"><strong data-start=\"2102\" data-end=\"2129\">No descartar casualmente<\/strong>: Si est\u00e1 da\u00f1ado o caducado, devu\u00e9lvelo a un templo para que se le d\u00e9 el tratamiento ritual adecuado (como la quema ceremonial) en se\u00f1al de respeto.<\/p>\n<\/li>\n<li data-start=\"2254\" data-end=\"2382\">\n<p data-start=\"2256\" data-end=\"2382\"><strong data-start=\"2256\" data-end=\"2276\">Manipular con cuidado<\/strong>: Mant\u00e9n el talism\u00e1n alejado del agua, la luz solar excesiva o la flexi\u00f3n para conservar su forma y sus inscripciones.<\/p>\n<\/li>\n<\/ul>","protected":false},"excerpt":{"rendered":"<p>Esta es una tarjeta talism\u00e1n tao\u00edsta que se utiliza para rezar por el \u00e9xito en los estudios y la carrera profesional.<\/p>","protected":false},"featured_media":30272,"comment_status":"open","ping_status":"closed","template":"","meta":{"_joinchat":[]},"product_brand":[],"product_cat":[25],"product_tag":[],"class_list":{"0":"post-30270","1":"product","2":"type-product","3":"status-publish","4":"has-post-thumbnail","6":"product_cat-taoist-talisman","8":"first","9":"instock","10":"sale","11":"shipping-taxable","12":"purchasable","13":"product-type-simple"},"_links":{"self":[{"href":"https:\/\/fengshuixinyu.com\/es\/wp-json\/wp\/v2\/product\/30270","targetHints":{"allow":["GET"]}}],"collection":[{"href":"https:\/\/fengshuixinyu.com\/es\/wp-json\/wp\/v2\/product"}],"about":[{"href":"https:\/\/fengshuixinyu.com\/es\/wp-json\/wp\/v2\/types\/product"}],"replies":[{"embeddable":true,"href":"https:\/\/fengshuixinyu.com\/es\/wp-json\/wp\/v2\/comments?post=30270"}],"version-history":[{"count":2,"href":"https:\/\/fengshuixinyu.com\/es\/wp-json\/wp\/v2\/product\/30270\/revisions"}],"predecessor-version":[{"id":30283,"href":"https:\/\/fengshuixinyu.com\/es\/wp-json\/wp\/v2\/product\/30270\/revisions\/30283"}],"wp:featuredmedia":[{"embeddable":true,"href":"https:\/\/fengshuixinyu.com\/es\/wp-json\/wp\/v2\/media\/30272"}],"wp:attachment":[{"href":"https:\/\/fengshuixinyu.com\/es\/wp-json\/wp\/v2\/media?parent=30270"}],"wp:term":[{"taxonomy":"product_brand","embeddable":true,"href":"https:\/\/fengshuixinyu.com\/es\/wp-json\/wp\/v2\/product_brand?post=30270"},{"taxonomy":"product_cat","embeddable":true,"href":"https:\/\/fengshuixinyu.com\/es\/wp-json\/wp\/v2\/product_cat?post=30270"},{"taxonomy":"product_tag","embeddable":true,"href":"https:\/\/fengshuixinyu.com\/es\/wp-json\/wp\/v2\/product_tag?post=30270"}],"curies":[{"name":"wp","href":"https:\/\/api.w.org\/{rel}","templated":true}]}}