{"id":30277,"date":"2025-11-19T02:23:46","date_gmt":"2025-11-19T02:23:46","guid":{"rendered":"https:\/\/fengshuixinyu.com\/?post_type=product&#038;p=30277"},"modified":"2025-12-08T00:33:43","modified_gmt":"2025-12-08T08:33:43","slug":"taoist-talisman-cards-for-health-peace-exorcism","status":"publish","type":"product","link":"https:\/\/fengshuixinyu.com\/es\/product\/taoist-talisman-cards-for-health-peace-exorcism\/","title":{"rendered":"Tarjetas talism\u00e1n tao\u00edstas para la salud, la paz y el exorcismo"},"content":{"rendered":"<p data-start=\"0\" data-end=\"947\"><strong data-start=\"0\" data-end=\"23\">Funciones y usos:<\/strong><br data-start=\"23\" data-end=\"26\" \/><strong data-start=\"26\" data-end=\"61\">Socorro en cat\u00e1strofes y desgracias:<\/strong> Las inscripciones del papel talism\u00e1n, como \u201cElimina los desastres y resuelve las dificultades\u201d y \u201cCien soluciones a la desgracia\u201d, pretenden disipar las calamidades y la mala suerte.<br data-start=\"245\" data-end=\"248\" \/><strong data-start=\"248\" data-end=\"269\">Paz y Salud:<\/strong> El talism\u00e1n simboliza \u201cpaz\u201d y \u201cbuena salud\u201d. Puede llevarse como amuleto para buscar la protecci\u00f3n divina y alejar accidentes o enfermedades.<br data-start=\"411\" data-end=\"414\" \/><strong data-start=\"414\" data-end=\"446\">Exorcismo y repulsi\u00f3n del mal:<\/strong> Se cree que aleja las energ\u00edas negativas, los esp\u00edritus mal\u00e9volos y las influencias malignas, aportando una sensaci\u00f3n de calma y estabilidad espiritual.<br data-start=\"585\" data-end=\"588\" \/><strong data-start=\"588\" data-end=\"612\">Libertad de tab\u00faes:<\/strong> La frase \u201cLibre de todo tab\u00fa\u201d impresa en el talism\u00e1n indica que en general hay pocas restricciones para su uso, lo que lo hace adecuado para diversas ocasiones.<br data-start=\"776\" data-end=\"779\" \/><strong data-start=\"779\" data-end=\"801\">Credencial Divina:<\/strong> En la cultura tao\u00edsta, los talismanes sirven como credenciales o pruebas de comunicaci\u00f3n entre los humanos y las deidades, dotadas de poderes espirituales espec\u00edficos.<\/p>\n<p data-start=\"949\" data-end=\"1208\"><strong data-start=\"949\" data-end=\"959\">Uso:<\/strong><br data-start=\"959\" data-end=\"962\" \/>Un talism\u00e1n de la paz puede colocarse en una cartera, llevarse en el bolsillo de la camisa o colgarse del cuello. Es importante mantener la sinceridad y la reverencia al usarlo, y evitar colocarlo en lugares impuros o h\u00famedos, como ba\u00f1os o aseos.<\/p>\n<p data-start=\"1210\" data-end=\"1547\" data-is-last-node=\"\" data-is-only-node=\"\"><strong data-start=\"1210\" data-end=\"1226\">Precauciones:<\/strong><br data-start=\"1226\" data-end=\"1229\" \/>Un talism\u00e1n de la paz no tiene una eficacia permanente y, por lo general, se recomienda sustituirlo cada 3-6 meses. Los talismanes da\u00f1ados o caducados no deben desecharse de forma casual, sino que deben devolverse al templo original o a cualquier santuario para que reciban el tratamiento adecuado (como la quema ritual) en se\u00f1al de respeto a las deidades.<\/p>","protected":false},"excerpt":{"rendered":"<p>Esta es una tarjeta talism\u00e1n tao\u00edsta, tambi\u00e9n conocida como talism\u00e1n o amuleto de la paz, que se utiliza principalmente para rezar por la salud, la paz, el alivio de los desastres, alejar a los esp\u00edritus malignos y exorcizar a los demonios.<\/p>","protected":false},"featured_media":30279,"comment_status":"open","ping_status":"closed","template":"","meta":{"_joinchat":[]},"product_brand":[],"product_cat":[25],"product_tag":[],"class_list":{"0":"post-30277","1":"product","2":"type-product","3":"status-publish","4":"has-post-thumbnail","6":"product_cat-taoist-talisman","8":"first","9":"instock","10":"sale","11":"shipping-taxable","12":"purchasable","13":"product-type-simple"},"_links":{"self":[{"href":"https:\/\/fengshuixinyu.com\/es\/wp-json\/wp\/v2\/product\/30277","targetHints":{"allow":["GET"]}}],"collection":[{"href":"https:\/\/fengshuixinyu.com\/es\/wp-json\/wp\/v2\/product"}],"about":[{"href":"https:\/\/fengshuixinyu.com\/es\/wp-json\/wp\/v2\/types\/product"}],"replies":[{"embeddable":true,"href":"https:\/\/fengshuixinyu.com\/es\/wp-json\/wp\/v2\/comments?post=30277"}],"version-history":[{"count":1,"href":"https:\/\/fengshuixinyu.com\/es\/wp-json\/wp\/v2\/product\/30277\/revisions"}],"predecessor-version":[{"id":30281,"href":"https:\/\/fengshuixinyu.com\/es\/wp-json\/wp\/v2\/product\/30277\/revisions\/30281"}],"wp:featuredmedia":[{"embeddable":true,"href":"https:\/\/fengshuixinyu.com\/es\/wp-json\/wp\/v2\/media\/30279"}],"wp:attachment":[{"href":"https:\/\/fengshuixinyu.com\/es\/wp-json\/wp\/v2\/media?parent=30277"}],"wp:term":[{"taxonomy":"product_brand","embeddable":true,"href":"https:\/\/fengshuixinyu.com\/es\/wp-json\/wp\/v2\/product_brand?post=30277"},{"taxonomy":"product_cat","embeddable":true,"href":"https:\/\/fengshuixinyu.com\/es\/wp-json\/wp\/v2\/product_cat?post=30277"},{"taxonomy":"product_tag","embeddable":true,"href":"https:\/\/fengshuixinyu.com\/es\/wp-json\/wp\/v2\/product_tag?post=30277"}],"curies":[{"name":"wp","href":"https:\/\/api.w.org\/{rel}","templated":true}]}}