{"id":30284,"date":"2025-11-19T05:37:21","date_gmt":"2025-11-19T05:37:21","guid":{"rendered":"https:\/\/fengshuixinyu.com\/?post_type=product&#038;p=30284"},"modified":"2025-12-08T00:31:53","modified_gmt":"2025-12-08T08:31:53","slug":"taoist-fortune-boosting-talisman-card-turn-luck-rise-in-momentum","status":"publish","type":"product","link":"https:\/\/fengshuixinyu.com\/es\/product\/taoist-fortune-boosting-talisman-card-turn-luck-rise-in-momentum\/","title":{"rendered":"Tarjeta talism\u00e1n tao\u00edsta para aumentar la fortuna: \u201cCambia tu suerte y gana impulso\u201d.\u201d"},"content":{"rendered":"<h2 data-start=\"153\" data-end=\"176\"><strong data-start=\"156\" data-end=\"176\">Funciones y usos<\/strong><\/h2>\n<p data-start=\"177\" data-end=\"473\">Esta tarjeta talism\u00e1n tao\u00edsta est\u00e1 elaborada seg\u00fan los tradicionales \u7b26\u7bc6 (escritos talism\u00e1nicos) tao\u00edstas y potenciada mediante rituales de consagraci\u00f3n. Est\u00e1 dise\u00f1ada para ayudar al usuario a mejorar su suerte, superar el estancamiento y atraer oportunidades pr\u00f3speras. Las inscripciones y los sellos simbolizan las siguientes bendiciones:<\/p>\n<ul data-start=\"475\" data-end=\"1169\">\n<li data-start=\"475\" data-end=\"598\">\n<p data-start=\"477\" data-end=\"598\"><strong data-start=\"477\" data-end=\"509\">Convierte la mala suerte en buena suerte<\/strong>: Ayuda a disipar la energ\u00eda negativa y a cambiar la suerte en declive hacia una direcci\u00f3n positiva.<\/p>\n<\/li>\n<li data-start=\"599\" data-end=\"724\">\n<p data-start=\"601\" data-end=\"724\"><strong data-start=\"601\" data-end=\"626\">Llega la gran fortuna<\/strong>: Representa la energ\u00eda auspiciosa que entra en tu vida, adecuada para etapas importantes o transiciones.<\/p>\n<\/li>\n<li data-start=\"725\" data-end=\"859\">\n<p data-start=\"727\" data-end=\"859\"><strong data-start=\"727\" data-end=\"747\">Aumento del impulso<\/strong>: Aumenta la motivaci\u00f3n, la confianza y la energ\u00eda de apoyo de los benefactores, ayud\u00e1ndote a recuperar el impulso ascendente.<\/p>\n<\/li>\n<li data-start=\"860\" data-end=\"991\">\n<p data-start=\"862\" data-end=\"991\"><strong data-start=\"862\" data-end=\"889\">Superar obst\u00e1culos<\/strong>: Simboliza la superaci\u00f3n de barreras, el logro de avances y la facilitaci\u00f3n de un progreso fluido.<\/p>\n<\/li>\n<li data-start=\"992\" data-end=\"1169\">\n<p data-start=\"994\" data-end=\"1169\"><strong data-start=\"994\" data-end=\"1031\">Aumenta tu suerte y tu flujo financiero<\/strong>: Reza por una mejor suerte financiera, nuevas oportunidades y mayor abundancia, ideal para profesionales, empresarios y emprendedores.<\/p>\n<\/li>\n<\/ul>\n<p data-start=\"1171\" data-end=\"1278\">En general, encarna <strong data-start=\"1192\" data-end=\"1277\">Mejora de la suerte, creaci\u00f3n de impulso, eliminaci\u00f3n de obst\u00e1culos y atracci\u00f3n de la prosperidad.<\/strong>.<\/p>\n<hr data-start=\"1280\" data-end=\"1283\" \/>\n<h2 data-start=\"1285\" data-end=\"1302\"><strong data-start=\"1288\" data-end=\"1302\">C\u00f3mo usar<\/strong><\/h2>\n<p data-start=\"1303\" data-end=\"1417\">Para obtener el mejor apoyo espiritual y los mejores efectos protectores, la tarjeta talism\u00e1n se puede utilizar de las siguientes maneras:<\/p>\n<ul data-start=\"1419\" data-end=\"1813\">\n<li data-start=\"1419\" data-end=\"1538\">\n<p data-start=\"1421\" data-end=\"1538\"><strong data-start=\"1421\" data-end=\"1442\">Ll\u00e9valo contigo<\/strong>: Col\u00f3calo en una cartera, tarjetero, funda de tel\u00e9fono o bolsillo para mantener cerca la energ\u00eda del talism\u00e1n.<\/p>\n<\/li>\n<li data-start=\"1539\" data-end=\"1686\">\n<p data-start=\"1541\" data-end=\"1686\"><strong data-start=\"1541\" data-end=\"1570\">Col\u00f3quelo en lugares clave<\/strong>: Adecuado para escritorios, cajas registradoras, mostradores de tiendas o el \u00e1rea de riqueza de su hogar para mejorar la energ\u00eda circundante.<\/p>\n<\/li>\n<li data-start=\"1687\" data-end=\"1813\">\n<p data-start=\"1689\" data-end=\"1813\"><strong data-start=\"1689\" data-end=\"1712\">Usar con intenci\u00f3n<\/strong>: Conc\u00e9ntrate con calma en tus objetivos o deseos mientras llevas contigo el talism\u00e1n para alinearte con su energ\u00eda positiva.<\/p>\n<\/li>\n<\/ul>\n<hr data-start=\"1815\" data-end=\"1818\" \/>\n<h2 data-start=\"1820\" data-end=\"1838\"><strong data-start=\"1823\" data-end=\"1838\">Precauciones<\/strong><\/h2>\n<ul data-start=\"1839\" data-end=\"2321\">\n<li data-start=\"1839\" data-end=\"1955\">\n<p data-start=\"1841\" data-end=\"1955\"><strong data-start=\"1841\" data-end=\"1865\">Evita los lugares impuros.<\/strong>: No coloque el talism\u00e1n en ba\u00f1os, aseos ni zonas h\u00famedas para mantener su pureza.<\/p>\n<\/li>\n<li data-start=\"1956\" data-end=\"2065\">\n<p data-start=\"1958\" data-end=\"2065\"><strong data-start=\"1958\" data-end=\"1978\">Manipular con cuidado<\/strong>: Prot\u00e9jalo de dobleces, humedad o exposici\u00f3n prolongada a la luz solar para preservar su estado.<\/p>\n<\/li>\n<li data-start=\"2066\" data-end=\"2172\">\n<p data-start=\"2068\" data-end=\"2172\"><strong data-start=\"2068\" data-end=\"2089\">Reemplazar regularmente<\/strong>: Tradicionalmente se reemplazaba cada <strong data-start=\"2120\" data-end=\"2134\">3-6 meses<\/strong> para mantener fresca la energ\u00eda espiritual.<\/p>\n<\/li>\n<li data-start=\"2173\" data-end=\"2321\">\n<p data-start=\"2175\" data-end=\"2321\"><strong data-start=\"2175\" data-end=\"2202\">No lo descarte a la ligera.<\/strong>: Si est\u00e1 da\u00f1ado o caducado, devu\u00e9lvalo a un templo para que lo eliminen de forma ritual (por ejemplo, mediante una quema ceremonial) como muestra de respeto.<\/p>\n<\/li>\n<\/ul>","protected":false},"excerpt":{"rendered":"<p>Este es un talism\u00e1n tao\u00edsta para atraer la riqueza, dise\u00f1ado para traer buena fortuna y prosperidad a trav\u00e9s del feng shui y las creencias tradicionales.<\/p>","protected":false},"featured_media":30286,"comment_status":"open","ping_status":"closed","template":"","meta":{"_joinchat":[]},"product_brand":[],"product_cat":[25],"product_tag":[],"class_list":{"0":"post-30284","1":"product","2":"type-product","3":"status-publish","4":"has-post-thumbnail","6":"product_cat-taoist-talisman","8":"first","9":"instock","10":"sale","11":"shipping-taxable","12":"purchasable","13":"product-type-simple"},"_links":{"self":[{"href":"https:\/\/fengshuixinyu.com\/es\/wp-json\/wp\/v2\/product\/30284","targetHints":{"allow":["GET"]}}],"collection":[{"href":"https:\/\/fengshuixinyu.com\/es\/wp-json\/wp\/v2\/product"}],"about":[{"href":"https:\/\/fengshuixinyu.com\/es\/wp-json\/wp\/v2\/types\/product"}],"replies":[{"embeddable":true,"href":"https:\/\/fengshuixinyu.com\/es\/wp-json\/wp\/v2\/comments?post=30284"}],"version-history":[{"count":2,"href":"https:\/\/fengshuixinyu.com\/es\/wp-json\/wp\/v2\/product\/30284\/revisions"}],"predecessor-version":[{"id":31009,"href":"https:\/\/fengshuixinyu.com\/es\/wp-json\/wp\/v2\/product\/30284\/revisions\/31009"}],"wp:featuredmedia":[{"embeddable":true,"href":"https:\/\/fengshuixinyu.com\/es\/wp-json\/wp\/v2\/media\/30286"}],"wp:attachment":[{"href":"https:\/\/fengshuixinyu.com\/es\/wp-json\/wp\/v2\/media?parent=30284"}],"wp:term":[{"taxonomy":"product_brand","embeddable":true,"href":"https:\/\/fengshuixinyu.com\/es\/wp-json\/wp\/v2\/product_brand?post=30284"},{"taxonomy":"product_cat","embeddable":true,"href":"https:\/\/fengshuixinyu.com\/es\/wp-json\/wp\/v2\/product_cat?post=30284"},{"taxonomy":"product_tag","embeddable":true,"href":"https:\/\/fengshuixinyu.com\/es\/wp-json\/wp\/v2\/product_tag?post=30284"}],"curies":[{"name":"wp","href":"https:\/\/api.w.org\/{rel}","templated":true}]}}