{"id":30290,"date":"2025-11-19T05:55:31","date_gmt":"2025-11-19T05:55:31","guid":{"rendered":"https:\/\/fengshuixinyu.com\/?post_type=product&#038;p=30290"},"modified":"2025-12-08T00:29:40","modified_gmt":"2025-12-08T08:29:40","slug":"taoist-tai-sui-talisman-card","status":"publish","type":"product","link":"https:\/\/fengshuixinyu.com\/es\/product\/taoist-tai-sui-talisman-card\/","title":{"rendered":"Tarjeta talism\u00e1n tao\u00edsta Tai Sui"},"content":{"rendered":"<h2 data-start=\"157\" data-end=\"180\"><strong data-start=\"160\" data-end=\"180\">Funciones y usos<\/strong><\/h2>\n<p data-start=\"181\" data-end=\"508\">Sus funciones simb\u00f3licas incluyen:<\/p>\n<ul data-start=\"510\" data-end=\"1309\">\n<li data-start=\"510\" data-end=\"708\">\n<p data-start=\"512\" data-end=\"708\"><strong data-start=\"512\" data-end=\"546\">Neutralizar los conflictos Tai Sui<\/strong>: Ayuda a reducir el impacto de los choques zodiacales, las penalizaciones, los perjuicios o la oposici\u00f3n con el Tai Sui anual: condiciones que pueden causar contratiempos, obst\u00e1culos o desgracias.<\/p>\n<\/li>\n<li data-start=\"709\" data-end=\"857\">\n<p data-start=\"711\" data-end=\"857\"><strong data-start=\"711\" data-end=\"757\">Atraer bendiciones y protegerse del mal<\/strong>: Ayuda a estabilizar la suerte anual, reduciendo los problemas inesperados, los conflictos y las peque\u00f1as desgracias.<\/p>\n<\/li>\n<li data-start=\"858\" data-end=\"1024\">\n<p data-start=\"860\" data-end=\"1024\"><strong data-start=\"860\" data-end=\"893\">Protecci\u00f3n para todo el a\u00f1o<\/strong>: Ruega por un progreso sin problemas en el trabajo y en la vida, buena salud, relaciones armoniosas y seguridad frente a accidentes durante todo el a\u00f1o.<\/p>\n<\/li>\n<li data-start=\"1025\" data-end=\"1147\">\n<p data-start=\"1027\" data-end=\"1147\"><strong data-start=\"1027\" data-end=\"1051\">Estabilizar las finanzas<\/strong>: Ayuda a minimizar las fluctuaciones o p\u00e9rdidas financieras que suelen producirse durante un a\u00f1o de conflicto Tai Sui.<\/p>\n<\/li>\n<li data-start=\"1148\" data-end=\"1309\">\n<p data-start=\"1150\" data-end=\"1309\"><strong data-start=\"1150\" data-end=\"1180\">Protecci\u00f3n personal y del hogar<\/strong>: Ofrece protecci\u00f3n contra las energ\u00edas negativas y las perturbaciones espirituales, salvaguardando tanto al portador como su entorno vital.<\/p>\n<\/li>\n<\/ul>\n<p data-start=\"1311\" data-end=\"1482\">El Talism\u00e1n Tai Sui est\u00e1 especialmente indicado para quienes <strong data-start=\"1369\" data-end=\"1481\">ofender a Tai Sui, chocar con Tai Sui, tener mala suerte o sufrir repetidos obst\u00e1culos a lo largo del a\u00f1o.<\/strong>.<\/p>\n<hr data-start=\"1484\" data-end=\"1487\" \/>\n<h2 data-start=\"1489\" data-end=\"1506\"><strong data-start=\"1492\" data-end=\"1506\">C\u00f3mo usar<\/strong><\/h2>\n<p data-start=\"1507\" data-end=\"1619\">Para que el talism\u00e1n ofrezca toda su protecci\u00f3n espiritual, se recomienda utilizarlo de las siguientes maneras:<\/p>\n<ul data-start=\"1621\" data-end=\"2192\">\n<li data-start=\"1621\" data-end=\"1750\">\n<p data-start=\"1623\" data-end=\"1750\"><strong data-start=\"1623\" data-end=\"1644\">Ll\u00e9valo contigo<\/strong>: Col\u00f3calo en una cartera, tarjetero, bolsillo o funda de tel\u00e9fono para que la protecci\u00f3n permanezca siempre cerca.<\/p>\n<\/li>\n<li data-start=\"1751\" data-end=\"1899\">\n<p data-start=\"1753\" data-end=\"1899\"><strong data-start=\"1753\" data-end=\"1780\">Gu\u00e1rdelo en casa o en el trabajo<\/strong>: Tambi\u00e9n puedes colocarlo en el caj\u00f3n de tu dormitorio, sal\u00f3n u oficina para ayudar a estabilizar la energ\u00eda de tu espacio.<\/p>\n<\/li>\n<li data-start=\"1900\" data-end=\"2059\">\n<p data-start=\"1902\" data-end=\"2059\"><strong data-start=\"1902\" data-end=\"1925\">Usar con intenci\u00f3n<\/strong>: Recita con calma tus deseos u oraciones (por ejemplo, paz, protecci\u00f3n o alivio Tai Sui) para alinear tu intenci\u00f3n con el poder del talism\u00e1n.<\/p>\n<\/li>\n<li data-start=\"2060\" data-end=\"2192\">\n<p data-start=\"2062\" data-end=\"2192\"><strong data-start=\"2062\" data-end=\"2094\">Ll\u00e9velo todo el a\u00f1o<\/strong>: Tradicionalmente, el Talism\u00e1n Tai Sui se guarda desde el principio del a\u00f1o lunar hasta final de a\u00f1o.<\/p>\n<\/li>\n<\/ul>\n<hr data-start=\"2194\" data-end=\"2197\" \/>\n<h2 data-start=\"2199\" data-end=\"2217\"><strong data-start=\"2202\" data-end=\"2217\">Precauciones<\/strong><\/h2>\n<ul data-start=\"2218\" data-end=\"2866\">\n<li data-start=\"2218\" data-end=\"2319\">\n<p data-start=\"2220\" data-end=\"2319\"><strong data-start=\"2220\" data-end=\"2237\">Mant\u00e9ngalo limpio<\/strong>: No coloques el talism\u00e1n en lugares sucios o h\u00famedos, como cuartos de ba\u00f1o o aseos.<\/p>\n<\/li>\n<li data-start=\"2320\" data-end=\"2443\">\n<p data-start=\"2322\" data-end=\"2443\"><strong data-start=\"2322\" data-end=\"2342\">Manipular con cuidado<\/strong>: Mant\u00e9ngalo seco, protegido de dobleces, deformaciones o de la luz solar intensa para preservar su eficacia.<\/p>\n<\/li>\n<li data-start=\"2444\" data-end=\"2582\">\n<p data-start=\"2446\" data-end=\"2582\"><strong data-start=\"2446\" data-end=\"2466\">Sustituir anualmente<\/strong>: Los talismanes Tai Sui siguen la tradici\u00f3n de \u201cun a\u00f1o, una renovaci\u00f3n\u201d. Se recomienda un nuevo talism\u00e1n para cada a\u00f1o lunar.<\/p>\n<\/li>\n<li data-start=\"2583\" data-end=\"2729\">\n<p data-start=\"2585\" data-end=\"2729\"><strong data-start=\"2585\" data-end=\"2612\">No lo descarte a la ligera.<\/strong>: Al final del a\u00f1o, devuelve el talism\u00e1n a un templo para quemarlo o deshacerte de \u00e9l como se\u00f1al de respeto.<\/p>\n<\/li>\n<li data-start=\"2730\" data-end=\"2866\">\n<p data-start=\"2732\" data-end=\"2866\"><strong data-start=\"2732\" data-end=\"2763\">Mantener una mentalidad virtuosa<\/strong>: Una intenci\u00f3n sincera y recta ayuda al portador a recibir mayor protecci\u00f3n de la deidad Tai Sui.<\/p>\n<\/li>\n<\/ul>","protected":false},"excerpt":{"rendered":"<p>El talism\u00e1n Tai Sui es un amuleto protector tao\u00edsta tradicional que se utiliza para <strong data-start=\"251\" data-end=\"356\">Neutralizar las influencias negativas de ofender o entrar en conflicto con la deidad Tai Sui en un a\u00f1o espec\u00edfico.<\/strong>.<\/p>\n<p>Esta carta talism\u00e1n est\u00e1 consagrada por un maestro tao\u00edsta y posee el poder protector \u00fanico de las ense\u00f1anzas del Tai Sui.<\/p>","protected":false},"featured_media":30292,"comment_status":"open","ping_status":"closed","template":"","meta":{"_joinchat":[]},"product_brand":[],"product_cat":[25],"product_tag":[],"class_list":{"0":"post-30290","1":"product","2":"type-product","3":"status-publish","4":"has-post-thumbnail","6":"product_cat-taoist-talisman","8":"first","9":"instock","10":"sale","11":"shipping-taxable","12":"purchasable","13":"product-type-simple"},"_links":{"self":[{"href":"https:\/\/fengshuixinyu.com\/es\/wp-json\/wp\/v2\/product\/30290","targetHints":{"allow":["GET"]}}],"collection":[{"href":"https:\/\/fengshuixinyu.com\/es\/wp-json\/wp\/v2\/product"}],"about":[{"href":"https:\/\/fengshuixinyu.com\/es\/wp-json\/wp\/v2\/types\/product"}],"replies":[{"embeddable":true,"href":"https:\/\/fengshuixinyu.com\/es\/wp-json\/wp\/v2\/comments?post=30290"}],"version-history":[{"count":1,"href":"https:\/\/fengshuixinyu.com\/es\/wp-json\/wp\/v2\/product\/30290\/revisions"}],"predecessor-version":[{"id":30294,"href":"https:\/\/fengshuixinyu.com\/es\/wp-json\/wp\/v2\/product\/30290\/revisions\/30294"}],"wp:featuredmedia":[{"embeddable":true,"href":"https:\/\/fengshuixinyu.com\/es\/wp-json\/wp\/v2\/media\/30292"}],"wp:attachment":[{"href":"https:\/\/fengshuixinyu.com\/es\/wp-json\/wp\/v2\/media?parent=30290"}],"wp:term":[{"taxonomy":"product_brand","embeddable":true,"href":"https:\/\/fengshuixinyu.com\/es\/wp-json\/wp\/v2\/product_brand?post=30290"},{"taxonomy":"product_cat","embeddable":true,"href":"https:\/\/fengshuixinyu.com\/es\/wp-json\/wp\/v2\/product_cat?post=30290"},{"taxonomy":"product_tag","embeddable":true,"href":"https:\/\/fengshuixinyu.com\/es\/wp-json\/wp\/v2\/product_tag?post=30290"}],"curies":[{"name":"wp","href":"https:\/\/api.w.org\/{rel}","templated":true}]}}