{"id":30296,"date":"2025-11-19T07:46:21","date_gmt":"2025-11-19T07:46:21","guid":{"rendered":"https:\/\/fengshuixinyu.com\/?post_type=product&#038;p=30296"},"modified":"2025-12-08T00:28:33","modified_gmt":"2025-12-08T08:28:33","slug":"taoist-all-things-go-smoothly-talisman-card","status":"publish","type":"product","link":"https:\/\/fengshuixinyu.com\/es\/product\/taoist-all-things-go-smoothly-talisman-card\/","title":{"rendered":"Tarjeta talism\u00e1n tao\u00edsta \u201cTodo va sobre ruedas\u201d"},"content":{"rendered":"<h2 data-start=\"217\" data-end=\"240\"><strong data-start=\"220\" data-end=\"240\">Funciones y usos<\/strong><\/h2>\n<p data-start=\"241\" data-end=\"563\">Sus funciones principales incluyen:<\/p>\n<ul data-start=\"565\" data-end=\"1195\">\n<li data-start=\"565\" data-end=\"711\">\n<p data-start=\"567\" data-end=\"711\"><strong data-start=\"567\" data-end=\"593\">Mejorar la suerte en general<\/strong><br data-start=\"593\" data-end=\"596\" \/>Ayuda a que la vida, el trabajo, las relaciones y los asuntos cotidianos avancen con mayor fluidez, con menos obst\u00e1culos y contratiempos.<\/p>\n<\/li>\n<li data-start=\"712\" data-end=\"892\">\n<p data-start=\"714\" data-end=\"892\"><strong data-start=\"714\" data-end=\"750\">Apoyo al \u00e9xito profesional y laboral<\/strong><br data-start=\"750\" data-end=\"753\" \/>Ideal para personas en busca de empleo, ascensos, emprendedores o cualquiera que est\u00e9 llevando a cabo proyectos importantes, ya que facilita el progreso y mejora los resultados.<\/p>\n<\/li>\n<li data-start=\"893\" data-end=\"1043\">\n<p data-start=\"895\" data-end=\"1043\"><strong data-start=\"895\" data-end=\"931\">Reducci\u00f3n de peque\u00f1os problemas y retrasos<\/strong><br data-start=\"931\" data-end=\"934\" \/>Ayuda a minimizar malentendidos, peque\u00f1os accidentes o problemas repentinos, permitiendo que las cosas se desarrollen con mayor facilidad.<\/p>\n<\/li>\n<li data-start=\"1044\" data-end=\"1195\">\n<p data-start=\"1046\" data-end=\"1195\"><strong data-start=\"1046\" data-end=\"1086\">Aportando paz, armon\u00eda y comodidad<\/strong><br data-start=\"1086\" data-end=\"1089\" \/>Simboliza un hogar armonioso, relaciones interpersonales fluidas y un flujo tranquilo y constante de la vida cotidiana.<\/p>\n<\/li>\n<\/ul>\n<p data-start=\"1197\" data-end=\"1299\">En general, est\u00e1 dise\u00f1ado para aportar <strong data-start=\"1230\" data-end=\"1298\">progreso fluido, suerte constante y armon\u00eda en todos los aspectos de la vida<\/strong>.<\/p>\n<hr data-start=\"1301\" data-end=\"1304\" \/>\n<h2 data-start=\"1306\" data-end=\"1323\"><strong data-start=\"1309\" data-end=\"1323\">C\u00f3mo usar<\/strong><\/h2>\n<p data-start=\"1324\" data-end=\"1421\">Para maximizar los efectos beneficiosos del talism\u00e1n, se recomienda utilizarlo de las siguientes maneras:<\/p>\n<ul data-start=\"1423\" data-end=\"1872\">\n<li data-start=\"1423\" data-end=\"1565\">\n<p data-start=\"1425\" data-end=\"1565\"><strong data-start=\"1425\" data-end=\"1446\">Ll\u00e9valo contigo<\/strong><br data-start=\"1446\" data-end=\"1449\" \/>Gu\u00e1rdalo en tu cartera, tarjetero, funda del m\u00f3vil, bolso o bolsillo para que sus bendiciones te acompa\u00f1en durante todo el d\u00eda.<\/p>\n<\/li>\n<li data-start=\"1566\" data-end=\"1718\">\n<p data-start=\"1568\" data-end=\"1718\"><strong data-start=\"1568\" data-end=\"1593\">Col\u00f3quelo en \u00e1reas clave<\/strong><br data-start=\"1593\" data-end=\"1596\" \/>Adecuado para escritorios, cajones, veh\u00edculos, dormitorios o el rinc\u00f3n de la riqueza de tu hogar para potenciar la energ\u00eda positiva y fluida.<\/p>\n<\/li>\n<li data-start=\"1719\" data-end=\"1872\">\n<p data-start=\"1721\" data-end=\"1872\"><strong data-start=\"1721\" data-end=\"1744\">Usar con intenci\u00f3n<\/strong><br data-start=\"1744\" data-end=\"1747\" \/>Establece tus metas o deseos en silencio y con sinceridad; alinear tu intenci\u00f3n con el talism\u00e1n potencia su energ\u00eda de apoyo.<\/p>\n<\/li>\n<\/ul>\n<hr data-start=\"1874\" data-end=\"1877\" \/>\n<h2 data-start=\"1879\" data-end=\"1897\"><strong data-start=\"1882\" data-end=\"1897\">Precauciones<\/strong><\/h2>\n<ul data-start=\"1898\" data-end=\"2436\">\n<li data-start=\"1898\" data-end=\"2027\">\n<p data-start=\"1900\" data-end=\"2027\"><strong data-start=\"1900\" data-end=\"1938\">Evite los entornos sucios o h\u00famedos.<\/strong><br data-start=\"1938\" data-end=\"1941\" \/>No coloque el talism\u00e1n en ba\u00f1os, aseos u otros lugares impuros o h\u00famedos.<\/p>\n<\/li>\n<li data-start=\"2028\" data-end=\"2159\">\n<p data-start=\"2030\" data-end=\"2159\"><strong data-start=\"2030\" data-end=\"2056\">Mant\u00e9ngalo seco e intacto.<\/strong><br data-start=\"2056\" data-end=\"2059\" \/>Evite doblarlo, mojarlo o exponerlo a la luz solar intensa para mantener su eficacia espiritual.<\/p>\n<\/li>\n<li data-start=\"2160\" data-end=\"2279\">\n<p data-start=\"2162\" data-end=\"2279\"><strong data-start=\"2162\" data-end=\"2183\">Reemplazar regularmente<\/strong><br data-start=\"2183\" data-end=\"2186\" \/>Tradicionalmente se sustituye cada <strong data-start=\"2217\" data-end=\"2231\">3-6 meses<\/strong> para mantener la energ\u00eda del talism\u00e1n fresca y fuerte.<\/p>\n<\/li>\n<li data-start=\"2280\" data-end=\"2436\">\n<p data-start=\"2282\" data-end=\"2436\"><strong data-start=\"2282\" data-end=\"2309\">No lo descarte a la ligera.<\/strong><br data-start=\"2309\" data-end=\"2312\" \/>Si est\u00e1 da\u00f1ado o caducado, devu\u00e9lvalo a un templo para que lo eliminen de forma ritual (por ejemplo, mediante una quema ceremonial) como muestra de respeto.<\/p>\n<\/li>\n<\/ul>","protected":false},"excerpt":{"rendered":"<p>Este tao\u00edsta <em data-start=\"253\" data-end=\"277\">Todo va sobre ruedas.<\/em> La tarjeta talism\u00e1n se basa en la escritura talism\u00e1nica tradicional y est\u00e1 bendecida por un maestro tao\u00edsta.<\/p>\n<p>Las inscripciones como \u201cTodo va bien\u201d, \u201cSuave como el viento y el agua\u201d y \u201cSuave en mente y esp\u00edritu\u201d simbolizan la energ\u00eda armoniosa y la buena fortuna en general.<\/p>","protected":false},"featured_media":30298,"comment_status":"open","ping_status":"closed","template":"","meta":{"_joinchat":[]},"product_brand":[],"product_cat":[25],"product_tag":[],"class_list":{"0":"post-30296","1":"product","2":"type-product","3":"status-publish","4":"has-post-thumbnail","6":"product_cat-taoist-talisman","8":"first","9":"instock","10":"sale","11":"shipping-taxable","12":"purchasable","13":"product-type-simple"},"_links":{"self":[{"href":"https:\/\/fengshuixinyu.com\/es\/wp-json\/wp\/v2\/product\/30296","targetHints":{"allow":["GET"]}}],"collection":[{"href":"https:\/\/fengshuixinyu.com\/es\/wp-json\/wp\/v2\/product"}],"about":[{"href":"https:\/\/fengshuixinyu.com\/es\/wp-json\/wp\/v2\/types\/product"}],"replies":[{"embeddable":true,"href":"https:\/\/fengshuixinyu.com\/es\/wp-json\/wp\/v2\/comments?post=30296"}],"version-history":[{"count":1,"href":"https:\/\/fengshuixinyu.com\/es\/wp-json\/wp\/v2\/product\/30296\/revisions"}],"predecessor-version":[{"id":30300,"href":"https:\/\/fengshuixinyu.com\/es\/wp-json\/wp\/v2\/product\/30296\/revisions\/30300"}],"wp:featuredmedia":[{"embeddable":true,"href":"https:\/\/fengshuixinyu.com\/es\/wp-json\/wp\/v2\/media\/30298"}],"wp:attachment":[{"href":"https:\/\/fengshuixinyu.com\/es\/wp-json\/wp\/v2\/media?parent=30296"}],"wp:term":[{"taxonomy":"product_brand","embeddable":true,"href":"https:\/\/fengshuixinyu.com\/es\/wp-json\/wp\/v2\/product_brand?post=30296"},{"taxonomy":"product_cat","embeddable":true,"href":"https:\/\/fengshuixinyu.com\/es\/wp-json\/wp\/v2\/product_cat?post=30296"},{"taxonomy":"product_tag","embeddable":true,"href":"https:\/\/fengshuixinyu.com\/es\/wp-json\/wp\/v2\/product_tag?post=30296"}],"curies":[{"name":"wp","href":"https:\/\/api.w.org\/{rel}","templated":true}]}}