{"id":30308,"date":"2025-11-19T08:53:48","date_gmt":"2025-11-19T08:53:48","guid":{"rendered":"https:\/\/fengshuixinyu.com\/?post_type=product&#038;p=30308"},"modified":"2025-12-08T00:27:03","modified_gmt":"2025-12-08T08:27:03","slug":"taoist-debt-clearing-talisman-card","status":"publish","type":"product","link":"https:\/\/fengshuixinyu.com\/es\/product\/taoist-debt-clearing-talisman-card\/","title":{"rendered":"Tarjeta talism\u00e1n tao\u00edsta para saldar deudas"},"content":{"rendered":"<h2 data-start=\"356\" data-end=\"379\"><strong data-start=\"359\" data-end=\"379\">Funciones y usos<\/strong><\/h2>\n<p data-start=\"380\" data-end=\"724\">\u00a0Sus funciones principales incluyen:<\/p>\n<h3 data-start=\"726\" data-end=\"774\"><strong data-start=\"730\" data-end=\"774\">\u2022 Apoyo para el pago y la resoluci\u00f3n de deudas.<\/strong><\/h3>\n<p data-start=\"775\" data-end=\"896\">Ayuda a avanzar con mayor fluidez al lidiar con deudas personales, pagos atrasados, facturas impagadas o presiones financieras.<\/p>\n<h3 data-start=\"898\" data-end=\"941\"><strong data-start=\"902\" data-end=\"941\">\u2022 Mejorar el \u00e9xito en el cobro de deudas<\/strong><\/h3>\n<p data-start=\"942\" data-end=\"1104\">Simboliza una comunicaci\u00f3n m\u00e1s fluida, menos obst\u00e1culos y una mejor cooperaci\u00f3n durante el proceso de cobro, ideal para quienes necesitan recuperar pagos con regularidad.<\/p>\n<h3 data-start=\"1106\" data-end=\"1161\"><strong data-start=\"1110\" data-end=\"1161\">\u2022 Abrir la puerta de la riqueza y mejorar el flujo de caja<\/strong><\/h3>\n<p data-start=\"1162\" data-end=\"1283\">\u201cAbrir la puerta de la riqueza\u201d representa aumentar las oportunidades de ingresos, mejorar el flujo de caja y fortalecer la suerte financiera.<\/p>\n<h3 data-start=\"1285\" data-end=\"1342\"><strong data-start=\"1289\" data-end=\"1342\">\u2022 Eliminar los obst\u00e1culos financieros y estabilizar la suerte.<\/strong><\/h3>\n<p data-start=\"1343\" data-end=\"1511\">Adecuado para empresarios, aut\u00f3nomos, comerciales y cualquier persona que se enfrente a situaciones financieras dif\u00edciles. Ayuda a reducir el estancamiento y a recuperar el control sobre los asuntos econ\u00f3micos.<\/p>\n<p data-start=\"1513\" data-end=\"1629\">En general, representa <strong data-start=\"1536\" data-end=\"1628\">claridad financiera, recuperaci\u00f3n m\u00e1s fluida de la deuda, reducci\u00f3n de p\u00e9rdidas y mejor circulaci\u00f3n de la riqueza.<\/strong>.<\/p>\n<hr data-start=\"1631\" data-end=\"1634\" \/>\n<h2 data-start=\"1636\" data-end=\"1653\"><strong data-start=\"1639\" data-end=\"1653\">C\u00f3mo usar<\/strong><\/h2>\n<h3 data-start=\"1655\" data-end=\"1682\"><strong data-start=\"1659\" data-end=\"1682\">\u2022 Ll\u00e9valo contigo<\/strong><\/h3>\n<p data-start=\"1683\" data-end=\"1804\">Col\u00f3calo en tu cartera, tarjetero, funda del m\u00f3vil, bolso o bolsillo para mantener su energ\u00eda cerca y activar un flujo fluido de riqueza.<\/p>\n<h3 data-start=\"1806\" data-end=\"1859\"><strong data-start=\"1810\" data-end=\"1859\">\u2022 Col\u00f3quelo en \u00e1reas relacionadas con las finanzas o el trabajo.<\/strong><\/h3>\n<p data-start=\"1860\" data-end=\"1985\">Los lugares ideales incluyen tu escritorio, la caja registradora, la caja fuerte o junto a los documentos contables para fortalecer la energ\u00eda financiera.<\/p>\n<h3 data-start=\"1987\" data-end=\"2028\"><strong data-start=\"1991\" data-end=\"2028\">\u2022 \u00dasalo durante el establecimiento de intenciones.<\/strong><\/h3>\n<p data-start=\"2029\" data-end=\"2177\">Conc\u00e9ntrate con calma en tus objetivos financieros, como la recuperaci\u00f3n exitosa de la deuda, unos ingresos estables o un reembolso sin problemas, para alinear tu intenci\u00f3n con el talism\u00e1n.<\/p>\n<hr data-start=\"2179\" data-end=\"2182\" \/>\n<h2 data-start=\"2184\" data-end=\"2202\"><strong data-start=\"2187\" data-end=\"2202\">Precauciones<\/strong><\/h2>\n<ul data-start=\"2204\" data-end=\"2893\">\n<li data-start=\"2204\" data-end=\"2343\">\n<p data-start=\"2206\" data-end=\"2343\"><strong data-start=\"2206\" data-end=\"2239\">Evite los lugares sucios o h\u00famedos.<\/strong><br data-start=\"2239\" data-end=\"2242\" \/>No guardes el talism\u00e1n en ba\u00f1os, aseos o ambientes h\u00famedos para mantener la pureza espiritual.<\/p>\n<\/li>\n<li data-start=\"2345\" data-end=\"2476\">\n<p data-start=\"2347\" data-end=\"2476\"><strong data-start=\"2347\" data-end=\"2373\">Mant\u00e9ngalo intacto y seco.<\/strong><br data-start=\"2373\" data-end=\"2376\" \/>Evita doblarlo, rasgarlo, mojarlo o exponerlo a la luz solar directa para preservar la eficacia del talism\u00e1n.<\/p>\n<\/li>\n<li data-start=\"2478\" data-end=\"2595\">\n<p data-start=\"2480\" data-end=\"2595\"><strong data-start=\"2480\" data-end=\"2524\">Se recomienda sustituirlo cada 3-6 meses.<\/strong><br data-start=\"2524\" data-end=\"2527\" \/>La renovaci\u00f3n peri\u00f3dica ayuda a mantener la energ\u00eda del talism\u00e1n fresca y activa.<\/p>\n<\/li>\n<li data-start=\"2597\" data-end=\"2731\">\n<p data-start=\"2599\" data-end=\"2731\"><strong data-start=\"2599\" data-end=\"2626\">No lo descarte a la ligera.<\/strong><br data-start=\"2626\" data-end=\"2629\" \/>Cuando est\u00e9 da\u00f1ado o caducado, devu\u00e9lvalo a un templo o des\u00e9chelo respetuosamente mediante una quema ritual.<\/p>\n<\/li>\n<li data-start=\"2733\" data-end=\"2893\">\n<p data-start=\"2735\" data-end=\"2893\"><strong data-start=\"2735\" data-end=\"2776\">Mant\u00e9n una mentalidad sincera y honesta.<\/strong><br data-start=\"2776\" data-end=\"2779\" \/>Las intenciones \u00e9ticas y el comportamiento financiero honesto ayudan al talism\u00e1n a manifestar su efecto protector con mayor facilidad.<\/p>\n<\/li>\n<\/ul>","protected":false},"excerpt":{"rendered":"<p>Este tao\u00edsta <em data-start=\"392\" data-end=\"435\">Tarjeta talism\u00e1n para la liquidaci\u00f3n de deudas y el flujo de riqueza<\/em> est\u00e1 dibujado a mano y consagrado por un maestro tao\u00edsta. Las inscripciones como \u201cSalir de deudas\u201d, \u201cAtraer pagos\u201d, \u201cRecuperaci\u00f3n de deudas\u201d y \u201cTodo va sobre ruedas\u201d simbolizan la eliminaci\u00f3n de bloqueos financieros, la mejora de los procesos de pago y la mejora del flujo de dinero.<\/p>","protected":false},"featured_media":30310,"comment_status":"open","ping_status":"closed","template":"","meta":{"_joinchat":[]},"product_brand":[],"product_cat":[25],"product_tag":[],"class_list":{"0":"post-30308","1":"product","2":"type-product","3":"status-publish","4":"has-post-thumbnail","6":"product_cat-taoist-talisman","8":"first","9":"instock","10":"sale","11":"shipping-taxable","12":"purchasable","13":"product-type-simple"},"_links":{"self":[{"href":"https:\/\/fengshuixinyu.com\/es\/wp-json\/wp\/v2\/product\/30308","targetHints":{"allow":["GET"]}}],"collection":[{"href":"https:\/\/fengshuixinyu.com\/es\/wp-json\/wp\/v2\/product"}],"about":[{"href":"https:\/\/fengshuixinyu.com\/es\/wp-json\/wp\/v2\/types\/product"}],"replies":[{"embeddable":true,"href":"https:\/\/fengshuixinyu.com\/es\/wp-json\/wp\/v2\/comments?post=30308"}],"version-history":[{"count":2,"href":"https:\/\/fengshuixinyu.com\/es\/wp-json\/wp\/v2\/product\/30308\/revisions"}],"predecessor-version":[{"id":30313,"href":"https:\/\/fengshuixinyu.com\/es\/wp-json\/wp\/v2\/product\/30308\/revisions\/30313"}],"wp:featuredmedia":[{"embeddable":true,"href":"https:\/\/fengshuixinyu.com\/es\/wp-json\/wp\/v2\/media\/30310"}],"wp:attachment":[{"href":"https:\/\/fengshuixinyu.com\/es\/wp-json\/wp\/v2\/media?parent=30308"}],"wp:term":[{"taxonomy":"product_brand","embeddable":true,"href":"https:\/\/fengshuixinyu.com\/es\/wp-json\/wp\/v2\/product_brand?post=30308"},{"taxonomy":"product_cat","embeddable":true,"href":"https:\/\/fengshuixinyu.com\/es\/wp-json\/wp\/v2\/product_cat?post=30308"},{"taxonomy":"product_tag","embeddable":true,"href":"https:\/\/fengshuixinyu.com\/es\/wp-json\/wp\/v2\/product_tag?post=30308"}],"curies":[{"name":"wp","href":"https:\/\/api.w.org\/{rel}","templated":true}]}}