{"id":30314,"date":"2025-11-19T09:02:52","date_gmt":"2025-11-19T09:02:52","guid":{"rendered":"https:\/\/fengshuixinyu.com\/?post_type=product&#038;p=30314"},"modified":"2025-12-08T00:24:51","modified_gmt":"2025-12-08T08:24:51","slug":"taoist-love-relationship-talisman-card","status":"publish","type":"product","link":"https:\/\/fengshuixinyu.com\/es\/product\/taoist-love-relationship-talisman-card\/","title":{"rendered":"Tarjeta talism\u00e1n tao\u00edsta para el amor y las relaciones"},"content":{"rendered":"<h2 data-start=\"205\" data-end=\"228\"><strong data-start=\"208\" data-end=\"228\">Funciones y usos<\/strong><\/h2>\n<p data-start=\"229\" data-end=\"585\">Sus funciones principales incluyen:<\/p>\n<h3 data-start=\"587\" data-end=\"642\"><strong data-start=\"591\" data-end=\"642\">\u2022 Atraer el amor verdadero y las relaciones positivas<\/strong><\/h3>\n<p data-start=\"643\" data-end=\"756\">Ayuda a las personas solteras a potenciar su energ\u00eda rom\u00e1ntica y atraer a una pareja compatible, aut\u00e9ntica y armoniosa.<\/p>\n<h3 data-start=\"758\" data-end=\"804\"><strong data-start=\"762\" data-end=\"804\">\u2022 Fortalecimiento de las relaciones existentes<\/strong><\/h3>\n<p data-start=\"805\" data-end=\"919\">Ideal para quienes est\u00e1n en una relaci\u00f3n, ya que ayuda a estabilizar las emociones, fortalecer los lazos y mejorar el entendimiento mutuo.<\/p>\n<h3 data-start=\"921\" data-end=\"974\"><strong data-start=\"925\" data-end=\"974\">\u2022 Mejorar la comunicaci\u00f3n y la armon\u00eda emocional.<\/strong><\/h3>\n<p data-start=\"975\" data-end=\"1091\">Simboliza la reducci\u00f3n de malentendidos, la mejora de la comunicaci\u00f3n y el fomento de una conexi\u00f3n emocional y una confianza m\u00e1s profundas.<\/p>\n<h3 data-start=\"1093\" data-end=\"1157\"><strong data-start=\"1097\" data-end=\"1157\">\u2022 Apoyo para la plenitud emocional y la felicidad a largo plazo.<\/strong><\/h3>\n<p data-start=\"1158\" data-end=\"1264\">Fomenta el desarrollo de relaciones comprometidas, la preparaci\u00f3n para el matrimonio y la armon\u00eda rom\u00e1ntica a largo plazo.<\/p>\n<p data-start=\"1266\" data-end=\"1414\">En general, el talism\u00e1n simboliza <strong data-start=\"1299\" data-end=\"1413\">atracci\u00f3n amorosa, armon\u00eda emocional, comunicaci\u00f3n fluida, relaciones satisfactorias y felicidad duradera.<\/strong>.<\/p>\n<hr data-start=\"1416\" data-end=\"1419\" \/>\n<h2 data-start=\"1421\" data-end=\"1438\"><strong data-start=\"1424\" data-end=\"1438\">C\u00f3mo usar<\/strong><\/h2>\n<h3 data-start=\"1440\" data-end=\"1467\"><strong data-start=\"1444\" data-end=\"1467\">\u2022 Ll\u00e9valo contigo<\/strong><\/h3>\n<p data-start=\"1468\" data-end=\"1575\">Col\u00f3calo en tu cartera, tarjetero, funda del m\u00f3vil, bolso o bolsillo para recibir apoyo continuo en tus relaciones.<\/p>\n<h3 data-start=\"1577\" data-end=\"1617\"><strong data-start=\"1581\" data-end=\"1617\">\u2022 Col\u00f3calo en \u00e1reas relacionadas con el amor.<\/strong><\/h3>\n<p data-start=\"1618\" data-end=\"1774\">Ideal para el dormitorio, la mesita de noche, el tocador o cualquier zona donde establezcas tus intenciones en materia de amor y relaciones. Ayuda a amplificar la energ\u00eda rom\u00e1ntica y armoniosa.<\/p>\n<h3 data-start=\"1776\" data-end=\"1817\"><strong data-start=\"1780\" data-end=\"1817\">\u2022 \u00dasalo durante el establecimiento de intenciones.<\/strong><\/h3>\n<p data-start=\"1818\" data-end=\"1984\">Expresa con calma tus deseos, como \u201catraer el amor verdadero\u201d, \u201cmejorar nuestra relaci\u00f3n\u201d o \u201calcanzar la armon\u00eda\u201d.\u201d<br data-start=\"1924\" data-end=\"1927\" \/>Un coraz\u00f3n sincero se alinea mejor con la energ\u00eda del talism\u00e1n.<\/p>\n<hr data-start=\"1986\" data-end=\"1989\" \/>\n<h2 data-start=\"1991\" data-end=\"2009\"><strong data-start=\"1994\" data-end=\"2009\">Precauciones<\/strong><\/h2>\n<ul data-start=\"2011\" data-end=\"2692\">\n<li data-start=\"2011\" data-end=\"2126\">\n<p data-start=\"2013\" data-end=\"2126\"><strong data-start=\"2013\" data-end=\"2043\">Mant\u00e9n la limpieza y el respeto<\/strong><br data-start=\"2043\" data-end=\"2046\" \/>Evite colocarlo en ambientes sucios o h\u00famedos, como ba\u00f1os o aseos.<\/p>\n<\/li>\n<li data-start=\"2128\" data-end=\"2254\">\n<p data-start=\"2130\" data-end=\"2254\"><strong data-start=\"2130\" data-end=\"2156\">Mant\u00e9ngalo seco e intacto.<\/strong><br data-start=\"2156\" data-end=\"2159\" \/>Prot\u00e9jalo de dobleces, rasgaduras, agua o exposici\u00f3n prolongada a la luz solar para mantener su eficacia.<\/p>\n<\/li>\n<li data-start=\"2256\" data-end=\"2409\">\n<p data-start=\"2258\" data-end=\"2409\"><strong data-start=\"2258\" data-end=\"2310\">Reemplazar regularmente (se recomienda cada 3-6 meses)<\/strong><br data-start=\"2310\" data-end=\"2313\" \/>Los talismanes tradicionales funcionan mejor cuando se renuevan peri\u00f3dicamente para mantener una energ\u00eda fresca y activa.<\/p>\n<\/li>\n<li data-start=\"2411\" data-end=\"2545\">\n<p data-start=\"2413\" data-end=\"2545\"><strong data-start=\"2413\" data-end=\"2440\">No lo descarte a la ligera.<\/strong><br data-start=\"2440\" data-end=\"2443\" \/>Cuando est\u00e9 da\u00f1ado o caducado, devu\u00e9lvalo a un templo o des\u00e9chelo respetuosamente mediante una quema ritual.<\/p>\n<\/li>\n<li data-start=\"2547\" data-end=\"2692\">\n<p data-start=\"2549\" data-end=\"2692\"><strong data-start=\"2549\" data-end=\"2592\">Mant\u00e9n una actitud sincera y positiva.<\/strong><br data-start=\"2592\" data-end=\"2595\" \/>Las intenciones amorosas, la bondad y la sinceridad emocional ayudan al talism\u00e1n a funcionar con mayor armon\u00eda.<\/p>\n<\/li>\n<\/ul>","protected":false},"excerpt":{"rendered":"<p>Este tao\u00edsta <em data-start=\"241\" data-end=\"276\">Tarjeta talism\u00e1n del amor y las relaciones<\/em> Es dibujado y consagrado por un maestro tao\u00edsta seg\u00fan las pr\u00e1cticas talism\u00e1nicas tradicionales. Las inscripciones, tales como \u201cPareja ideal\u201d, \u201cUni\u00f3n bendita\u201d, \u201cCompa\u00f1ero predestinado\u201d, \u201cArmon\u00eda\u201d y \u201cAmor perfecto\u201d, simbolizan la energ\u00eda positiva de la relaci\u00f3n, la armon\u00eda emocional y las conexiones satisfactorias.<\/p>","protected":false},"featured_media":30316,"comment_status":"open","ping_status":"closed","template":"","meta":{"_joinchat":[]},"product_brand":[],"product_cat":[25],"product_tag":[],"class_list":{"0":"post-30314","1":"product","2":"type-product","3":"status-publish","4":"has-post-thumbnail","6":"product_cat-taoist-talisman","8":"first","9":"instock","10":"sale","11":"shipping-taxable","12":"purchasable","13":"product-type-simple"},"_links":{"self":[{"href":"https:\/\/fengshuixinyu.com\/es\/wp-json\/wp\/v2\/product\/30314","targetHints":{"allow":["GET"]}}],"collection":[{"href":"https:\/\/fengshuixinyu.com\/es\/wp-json\/wp\/v2\/product"}],"about":[{"href":"https:\/\/fengshuixinyu.com\/es\/wp-json\/wp\/v2\/types\/product"}],"replies":[{"embeddable":true,"href":"https:\/\/fengshuixinyu.com\/es\/wp-json\/wp\/v2\/comments?post=30314"}],"version-history":[{"count":2,"href":"https:\/\/fengshuixinyu.com\/es\/wp-json\/wp\/v2\/product\/30314\/revisions"}],"predecessor-version":[{"id":31008,"href":"https:\/\/fengshuixinyu.com\/es\/wp-json\/wp\/v2\/product\/30314\/revisions\/31008"}],"wp:featuredmedia":[{"embeddable":true,"href":"https:\/\/fengshuixinyu.com\/es\/wp-json\/wp\/v2\/media\/30316"}],"wp:attachment":[{"href":"https:\/\/fengshuixinyu.com\/es\/wp-json\/wp\/v2\/media?parent=30314"}],"wp:term":[{"taxonomy":"product_brand","embeddable":true,"href":"https:\/\/fengshuixinyu.com\/es\/wp-json\/wp\/v2\/product_brand?post=30314"},{"taxonomy":"product_cat","embeddable":true,"href":"https:\/\/fengshuixinyu.com\/es\/wp-json\/wp\/v2\/product_cat?post=30314"},{"taxonomy":"product_tag","embeddable":true,"href":"https:\/\/fengshuixinyu.com\/es\/wp-json\/wp\/v2\/product_tag?post=30314"}],"curies":[{"name":"wp","href":"https:\/\/api.w.org\/{rel}","templated":true}]}}