{"id":30320,"date":"2025-11-19T09:18:26","date_gmt":"2025-11-19T09:18:26","guid":{"rendered":"https:\/\/fengshuixinyu.com\/?post_type=product&#038;p=30320"},"modified":"2026-02-04T00:01:34","modified_gmt":"2026-02-04T08:01:34","slug":"taoist-wealth-treasury-talisman-card-feng-shui","status":"publish","type":"product","link":"https:\/\/fengshuixinyu.com\/es\/product\/taoist-wealth-treasury-talisman-card-feng-shui\/","title":{"rendered":"Tarjeta Talism\u00e1n Tao\u00edsta del Tesoro de la Riqueza - Amuleto Feng Shui Consagrado para las Ganancias Extraordinarias y el Aumento de los Ingresos Principales"},"content":{"rendered":"<h3 data-start=\"2037\" data-end=\"2355\"><strong data-start=\"2037\" data-end=\"2066\">\u00bfPor qu\u00e9 elegir este talism\u00e1n?<\/strong><\/h3>\n<p data-start=\"2037\" data-end=\"2355\">A diferencia de los art\u00edculos fabricados en serie, nuestras cartas se consagran mediante m\u00e9todos tao\u00edstas tradicionales. Tanto si es usted un empresario que quiere aumentar sus ventas, un profesional que busca un ascenso o alguien que desea un poco m\u00e1s de suerte, este talism\u00e1n le servir\u00e1 de \u201cim\u00e1n del dinero\u201d personal en su bolsillo.<\/p>\n<h3 data-start=\"759\" data-end=\"782\"><strong>Caracter\u00edsticas y ventajas<\/strong><\/h3>\n<ul>\n<li data-start=\"759\" data-end=\"782\"><strong>Consagrado por los Maestros<\/strong><br \/>\nInscrita a mano y activada espiritualmente por maestros tao\u00edstas para garantizar un flujo de energ\u00eda aut\u00e9ntico y potente.<\/li>\n<li data-start=\"759\" data-end=\"782\"><strong>\u201cActivaci\u00f3n de \u201dCai Ku<\/strong><br \/>\nDise\u00f1ado espec\u00edficamente para abrir y proteger su \u201cTesoro Patrimonial\u201d personal, evitando p\u00e9rdidas financieras innecesarias.<\/li>\n<li data-start=\"759\" data-end=\"782\"><strong>Doble atracci\u00f3n de riqueza<\/strong><br \/>\nAumenta tanto la \u201cRiqueza Principal\u201d (ingresos profesionales\/empresariales) como la \u201cRiqueza Inesperada\u201d (inversiones\/ganancias inesperadas).<\/li>\n<li data-start=\"759\" data-end=\"782\"><strong>El poder de la fortuna a cinco bandas<\/strong><br \/>\nCanaliza la energ\u00eda de los Cinco Dioses de la Riqueza para atraer clientes, mentores y oportunidades de todas direcciones.<\/li>\n<li data-start=\"759\" data-end=\"782\"><strong>Port\u00e1til y duradero<\/strong><br \/>\nDise\u00f1ada como una tarjeta delgada que cabe perfectamente en la cartera o en la funda del tel\u00e9fono, para mantener la energ\u00eda cerca de ti en todo momento.<\/li>\n<\/ul>\n<h3>Consejos de uso y potenciadores de la conversi\u00f3n<\/h3>\n<ul>\n<li><strong>Mejor colocaci\u00f3n<\/strong><br \/>\nPara conseguir el m\u00e1ximo efecto, coloque la tarjeta en su cartera principal (donde se guarda el dinero), en la caja registradora o en la esquina sureste de su casa.<\/li>\n<li><strong>Mantenimiento<\/strong><br \/>\nPara mantener vivo el campo energ\u00e9tico, se recomienda sustituir el talism\u00e1n cada 6 o 12 meses, sobre todo durante el A\u00f1o Nuevo Lunar.<\/li>\n<li><strong>Potencial de regalo<\/strong><br \/>\nSe trata de un regalo \u00fanico y bien pensado para amigos que empiezan un nuevo negocio, se grad\u00faan o se mudan a una nueva casa.<\/li>\n<\/ul>\n<h3 data-start=\"1165\" data-end=\"1204\">Mantenimiento y renovaci\u00f3n de la energ\u00eda<\/h3>\n<ul data-start=\"1310\" data-end=\"1894\">\n<li data-start=\"1310\" data-end=\"1441\">\n<p data-start=\"1314\" data-end=\"1441\"><strong data-start=\"1314\" data-end=\"1337\">Duraci\u00f3n efectiva:<\/strong> Para obtener la m\u00e1xima potencia espiritual, se recomienda sustituir o renovar el talism\u00e1n cada <strong data-start=\"1423\" data-end=\"1440\">De 3 a 6 meses<\/strong>.<\/p>\n<\/li>\n<li data-start=\"1442\" data-end=\"1662\">\n<p data-start=\"1446\" data-end=\"1662\"><strong data-start=\"1446\" data-end=\"1474\">El proceso de \u201climpieza\u201d:<\/strong> Si el usuario siente un repentino baj\u00f3n de suerte econ\u00f3mica o si la carta se da\u00f1a f\u00edsicamente, es se\u00f1al de que el talism\u00e1n ha absorbido energ\u00eda negativa y debe sustituirse inmediatamente.<\/p>\n<\/li>\n<li data-start=\"1663\" data-end=\"1894\">\n<p data-start=\"1667\" data-end=\"1894\"><strong data-start=\"1667\" data-end=\"1688\">Eliminaci\u00f3n \u00e9tica:<\/strong> Indique a los usuarios que, una vez que el talism\u00e1n haya cumplido su funci\u00f3n, lo ideal es envolverlo en papel rojo y devolverlo a la naturaleza (enterrado en la tierra) o guardarlo en un lugar limpio y tranquilo para mostrar respeto a la deidad.<\/p>\n<\/li>\n<\/ul>","protected":false},"excerpt":{"rendered":"<p data-start=\"1660\" data-end=\"2035\">\u00bfSiente que su flujo financiero est\u00e1 estancado? En <strong data-start=\"1705\" data-end=\"1745\">Tarjeta talism\u00e1n tao\u00edsta del tesoro de la riqueza<\/strong> es m\u00e1s que un amuleto: es una herramienta espiritual dise\u00f1ada para realinear tu energ\u00eda con la frecuencia de la abundancia. Cada tarjeta contiene inscripciones sagradas como <em data-start=\"1905\" data-end=\"1920\">\u201cPrincipal Riqueza\u201d<\/em>, <em data-start=\"1922\" data-end=\"1941\">\u201cRiqueza inesperada\u201d<\/em>, y <em data-start=\"1947\" data-end=\"1967\">\u201cFortuna a cinco bandas\u201d<\/em> para garantizar que el dinero fluya hacia tu vida desde todas las direcciones posibles.<\/p>","protected":false},"featured_media":32495,"comment_status":"open","ping_status":"closed","template":"","meta":{"_joinchat":[]},"product_brand":[],"product_cat":[25],"product_tag":[211,210,208,212,209],"class_list":{"0":"post-30320","1":"product","2":"type-product","3":"status-publish","4":"has-post-thumbnail","6":"product_cat-taoist-talisman","7":"product_tag-cai-ku-talisman","8":"product_tag-chinese-prosperity-card","9":"product_tag-feng-shui-money-card","10":"product_tag-spiritual-wealth-protection","11":"product_tag-wealth-attraction-amulet","13":"first","14":"instock","15":"sale","16":"shipping-taxable","17":"purchasable","18":"product-type-simple"},"_links":{"self":[{"href":"https:\/\/fengshuixinyu.com\/es\/wp-json\/wp\/v2\/product\/30320","targetHints":{"allow":["GET"]}}],"collection":[{"href":"https:\/\/fengshuixinyu.com\/es\/wp-json\/wp\/v2\/product"}],"about":[{"href":"https:\/\/fengshuixinyu.com\/es\/wp-json\/wp\/v2\/types\/product"}],"replies":[{"embeddable":true,"href":"https:\/\/fengshuixinyu.com\/es\/wp-json\/wp\/v2\/comments?post=30320"}],"version-history":[{"count":3,"href":"https:\/\/fengshuixinyu.com\/es\/wp-json\/wp\/v2\/product\/30320\/revisions"}],"predecessor-version":[{"id":32496,"href":"https:\/\/fengshuixinyu.com\/es\/wp-json\/wp\/v2\/product\/30320\/revisions\/32496"}],"wp:featuredmedia":[{"embeddable":true,"href":"https:\/\/fengshuixinyu.com\/es\/wp-json\/wp\/v2\/media\/32495"}],"wp:attachment":[{"href":"https:\/\/fengshuixinyu.com\/es\/wp-json\/wp\/v2\/media?parent=30320"}],"wp:term":[{"taxonomy":"product_brand","embeddable":true,"href":"https:\/\/fengshuixinyu.com\/es\/wp-json\/wp\/v2\/product_brand?post=30320"},{"taxonomy":"product_cat","embeddable":true,"href":"https:\/\/fengshuixinyu.com\/es\/wp-json\/wp\/v2\/product_cat?post=30320"},{"taxonomy":"product_tag","embeddable":true,"href":"https:\/\/fengshuixinyu.com\/es\/wp-json\/wp\/v2\/product_tag?post=30320"}],"curies":[{"name":"wp","href":"https:\/\/api.w.org\/{rel}","templated":true}]}}