{"id":30763,"date":"2025-12-02T02:31:41","date_gmt":"2025-12-02T10:31:41","guid":{"rendered":"https:\/\/fengshuixinyu.com\/?post_type=product&#038;p=30763"},"modified":"2025-12-05T01:22:17","modified_gmt":"2025-12-05T09:22:17","slug":"proxy-ancestor-worship-services-burning-joss-paper-ingots-remote-tomb-sweeping","status":"publish","type":"product","link":"https:\/\/fengshuixinyu.com\/es\/product\/proxy-ancestor-worship-services-burning-joss-paper-ingots-remote-tomb-sweeping\/","title":{"rendered":"Servicios de culto a los antepasados por poder, quema de papel y lingotes de Joss, limpieza remota de tumbas."},"content":{"rendered":"<p data-start=\"89\" data-end=\"642\">Puede que algunas personas ya no est\u00e9n a nuestro lado, pero su amor y sus recuerdos permanecer\u00e1n para siempre profundamente grabados en nuestros corazones. Pueden ser tus abuelos mayores, el cari\u00f1o de tu abuelo y tu abuela, o quiz\u00e1s una mascota que te acompa\u00f1\u00f3 en momentos de soledad. Todos ellos ocupan un lugar especial en nuestros corazones. Ahora, a trav\u00e9s de nuestro exclusivo servicio \u201cLingote de plata del Banco del Cielo y la Tierra\u201d, puedes enviarles tus homenajes y bendiciones, permitiendo que este recuerdo trascienda el tiempo y el espacio, llegando a sus almas en el m\u00e1s all\u00e1.<\/p>\n<p data-start=\"644\" data-end=\"906\">Cada lingote de plata representa tu sincera bendici\u00f3n para tu ser querido. Cada ceremonia de cremaci\u00f3n es tu \u00faltima declaraci\u00f3n de amor hacia el difunto. Con la mayor sinceridad, transmitiremos tu amor y tus pensamientos, permiti\u00e9ndoles recibir tus bendiciones en el para\u00edso.<\/p>\n<p data-start=\"908\" data-end=\"929\"><strong data-start=\"908\" data-end=\"929\">Caracter\u00edsticas del servicio:<\/strong><\/p>\n<ul>\n<li data-start=\"933\" data-end=\"1110\"><strong data-start=\"933\" data-end=\"959\">Bendici\u00f3n personalizada:<\/strong> Cada lingote de plata lleva consigo tu recuerdo y tu bendici\u00f3n \u00fanicos. Ya sea para familiares, amigos o mascotas, cada deseo sincero se transmite con sinceridad.<\/li>\n<li data-start=\"1116\" data-end=\"1322\"><strong data-start=\"1116\" data-end=\"1136\">Ceremonia solemne:<\/strong> Siguiendo los ritos funerarios tradicionales tao\u00edstas, la quema de lingotes de plata por parte del Banco del Cielo y la Tierra transforma tus pensamientos en ofrendas tangibles, llegando a lo m\u00e1s profundo del alma.<\/li>\n<li data-start=\"1328\" data-end=\"1451\"><strong data-start=\"1328\" data-end=\"1351\">Servicio personalizado:<\/strong> Ofrecemos rituales de oraci\u00f3n personalizados seg\u00fan tus necesidades, asegur\u00e1ndonos de que cada bendici\u00f3n sea \u00fanica.<\/li>\n<li data-start=\"1457\" data-end=\"1575\"><strong data-start=\"1457\" data-end=\"1474\">Bendici\u00f3n de mascotas:<\/strong> Permita que sus mascotas fallecidas reciban c\u00e1lidas bendiciones. Sus almas tambi\u00e9n merecen consuelo y protecci\u00f3n.<\/li>\n<\/ul>","protected":false},"excerpt":{"rendered":"<p><strong>Lingote de plata \u00fanico: <\/strong><span style=\"color: #ff6600;\">$49.9<\/span> \u2014 Deja que tu a\u00f1oranza quede encapsulada en este peque\u00f1o lingote. Escribe el nombre y la direcci\u00f3n de tus seres queridos y entr\u00e9gaselo de una manera especial, junto con un lujoso coche Mercedes-Benz en miniatura para quemar en honor a los antepasados.<br data-start=\"262\" data-end=\"265\" \/><strong>Paquete Conmemorativo (5 seres queridos o mascotas):<\/strong> <span style=\"color: #ff6600;\">$159<\/span> \u2014 Trae m\u00e1s amor y bendiciones, conectando a trav\u00e9s del tiempo y el espacio. Enciende una vela durante una semana, un Mercedes-Benz, una villa, y qu\u00e9malos para los antepasados.<br data-start=\"479\" data-end=\"482\" \/><strong>Paquete Reuni\u00f3n (6-10 seres queridos o mascotas):<\/strong> <span style=\"color: #ff6600;\">$239<\/span> \u2014 Permita que las almas de toda la familia o de varias mascotas sientan su amor y recuerdo juntos. Encienda una vela durante un mes, dos sirvientes, un conductor, un coche de negocios Mercedes-Benz Alpha y tres villas.<br data-start=\"737\" data-end=\"740\" \/><strong>Paquete personalizado:<\/strong> Adaptado a las necesidades individuales, consulte el servicio de atenci\u00f3n al cliente para conocer los precios.<\/p>","protected":false},"featured_media":30767,"comment_status":"open","ping_status":"closed","template":"","meta":{"_joinchat":[]},"product_brand":[],"product_cat":[101],"product_tag":[],"class_list":{"0":"post-30763","1":"product","2":"type-product","3":"status-publish","4":"has-post-thumbnail","6":"product_cat-proxy-sacrificial","8":"first","9":"instock","10":"sale","11":"shipping-taxable","12":"purchasable","13":"product-type-variable"},"_links":{"self":[{"href":"https:\/\/fengshuixinyu.com\/es\/wp-json\/wp\/v2\/product\/30763","targetHints":{"allow":["GET"]}}],"collection":[{"href":"https:\/\/fengshuixinyu.com\/es\/wp-json\/wp\/v2\/product"}],"about":[{"href":"https:\/\/fengshuixinyu.com\/es\/wp-json\/wp\/v2\/types\/product"}],"replies":[{"embeddable":true,"href":"https:\/\/fengshuixinyu.com\/es\/wp-json\/wp\/v2\/comments?post=30763"}],"version-history":[{"count":5,"href":"https:\/\/fengshuixinyu.com\/es\/wp-json\/wp\/v2\/product\/30763\/revisions"}],"predecessor-version":[{"id":30956,"href":"https:\/\/fengshuixinyu.com\/es\/wp-json\/wp\/v2\/product\/30763\/revisions\/30956"}],"wp:featuredmedia":[{"embeddable":true,"href":"https:\/\/fengshuixinyu.com\/es\/wp-json\/wp\/v2\/media\/30767"}],"wp:attachment":[{"href":"https:\/\/fengshuixinyu.com\/es\/wp-json\/wp\/v2\/media?parent=30763"}],"wp:term":[{"taxonomy":"product_brand","embeddable":true,"href":"https:\/\/fengshuixinyu.com\/es\/wp-json\/wp\/v2\/product_brand?post=30763"},{"taxonomy":"product_cat","embeddable":true,"href":"https:\/\/fengshuixinyu.com\/es\/wp-json\/wp\/v2\/product_cat?post=30763"},{"taxonomy":"product_tag","embeddable":true,"href":"https:\/\/fengshuixinyu.com\/es\/wp-json\/wp\/v2\/product_tag?post=30763"}],"curies":[{"name":"wp","href":"https:\/\/api.w.org\/{rel}","templated":true}]}}