{"id":30764,"date":"2025-12-02T01:21:01","date_gmt":"2025-12-02T09:21:01","guid":{"rendered":"https:\/\/fengshuixinyu.com\/?post_type=product&#038;p=30764"},"modified":"2025-12-05T01:19:55","modified_gmt":"2025-12-05T09:19:55","slug":"proxy-burning-joss-paper-ingots-service-joss-silver-ingot","status":"publish","type":"product","link":"https:\/\/fengshuixinyu.com\/es\/product\/proxy-burning-joss-paper-ingots-service-joss-silver-ingot\/","title":{"rendered":"Servicio de quema de papel y lingotes de Joss por poder, lingote de plata Joss (1 bolsa)"},"content":{"rendered":"<p>Congela tu recuerdo en este peque\u00f1o lingote. Escriba el nombre y la direcci\u00f3n de su ser querido, y se lo enviaremos de forma especial, junto con un lujoso modelo de Mercedes que se quemar\u00e1 por sus antepasados.<\/p>","protected":false},"excerpt":{"rendered":"<p><strong>Lista de quemados:<\/strong><br \/>\nLingote de plata Joss (1 bolsa)<br \/>\n<strong>Regalos gratuitos:<\/strong><br \/>\n1 Papel Joss Car<\/p>","protected":false},"featured_media":30793,"comment_status":"open","ping_status":"closed","template":"","meta":{"_joinchat":[]},"product_brand":[],"product_cat":[101],"product_tag":[],"class_list":{"0":"post-30764","1":"product","2":"type-product","3":"status-publish","4":"has-post-thumbnail","6":"product_cat-proxy-sacrificial","8":"first","9":"instock","10":"sale","11":"virtual","12":"purchasable","13":"product-type-simple"},"_links":{"self":[{"href":"https:\/\/fengshuixinyu.com\/es\/wp-json\/wp\/v2\/product\/30764","targetHints":{"allow":["GET"]}}],"collection":[{"href":"https:\/\/fengshuixinyu.com\/es\/wp-json\/wp\/v2\/product"}],"about":[{"href":"https:\/\/fengshuixinyu.com\/es\/wp-json\/wp\/v2\/types\/product"}],"replies":[{"embeddable":true,"href":"https:\/\/fengshuixinyu.com\/es\/wp-json\/wp\/v2\/comments?post=30764"}],"version-history":[{"count":4,"href":"https:\/\/fengshuixinyu.com\/es\/wp-json\/wp\/v2\/product\/30764\/revisions"}],"predecessor-version":[{"id":30827,"href":"https:\/\/fengshuixinyu.com\/es\/wp-json\/wp\/v2\/product\/30764\/revisions\/30827"}],"wp:featuredmedia":[{"embeddable":true,"href":"https:\/\/fengshuixinyu.com\/es\/wp-json\/wp\/v2\/media\/30793"}],"wp:attachment":[{"href":"https:\/\/fengshuixinyu.com\/es\/wp-json\/wp\/v2\/media?parent=30764"}],"wp:term":[{"taxonomy":"product_brand","embeddable":true,"href":"https:\/\/fengshuixinyu.com\/es\/wp-json\/wp\/v2\/product_brand?post=30764"},{"taxonomy":"product_cat","embeddable":true,"href":"https:\/\/fengshuixinyu.com\/es\/wp-json\/wp\/v2\/product_cat?post=30764"},{"taxonomy":"product_tag","embeddable":true,"href":"https:\/\/fengshuixinyu.com\/es\/wp-json\/wp\/v2\/product_tag?post=30764"}],"curies":[{"name":"wp","href":"https:\/\/api.w.org\/{rel}","templated":true}]}}