{"id":30773,"date":"2025-12-02T01:27:13","date_gmt":"2025-12-02T09:27:13","guid":{"rendered":"https:\/\/fengshuixinyu.com\/?post_type=product&#038;p=30773"},"modified":"2025-12-05T01:21:00","modified_gmt":"2025-12-05T09:21:00","slug":"proxy-joss-paper-burning-service-spirit-money-burning-on-your-behalf","status":"publish","type":"product","link":"https:\/\/fengshuixinyu.com\/es\/product\/proxy-joss-paper-burning-service-spirit-money-burning-on-your-behalf\/","title":{"rendered":"Servicio de quema de papel Joss por poder, quema de dinero espiritual en su nombre, paquete de reuni\u00f3n (6-10 seres queridos o mascotas)"},"content":{"rendered":"<p>Deja que los esp\u00edritus de toda tu familia o de tus m\u00faltiples mascotas sientan tu amor y tu recuerdo. Se quemar\u00e1n un mes de velas encendidas, dos sirvientes, un ch\u00f3fer, un Alfa Mercedes y tres villas por tus antepasados.<\/p>","protected":false},"excerpt":{"rendered":"<p>Nuestro\u00a0<strong>Servicio de quema de papel joss por poder<\/strong>\u00a0te permite realizar ofrendas tradicionales para honrar a tus antepasados de forma remota.<\/p>\n<p>Lista de quemados:<br \/>\nL\u00e1mpara perpetua (un mes)<br \/>\n2 criadas<br \/>\n1 conductor<br \/>\n1 Papel Joss Car<br \/>\n3 Villa Joss Paper<\/p>","protected":false},"featured_media":30796,"comment_status":"open","ping_status":"closed","template":"","meta":{"_joinchat":[]},"product_brand":[],"product_cat":[101],"product_tag":[],"class_list":{"0":"post-30773","1":"product","2":"type-product","3":"status-publish","4":"has-post-thumbnail","6":"product_cat-proxy-sacrificial","8":"first","9":"instock","10":"sale","11":"virtual","12":"purchasable","13":"product-type-simple"},"_links":{"self":[{"href":"https:\/\/fengshuixinyu.com\/es\/wp-json\/wp\/v2\/product\/30773","targetHints":{"allow":["GET"]}}],"collection":[{"href":"https:\/\/fengshuixinyu.com\/es\/wp-json\/wp\/v2\/product"}],"about":[{"href":"https:\/\/fengshuixinyu.com\/es\/wp-json\/wp\/v2\/types\/product"}],"replies":[{"embeddable":true,"href":"https:\/\/fengshuixinyu.com\/es\/wp-json\/wp\/v2\/comments?post=30773"}],"version-history":[{"count":2,"href":"https:\/\/fengshuixinyu.com\/es\/wp-json\/wp\/v2\/product\/30773\/revisions"}],"predecessor-version":[{"id":30801,"href":"https:\/\/fengshuixinyu.com\/es\/wp-json\/wp\/v2\/product\/30773\/revisions\/30801"}],"wp:featuredmedia":[{"embeddable":true,"href":"https:\/\/fengshuixinyu.com\/es\/wp-json\/wp\/v2\/media\/30796"}],"wp:attachment":[{"href":"https:\/\/fengshuixinyu.com\/es\/wp-json\/wp\/v2\/media?parent=30773"}],"wp:term":[{"taxonomy":"product_brand","embeddable":true,"href":"https:\/\/fengshuixinyu.com\/es\/wp-json\/wp\/v2\/product_brand?post=30773"},{"taxonomy":"product_cat","embeddable":true,"href":"https:\/\/fengshuixinyu.com\/es\/wp-json\/wp\/v2\/product_cat?post=30773"},{"taxonomy":"product_tag","embeddable":true,"href":"https:\/\/fengshuixinyu.com\/es\/wp-json\/wp\/v2\/product_tag?post=30773"}],"curies":[{"name":"wp","href":"https:\/\/api.w.org\/{rel}","templated":true}]}}