{"id":30814,"date":"2025-12-03T04:45:32","date_gmt":"2025-12-03T12:45:32","guid":{"rendered":"https:\/\/fengshuixinyu.com\/?post_type=product&#038;p=30814"},"modified":"2025-12-03T05:00:24","modified_gmt":"2025-12-03T13:00:24","slug":"wish-letters-sending-your-wishes-to-the-sky","status":"publish","type":"product","link":"https:\/\/fengshuixinyu.com\/es\/product\/wish-letters-sending-your-wishes-to-the-sky\/","title":{"rendered":"Cartas de deseos: env\u00eda tus deseos al cielo"},"content":{"rendered":"","protected":false},"excerpt":{"rendered":"<p>En la vida, todos tenemos deseos en nuestro coraz\u00f3n. Puede ser el deseo de ser feliz, o tal vez un deseo para tu familia, amigos o incluso tus mascotas. A trav\u00e9s de nuestra secci\u00f3n \u201cCartas de deseos\u201d, puedes escribir estos hermosos deseos y nosotros te ayudaremos a enviarlos al universo, pidiendo bendiciones divinas.<\/p>\n<p>Cada carta de deseos es tu esperanza para el futuro, y con cada oraci\u00f3n, nuestras bendiciones llevar\u00e1n tus deseos y los enviar\u00e1n al mundo, ayudando a que tus sue\u00f1os se hagan realidad. Ya sea para tener \u00e9xito en tu carrera, buena salud, una familia feliz o una mascota alegre, nos aseguraremos de que tu deseo llegue al lugar adecuado, donde pueda cumplirse.<\/p>\n<p>Que tus deseos se hagan realidad y que cada uno de ellos reciba una bendici\u00f3n.<\/p>","protected":false},"featured_media":30815,"comment_status":"open","ping_status":"closed","template":"","meta":{"_joinchat":[]},"product_brand":[],"product_cat":[101],"product_tag":[],"class_list":{"0":"post-30814","1":"product","2":"type-product","3":"status-publish","4":"has-post-thumbnail","6":"product_cat-proxy-sacrificial","8":"first","9":"instock","10":"sale","11":"shipping-taxable","12":"purchasable","13":"product-type-variable"},"_links":{"self":[{"href":"https:\/\/fengshuixinyu.com\/es\/wp-json\/wp\/v2\/product\/30814","targetHints":{"allow":["GET"]}}],"collection":[{"href":"https:\/\/fengshuixinyu.com\/es\/wp-json\/wp\/v2\/product"}],"about":[{"href":"https:\/\/fengshuixinyu.com\/es\/wp-json\/wp\/v2\/types\/product"}],"replies":[{"embeddable":true,"href":"https:\/\/fengshuixinyu.com\/es\/wp-json\/wp\/v2\/comments?post=30814"}],"version-history":[{"count":3,"href":"https:\/\/fengshuixinyu.com\/es\/wp-json\/wp\/v2\/product\/30814\/revisions"}],"predecessor-version":[{"id":30822,"href":"https:\/\/fengshuixinyu.com\/es\/wp-json\/wp\/v2\/product\/30814\/revisions\/30822"}],"wp:featuredmedia":[{"embeddable":true,"href":"https:\/\/fengshuixinyu.com\/es\/wp-json\/wp\/v2\/media\/30815"}],"wp:attachment":[{"href":"https:\/\/fengshuixinyu.com\/es\/wp-json\/wp\/v2\/media?parent=30814"}],"wp:term":[{"taxonomy":"product_brand","embeddable":true,"href":"https:\/\/fengshuixinyu.com\/es\/wp-json\/wp\/v2\/product_brand?post=30814"},{"taxonomy":"product_cat","embeddable":true,"href":"https:\/\/fengshuixinyu.com\/es\/wp-json\/wp\/v2\/product_cat?post=30814"},{"taxonomy":"product_tag","embeddable":true,"href":"https:\/\/fengshuixinyu.com\/es\/wp-json\/wp\/v2\/product_tag?post=30814"}],"curies":[{"name":"wp","href":"https:\/\/api.w.org\/{rel}","templated":true}]}}