{"id":30849,"date":"2025-12-03T22:38:44","date_gmt":"2025-12-04T06:38:44","guid":{"rendered":"https:\/\/fengshuixinyu.com\/?post_type=product&#038;p=30849"},"modified":"2025-12-08T21:54:50","modified_gmt":"2025-12-09T05:54:50","slug":"18-type-beads-energy-bracelet-tiger-eye-style","status":"publish","type":"product","link":"https:\/\/fengshuixinyu.com\/es\/product\/18-type-beads-energy-bracelet-tiger-eye-style\/","title":{"rendered":"Pulsera energ\u00e9tica con cuentas de 18 tipos \u2013 Estilo ojo de tigre, pulsera artesanal con piedras preciosas y semillas de Bodhi"},"content":{"rendered":"<h3 data-start=\"293\" data-end=\"319\"><strong data-start=\"295\" data-end=\"319\">\u2728 Caracter\u00edsticas destacadas del producto<\/strong><\/h3>\n<ul data-start=\"320\" data-end=\"1071\">\n<li data-start=\"320\" data-end=\"489\">\n<p data-start=\"322\" data-end=\"489\"><strong data-start=\"322\" data-end=\"365\">18 cuentas naturales, un dise\u00f1o armonioso<\/strong><br data-start=\"365\" data-end=\"368\" \/>Con una mezcla seleccionada de piedras preciosas y cuentas sagradas, cada una elegida por su color, textura y car\u00e1cter \u00fanicos.<\/p>\n<\/li>\n<li data-start=\"491\" data-end=\"621\">\n<p data-start=\"493\" data-end=\"621\"><strong data-start=\"493\" data-end=\"519\">Aut\u00e9nticamente hecho a mano<\/strong><br data-start=\"519\" data-end=\"522\" \/>Cada pulsera est\u00e1 hecha a mano por artesanos de Fujian, lo que garantiza equilibrio, belleza y originalidad.<\/p>\n<\/li>\n<li data-start=\"623\" data-end=\"796\">\n<p data-start=\"625\" data-end=\"796\"><strong data-start=\"625\" data-end=\"654\">Materiales naturales de primera calidad<\/strong><br data-start=\"654\" data-end=\"657\" \/>Elaborado con cuarzo transparente, amazonita, ojo de tigre, \u00e1gata roja, piedra lunar, \u00f3nix negro, bodhi sin dientes, vajra bodhi y otras cuentas naturales.<\/p>\n<\/li>\n<li data-start=\"798\" data-end=\"948\">\n<p data-start=\"800\" data-end=\"948\"><strong data-start=\"800\" data-end=\"824\">Significativo y elegante<\/strong><br data-start=\"824\" data-end=\"827\" \/>Una mezcla de simbolismo oriental tradicional y estilo minimalista moderno, ideal para la meditaci\u00f3n, la conexi\u00f3n con la tierra o el uso diario.<\/p>\n<\/li>\n<li data-start=\"950\" data-end=\"1071\">\n<p data-start=\"952\" data-end=\"1071\"><strong data-start=\"952\" data-end=\"976\">Embalaje listo para regalo<\/strong><br data-start=\"976\" data-end=\"979\" \/>Cada pulsera viene en un embalaje independiente, lo que la convierte en una opci\u00f3n ideal para regalar.<\/p>\n<\/li>\n<\/ul>\n<hr data-start=\"1073\" data-end=\"1076\" \/>\n<h3 data-start=\"1078\" data-end=\"1106\">\ud83c\udf3f <strong data-start=\"1083\" data-end=\"1106\">Descripci\u00f3n del producto<\/strong><\/h3>\n<p data-start=\"1108\" data-end=\"1481\">El <strong data-start=\"1112\" data-end=\"1163\">Pulsera energ\u00e9tica con cuentas de 18 tipos \u2013 Estilo ojo de tigre<\/strong> es una celebraci\u00f3n de la artesan\u00eda, la naturaleza y el equilibrio.<br data-start=\"1211\" data-end=\"1214\" \/>Hecho a mano con una colecci\u00f3n cuidadosamente seleccionada de <strong data-start=\"1263\" data-end=\"1293\">18 cuentas naturales diferentes<\/strong>, esta pulsera re\u00fane la fuerza estabilizadora de <strong data-start=\"1351\" data-end=\"1364\">Ojo de tigre<\/strong>, la claridad de <strong data-start=\"1381\" data-end=\"1397\">Cuarzo transparente<\/strong>, la serenidad de <strong data-start=\"1415\" data-end=\"1428\">Amazonita<\/strong>, y las texturas org\u00e1nicas de lo sagrado <strong data-start=\"1465\" data-end=\"1480\">Semillas de Bodhi<\/strong>.<\/p>\n<p data-start=\"1483\" data-end=\"1742\">Su c\u00e1lida paleta de colores terrosos, combinada con el sutil brillo de las piedras preciosas, crea una pieza que transmite espiritualidad y modernidad. Ya sea para meditar, equilibrar energ\u00edas o simplemente como un accesorio \u00fanico, esta pulsera a\u00f1ade profundidad y significado a tu estilo diario.<\/p>\n<p data-start=\"1744\" data-end=\"1909\">Cada pulsera est\u00e1 hecha a mano, lo que hace que cada pieza sea \u00fanica. Las variaciones naturales en la textura y el color de las cuentas resaltan su autenticidad y su naturaleza artesanal.<\/p>\n<hr data-start=\"1911\" data-end=\"1914\" \/>\n<h3 data-start=\"1916\" data-end=\"1934\">\ud83d\udc8e <strong data-start=\"1921\" data-end=\"1934\">Materiales<\/strong><\/h3>\n<p data-start=\"1935\" data-end=\"2010\">Esta pulsera incluye una mezcla variada de piedras preciosas naturales y abalorios:<\/p>\n<ul data-start=\"2012\" data-end=\"2421\">\n<li data-start=\"2012\" data-end=\"2054\">\n<p data-start=\"2014\" data-end=\"2054\"><strong data-start=\"2014\" data-end=\"2027\">Ojo de tigre<\/strong> \u2013 Equilibrio y confianza<\/p>\n<\/li>\n<li data-start=\"2055\" data-end=\"2095\">\n<p data-start=\"2057\" data-end=\"2095\"><strong data-start=\"2057\" data-end=\"2073\">Cuarzo transparente<\/strong> \u2013 claridad y equilibrio<\/p>\n<\/li>\n<li data-start=\"2096\" data-end=\"2136\">\n<p data-start=\"2098\" data-end=\"2136\"><strong data-start=\"2098\" data-end=\"2111\">Amazonita<\/strong> \u2013 calma y comunicaci\u00f3n<\/p>\n<\/li>\n<li data-start=\"2137\" data-end=\"2174\">\n<p data-start=\"2139\" data-end=\"2174\"><strong data-start=\"2139\" data-end=\"2152\">\u00c1gata roja<\/strong> \u2013 vitalidad y calidez<\/p>\n<\/li>\n<li data-start=\"2175\" data-end=\"2214\">\n<p data-start=\"2177\" data-end=\"2214\"><strong data-start=\"2177\" data-end=\"2190\">Piedra lunar<\/strong> \u2013 intuici\u00f3n y armon\u00eda<\/p>\n<\/li>\n<li data-start=\"2215\" data-end=\"2254\">\n<p data-start=\"2217\" data-end=\"2254\"><strong data-start=\"2217\" data-end=\"2231\">\u00d3nix negro<\/strong> \u2013 Protecci\u00f3n y concentraci\u00f3n<\/p>\n<\/li>\n<li data-start=\"2255\" data-end=\"2314\">\n<p data-start=\"2257\" data-end=\"2314\"><strong data-start=\"2257\" data-end=\"2281\">Semilla de Bodhi sin dientes<\/strong> \u2013 Pureza y base espiritual.<\/p>\n<\/li>\n<li data-start=\"2315\" data-end=\"2380\">\n<p data-start=\"2317\" data-end=\"2380\"><strong data-start=\"2317\" data-end=\"2344\">Rudraksha (Vajra Bodhi)<\/strong> \u2013 significado sagrado tradicional<\/p>\n<\/li>\n<li data-start=\"2381\" data-end=\"2421\">\n<p data-start=\"2383\" data-end=\"2421\">Madera natural adicional y cuentas de semillas.<\/p>\n<\/li>\n<\/ul>\n<hr data-start=\"2423\" data-end=\"2426\" \/>\n<h3 data-start=\"2428\" data-end=\"2450\">\ud83e\uddf5 <strong data-start=\"2433\" data-end=\"2450\">Artesan\u00eda<\/strong><\/h3>\n<ul data-start=\"2451\" data-end=\"2762\">\n<li data-start=\"2451\" data-end=\"2557\">\n<p data-start=\"2453\" data-end=\"2557\"><strong data-start=\"2453\" data-end=\"2482\">Hecho a mano en Fujian, China.<\/strong><br data-start=\"2482\" data-end=\"2485\" \/>Elaborado por artesanos experimentados utilizando t\u00e9cnicas tradicionales de abalorios.<\/p>\n<\/li>\n<li data-start=\"2558\" data-end=\"2676\">\n<p data-start=\"2560\" data-end=\"2676\"><strong data-start=\"2560\" data-end=\"2596\">Pulido suave y texturas naturales<\/strong><br data-start=\"2596\" data-end=\"2599\" \/>Mantener la autenticidad de los materiales naturales sin renunciar a la comodidad.<\/p>\n<\/li>\n<li data-start=\"2677\" data-end=\"2762\">\n<p data-start=\"2679\" data-end=\"2762\"><strong data-start=\"2679\" data-end=\"2703\">Cord\u00f3n el\u00e1stico resistente<\/strong><br data-start=\"2703\" data-end=\"2706\" \/>Dise\u00f1ado para el uso diario, f\u00e1cil de poner y quitar.<\/p>\n<\/li>\n<\/ul>\n<hr data-start=\"2764\" data-end=\"2767\" \/>\n<h3 data-start=\"2769\" data-end=\"2793\">\ud83d\udce6 <strong data-start=\"2774\" data-end=\"2793\">Qu\u00e9 incluye<\/strong><\/h3>\n<ul data-start=\"2794\" data-end=\"2892\">\n<li data-start=\"2794\" data-end=\"2853\">\n<p data-start=\"2796\" data-end=\"2853\">1 \u00d7 <strong data-start=\"2800\" data-end=\"2851\">Pulsera energ\u00e9tica con cuentas de 18 tipos \u2013 Estilo ojo de tigre<\/strong><\/p>\n<\/li>\n<li data-start=\"2854\" data-end=\"2892\">\n<p data-start=\"2856\" data-end=\"2892\"><strong data-start=\"2856\" data-end=\"2892\">Embalaje protector independiente<\/strong><\/p>\n<\/li>\n<\/ul>\n<hr data-start=\"2894\" data-end=\"2897\" \/>\n<h3 data-start=\"2899\" data-end=\"2914\">\ud83c\udf0f <strong data-start=\"2904\" data-end=\"2914\">Origen<\/strong><\/h3>\n<p data-start=\"2915\" data-end=\"3025\">Fabricado en Fujian, China, una regi\u00f3n conocida por su larga tradici\u00f3n artesanal en abalorios y accesorios hechos a mano.<\/p>\n<hr data-start=\"3027\" data-end=\"3030\" \/>\n<h3 data-start=\"3032\" data-end=\"3059\">\ud83c\udf81 <strong data-start=\"3037\" data-end=\"3059\">Un regalo perfecto para<\/strong><\/h3>\n<ul data-start=\"3060\" data-end=\"3266\">\n<li data-start=\"3060\" data-end=\"3095\">\n<p data-start=\"3062\" data-end=\"3095\">Practicantes de meditaci\u00f3n y yoga<\/p>\n<\/li>\n<li data-start=\"3096\" data-end=\"3137\">\n<p data-start=\"3098\" data-end=\"3137\">Amantes de las piedras preciosas espirituales y naturales<\/p>\n<\/li>\n<li data-start=\"3138\" data-end=\"3176\">\n<p data-start=\"3140\" data-end=\"3176\">Entusiastas de la artesan\u00eda hecha a mano<\/p>\n<\/li>\n<li data-start=\"3177\" data-end=\"3221\">\n<p data-start=\"3179\" data-end=\"3221\">Hombres y mujeres que disfrutan de accesorios \u00fanicos.<\/p>\n<\/li>\n<li data-start=\"3222\" data-end=\"3266\">\n<p data-start=\"3224\" data-end=\"3266\">Cumplea\u00f1os, vacaciones, hitos personales<\/p>\n<\/li>\n<\/ul>\n<hr data-start=\"3268\" data-end=\"3271\" \/>\n<h3 data-start=\"3273\" data-end=\"3299\">\ud83d\udd27 <strong data-start=\"3278\" data-end=\"3299\">Instrucciones de cuidado<\/strong><\/h3>\n<ul data-start=\"3300\" data-end=\"3463\">\n<li data-start=\"3300\" data-end=\"3363\">\n<p data-start=\"3302\" data-end=\"3363\">Mant\u00e9ngase alejado de productos qu\u00edmicos, perfumes y humedad prolongada.<\/p>\n<\/li>\n<li data-start=\"3364\" data-end=\"3412\">\n<p data-start=\"3366\" data-end=\"3412\">L\u00edmpielo suavemente con un pa\u00f1o suave despu\u00e9s de usarlo.<\/p>\n<\/li>\n<li data-start=\"3413\" data-end=\"3463\">\n<p data-start=\"3415\" data-end=\"3463\">Gu\u00e1rdelo en el embalaje suministrado cuando no lo utilice.<\/p>\n<\/li>\n<\/ul>","protected":false},"excerpt":{"rendered":"<p>Tipo de producto: Pulsera<br \/>\nArtesan\u00eda: Hecho a mano<br \/>\nMateriales: cuarzo transparente, amazonita, ojo de tigre, bodhi sin dientes, vajra bodhi, jade rojo, piedra lunar, \u00f3nix negro, etc.<br \/>\nLugar de origen: Fujian, China<br \/>\nEmbalaje: Embalaje individual<br \/>\nEl paquete incluye: Edici\u00f3n Ojo de Tigre de dieciocho semillas \u00d7 1<\/p>","protected":false},"featured_media":30850,"comment_status":"open","ping_status":"closed","template":"","meta":{"_joinchat":[]},"product_brand":[],"product_cat":[109],"product_tag":[],"class_list":{"0":"post-30849","1":"product","2":"type-product","3":"status-publish","4":"has-post-thumbnail","6":"product_cat-energy-bracelet","8":"first","9":"instock","10":"sale","11":"shipping-taxable","12":"purchasable","13":"product-type-simple"},"_links":{"self":[{"href":"https:\/\/fengshuixinyu.com\/es\/wp-json\/wp\/v2\/product\/30849","targetHints":{"allow":["GET"]}}],"collection":[{"href":"https:\/\/fengshuixinyu.com\/es\/wp-json\/wp\/v2\/product"}],"about":[{"href":"https:\/\/fengshuixinyu.com\/es\/wp-json\/wp\/v2\/types\/product"}],"replies":[{"embeddable":true,"href":"https:\/\/fengshuixinyu.com\/es\/wp-json\/wp\/v2\/comments?post=30849"}],"version-history":[{"count":4,"href":"https:\/\/fengshuixinyu.com\/es\/wp-json\/wp\/v2\/product\/30849\/revisions"}],"predecessor-version":[{"id":30906,"href":"https:\/\/fengshuixinyu.com\/es\/wp-json\/wp\/v2\/product\/30849\/revisions\/30906"}],"wp:featuredmedia":[{"embeddable":true,"href":"https:\/\/fengshuixinyu.com\/es\/wp-json\/wp\/v2\/media\/30850"}],"wp:attachment":[{"href":"https:\/\/fengshuixinyu.com\/es\/wp-json\/wp\/v2\/media?parent=30849"}],"wp:term":[{"taxonomy":"product_brand","embeddable":true,"href":"https:\/\/fengshuixinyu.com\/es\/wp-json\/wp\/v2\/product_brand?post=30849"},{"taxonomy":"product_cat","embeddable":true,"href":"https:\/\/fengshuixinyu.com\/es\/wp-json\/wp\/v2\/product_cat?post=30849"},{"taxonomy":"product_tag","embeddable":true,"href":"https:\/\/fengshuixinyu.com\/es\/wp-json\/wp\/v2\/product_tag?post=30849"}],"curies":[{"name":"wp","href":"https:\/\/api.w.org\/{rel}","templated":true}]}}