{"id":30856,"date":"2025-12-03T22:46:04","date_gmt":"2025-12-04T06:46:04","guid":{"rendered":"https:\/\/fengshuixinyu.com\/?post_type=product&#038;p=30856"},"modified":"2025-12-08T22:00:56","modified_gmt":"2025-12-09T06:00:56","slug":"18-seed-bodhi-gemstone-bracelet-handmade-meditation-mala-beads","status":"publish","type":"product","link":"https:\/\/fengshuixinyu.com\/es\/product\/18-seed-bodhi-gemstone-bracelet-handmade-meditation-mala-beads\/","title":{"rendered":"Pulsera Bodhi y piedras preciosas con 18 semillas | Cuentas Mala para meditaci\u00f3n hechas a mano"},"content":{"rendered":"<h3 data-start=\"357\" data-end=\"410\"><strong data-start=\"357\" data-end=\"410\">Con\u00e9ctate con las energ\u00edas de la Tierra. Encuentra tu equilibrio.<\/strong><\/h3>\n<p data-start=\"412\" data-end=\"746\">Disfrute de la convergencia de las semillas y piedras m\u00e1s significativas espiritualmente de la naturaleza con esta vibrante pulsera energ\u00e9tica de 18 cuentas. Conocida tradicionalmente en Oriente como el estilo \u201cPurple Gold Bowl\u201d (cuenco de oro p\u00farpura) debido a su distintiva torre de cuentas gur\u00fa en forma de calabaza, esta pieza es m\u00e1s que una simple joya: es un talism\u00e1n que se puede llevar puesto para fomentar la atenci\u00f3n plena y el equilibrio.<\/p>\n<hr \/>\n<p data-start=\"748\" data-end=\"1015\"><strong data-start=\"748\" data-end=\"780\">El significado del dieciocho<\/strong><\/p>\n<p data-start=\"748\" data-end=\"1015\">En la tradici\u00f3n budista, el n\u00famero 18 suele representar a los 18 arhats (seres iluminados) o la purificaci\u00f3n de los 18 sentidos y reinos. Llevar estas 18 cuentas simboliza eliminar las preocupaciones e invitar a la paz a tu vida cotidiana.<\/p>\n<hr \/>\n<h3 data-start=\"1017\" data-end=\"1248\"><strong data-start=\"1017\" data-end=\"1056\">Una mezcla \u00fanica de materiales naturales<\/strong><\/h3>\n<p data-start=\"1017\" data-end=\"1248\">Cada pulsera es un tapiz \u00fanico de texturas y colores, elaborado a mano por expertos artesanos de Fujian. No hay dos cuentas exactamente iguales. La cuidadosa disposici\u00f3n incluye una potente mezcla de:<\/p>\n<ul data-start=\"1250\" data-end=\"1661\">\n<li data-start=\"1250\" data-end=\"1387\">\n<p data-start=\"1254\" data-end=\"1387\"><strong data-start=\"1254\" data-end=\"1306\">Semillas de Rudraksha y Bodhi (incluido el ojo de f\u00e9nix):<\/strong> Venerado durante siglos por su protecci\u00f3n, conexi\u00f3n espiritual y claridad mental.<\/p>\n<\/li>\n<li data-start=\"1388\" data-end=\"1477\">\n<p data-start=\"1392\" data-end=\"1477\"><strong data-start=\"1392\" data-end=\"1429\">Amazonita (la piedra del coraje):<\/strong> Conocido por aliviar el trauma y calmar el alma.<\/p>\n<\/li>\n<li data-start=\"1478\" data-end=\"1570\">\n<p data-start=\"1482\" data-end=\"1570\"><strong data-start=\"1482\" data-end=\"1509\">Jade rojo y \u00e1gata negra:<\/strong> Aporta energ\u00eda, vitalidad y equilibrio emocional.<\/p>\n<\/li>\n<li data-start=\"1571\" data-end=\"1661\">\n<p data-start=\"1575\" data-end=\"1661\"><strong data-start=\"1575\" data-end=\"1618\">Seda dorada, bamb\u00fa de jade y bodhi suave:<\/strong> Aportando calidez org\u00e1nica y texturas variadas.<\/p>\n<\/li>\n<\/ul>\n<hr \/>\n<h3 data-start=\"1663\" data-end=\"1982\"><strong data-start=\"1663\" data-end=\"1691\">Hecho a mano para la atenci\u00f3n plena<\/strong><\/h3>\n<p data-start=\"1663\" data-end=\"1982\">Ya sea que lo uses para meditar, practicar yoga o simplemente lo lleves puesto como un recordatorio diario de tus intenciones, este brazalete te conecta con la belleza natural del mundo. El cord\u00f3n el\u00e1stico garantiza un ajuste c\u00f3modo para la mayor\u00eda de las mu\u00f1ecas, lo que lo convierte en un regalo perfecto para ti o para un ser querido.<\/p>\n<hr \/>\n<h3 data-start=\"2359\" data-end=\"2439\"><strong data-start=\"2359\" data-end=\"2381\">Contenido de la caja:<\/strong><\/h3>\n<p data-start=\"2359\" data-end=\"2439\">1 pulsera Mala Harmony de 18 semillas (envasada individualmente)<\/p>","protected":false},"excerpt":{"rendered":"<p>Tipo de producto: Pulsera<br \/>\nArtesan\u00eda: Hecho a mano<br \/>\nMateriales: amazonita, ojo de f\u00e9nix bodhi, bodhi sin dientes, vajra bodhi, jade rojo, \u00f3nix negro, bamb\u00fa dorado, etc.<br \/>\nLugar de origen: Fujian, China<br \/>\nEmbalaje: Embalaje individual<br \/>\nEl paquete incluye: Edici\u00f3n cuenco p\u00farpura y dorado con dieciocho semillas \u00d7 1<\/p>","protected":false},"featured_media":30857,"comment_status":"open","ping_status":"closed","template":"","meta":{"_joinchat":[]},"product_brand":[],"product_cat":[109],"product_tag":[],"class_list":{"0":"post-30856","1":"product","2":"type-product","3":"status-publish","4":"has-post-thumbnail","6":"product_cat-energy-bracelet","8":"first","9":"instock","10":"sale","11":"shipping-taxable","12":"purchasable","13":"product-type-simple"},"_links":{"self":[{"href":"https:\/\/fengshuixinyu.com\/es\/wp-json\/wp\/v2\/product\/30856","targetHints":{"allow":["GET"]}}],"collection":[{"href":"https:\/\/fengshuixinyu.com\/es\/wp-json\/wp\/v2\/product"}],"about":[{"href":"https:\/\/fengshuixinyu.com\/es\/wp-json\/wp\/v2\/types\/product"}],"replies":[{"embeddable":true,"href":"https:\/\/fengshuixinyu.com\/es\/wp-json\/wp\/v2\/comments?post=30856"}],"version-history":[{"count":3,"href":"https:\/\/fengshuixinyu.com\/es\/wp-json\/wp\/v2\/product\/30856\/revisions"}],"predecessor-version":[{"id":30942,"href":"https:\/\/fengshuixinyu.com\/es\/wp-json\/wp\/v2\/product\/30856\/revisions\/30942"}],"wp:featuredmedia":[{"embeddable":true,"href":"https:\/\/fengshuixinyu.com\/es\/wp-json\/wp\/v2\/media\/30857"}],"wp:attachment":[{"href":"https:\/\/fengshuixinyu.com\/es\/wp-json\/wp\/v2\/media?parent=30856"}],"wp:term":[{"taxonomy":"product_brand","embeddable":true,"href":"https:\/\/fengshuixinyu.com\/es\/wp-json\/wp\/v2\/product_brand?post=30856"},{"taxonomy":"product_cat","embeddable":true,"href":"https:\/\/fengshuixinyu.com\/es\/wp-json\/wp\/v2\/product_cat?post=30856"},{"taxonomy":"product_tag","embeddable":true,"href":"https:\/\/fengshuixinyu.com\/es\/wp-json\/wp\/v2\/product_tag?post=30856"}],"curies":[{"name":"wp","href":"https:\/\/api.w.org\/{rel}","templated":true}]}}