{"id":30863,"date":"2025-12-03T22:52:29","date_gmt":"2025-12-04T06:52:29","guid":{"rendered":"https:\/\/fengshuixinyu.com\/?post_type=product&#038;p=30863"},"modified":"2025-12-09T17:43:22","modified_gmt":"2025-12-10T01:43:22","slug":"18-seed-bodhi-bead-energy-bracelet-heavens-will-style","status":"publish","type":"product","link":"https:\/\/fengshuixinyu.com\/es\/product\/18-seed-bodhi-bead-energy-bracelet-heavens-will-style\/","title":{"rendered":"Pulsera energ\u00e9tica con 18 cuentas de bodhi \u2013 Estilo Heaven's Will | Joyer\u00eda espiritual natural"},"content":{"rendered":"<p data-start=\"340\" data-end=\"697\"><strong data-start=\"340\" data-end=\"399\">Un recordatorio port\u00e1til de calma, protecci\u00f3n e intenci\u00f3n.<\/strong><br data-start=\"399\" data-end=\"402\" \/>El <strong data-start=\"406\" data-end=\"448\">Pulsera de 18 semillas (estilo Heaven's Will)<\/strong> Es una pulsera Bodhi tradicional \u201cmultitesor\u201d, hecha a mano en Fujian con una mezcla cuidadosamente equilibrada de semillas sagradas y piedras naturales. Cada cuenta se selecciona por su textura y simbolismo \u00fanicos, y se unen para formar un mala compacto que puedes llevar contigo todos los d\u00edas.<\/p>\n<p data-start=\"699\" data-end=\"990\">Inspirada en los estilos cl\u00e1sicos de los templos, esta pulsera presenta <strong data-start=\"757\" data-end=\"777\">18 cuentas primarias<\/strong> Representa la armon\u00eda, la claridad y el camino hacia la estabilidad interior. La cuenta gur\u00fa con forma de calabaza y la borla le dan un toque ritual sutil, lo que la hace igual de significativa para la meditaci\u00f3n que para el uso diario.<\/p>\n<h3 data-start=\"992\" data-end=\"1024\">Materiales y composici\u00f3n de las cuentas<\/h3>\n<p data-start=\"1025\" data-end=\"1062\">Una mezcla rica y natural que puede incluir:<\/p>\n<ul>\n<li data-start=\"1066\" data-end=\"1130\"><strong data-start=\"1066\" data-end=\"1094\">Amazonita (piedra Tianhe)<\/strong> \u2013 Tonos azul verdosos frescos y tranquilos.<\/li>\n<li data-start=\"1133\" data-end=\"1175\"><strong data-start=\"1133\" data-end=\"1146\">Ojo de tigre<\/strong> \u2013 c\u00e1lido brillo dorado-marr\u00f3n<\/li>\n<li data-start=\"1178\" data-end=\"1251\"><strong data-start=\"1178\" data-end=\"1199\">Ojo de F\u00e9nix Bodhi<\/strong> \u2013 Distintivo grano \u201cojo\u201d, semilla tradicional de Bodhi.<\/li>\n<li data-start=\"1254\" data-end=\"1313\"><strong data-start=\"1254\" data-end=\"1288\">Bodhi suave (Bodhi sin dientes)<\/strong> \u2013 Textura suave y cremosa.<\/li>\n<li data-start=\"1316\" data-end=\"1366\"><strong data-start=\"1316\" data-end=\"1335\">Rudraksha Bodhi<\/strong> \u2013 textura rugosa de semilla sagrada<\/li>\n<li data-start=\"1369\" data-end=\"1420\"><strong data-start=\"1369\" data-end=\"1399\">Detalles en jade rojo\/piedra roja<\/strong> \u2013 Calidez reconfortante<\/li>\n<li data-start=\"1423\" data-end=\"1464\"><strong data-start=\"1423\" data-end=\"1438\">\u00c1gata negra<\/strong> \u2013 contraste profundo y constante<\/li>\n<li data-start=\"1467\" data-end=\"1530\"><strong data-start=\"1467\" data-end=\"1500\">Cuentas de bamb\u00fa de seda dorada y jade<\/strong> \u2013 patr\u00f3n ligero y org\u00e1nico<\/li>\n<\/ul>\n<blockquote data-start=\"1532\" data-end=\"1680\">\n<p data-start=\"1534\" data-end=\"1680\">Dado que cada pulsera est\u00e1 hecha a mano con materiales naturales, <strong data-start=\"1593\" data-end=\"1646\">El color, el veteado y el patr\u00f3n pueden variar ligeramente.<\/strong>, lo que hace que cada pieza sea \u00fanica.<\/p>\n<\/blockquote>\n<h3 data-start=\"1682\" data-end=\"1699\">Artesan\u00eda<\/h3>\n<ul>\n<li data-start=\"1702\" data-end=\"1742\"><strong data-start=\"1702\" data-end=\"1728\">Hecho a mano \/ Encordado a mano<\/strong> por artesanos<\/li>\n<li data-start=\"1745\" data-end=\"1803\">Dise\u00f1ado para el uso diario, la pr\u00e1ctica de la atenci\u00f3n plena y para regalar.<\/li>\n<\/ul>","protected":false},"excerpt":{"rendered":"<p>Tipo de producto: Pulsera<br \/>\nArtesan\u00eda: Hecho a mano<br \/>\nMateriales: amazonita, ojo de tigre, bodhi ojo de f\u00e9nix, bodhi sin dientes, bodhi vajra, jaspe rojo, \u00f3nix negro, bamb\u00fa de jade seda dorada, etc.<br \/>\nOrigen: Fujian, China<br \/>\nEmbalaje: Empaquetado individualmente.<br \/>\nIncluye: Una pulsera estilo \u201cEighteen-Seed Tianyi\u201d.<\/p>","protected":false},"featured_media":31048,"comment_status":"open","ping_status":"closed","template":"","meta":{"_joinchat":[]},"product_brand":[],"product_cat":[109],"product_tag":[],"class_list":{"0":"post-30863","1":"product","2":"type-product","3":"status-publish","4":"has-post-thumbnail","6":"product_cat-energy-bracelet","8":"first","9":"instock","10":"sale","11":"shipping-taxable","12":"purchasable","13":"product-type-simple"},"_links":{"self":[{"href":"https:\/\/fengshuixinyu.com\/es\/wp-json\/wp\/v2\/product\/30863","targetHints":{"allow":["GET"]}}],"collection":[{"href":"https:\/\/fengshuixinyu.com\/es\/wp-json\/wp\/v2\/product"}],"about":[{"href":"https:\/\/fengshuixinyu.com\/es\/wp-json\/wp\/v2\/types\/product"}],"replies":[{"embeddable":true,"href":"https:\/\/fengshuixinyu.com\/es\/wp-json\/wp\/v2\/comments?post=30863"}],"version-history":[{"count":3,"href":"https:\/\/fengshuixinyu.com\/es\/wp-json\/wp\/v2\/product\/30863\/revisions"}],"predecessor-version":[{"id":30946,"href":"https:\/\/fengshuixinyu.com\/es\/wp-json\/wp\/v2\/product\/30863\/revisions\/30946"}],"wp:featuredmedia":[{"embeddable":true,"href":"https:\/\/fengshuixinyu.com\/es\/wp-json\/wp\/v2\/media\/31048"}],"wp:attachment":[{"href":"https:\/\/fengshuixinyu.com\/es\/wp-json\/wp\/v2\/media?parent=30863"}],"wp:term":[{"taxonomy":"product_brand","embeddable":true,"href":"https:\/\/fengshuixinyu.com\/es\/wp-json\/wp\/v2\/product_brand?post=30863"},{"taxonomy":"product_cat","embeddable":true,"href":"https:\/\/fengshuixinyu.com\/es\/wp-json\/wp\/v2\/product_cat?post=30863"},{"taxonomy":"product_tag","embeddable":true,"href":"https:\/\/fengshuixinyu.com\/es\/wp-json\/wp\/v2\/product_tag?post=30863"}],"curies":[{"name":"wp","href":"https:\/\/api.w.org\/{rel}","templated":true}]}}