{"id":30870,"date":"2025-12-03T23:01:26","date_gmt":"2025-12-04T07:01:26","guid":{"rendered":"https:\/\/fengshuixinyu.com\/?post_type=product&#038;p=30870"},"modified":"2025-12-09T18:36:01","modified_gmt":"2025-12-10T02:36:01","slug":"lingyin-temple-traditional-feng-shui-18-bead-bodhi-seed-bracelet","status":"publish","type":"product","link":"https:\/\/fengshuixinyu.com\/es\/product\/lingyin-temple-traditional-feng-shui-18-bead-bodhi-seed-bracelet\/","title":{"rendered":"Templo Lingyin Pulsera tradicional de feng shui con 18 cuentas de semillas de Bodhi, pulsera ajustable con cuentas de oraci\u00f3n por la paz y borla decorativa, m\u00faltiples gemas."},"content":{"rendered":"<h3 data-start=\"299\" data-end=\"355\"><strong data-start=\"303\" data-end=\"355\">Una pulsera de armon\u00eda, protecci\u00f3n y tradici\u00f3n<\/strong><\/h3>\n<p data-start=\"357\" data-end=\"674\">Esto <strong data-start=\"362\" data-end=\"402\">Pulsera Mala con 18 semillas y m\u00faltiples tesoros<\/strong> est\u00e1 inspirado en el estilo cl\u00e1sico del templo Lingyin de Hangzhou. Cuidadosamente elaborado a mano en Fujian, cada brazalete combina semillas naturales de Bodhi, Rudraksha sagrada y una variedad de piedras preciosas relajantes, creando un accesorio significativo para la atenci\u00f3n plena, la meditaci\u00f3n o el uso diario.<\/p>\n<p data-start=\"676\" data-end=\"817\">Cada cuenta tiene su propia energ\u00eda simb\u00f3lica, unidas en un c\u00edrculo armonioso que representa el equilibrio, la claridad y la intenci\u00f3n pac\u00edfica.<\/p>\n<hr data-start=\"819\" data-end=\"822\" \/>\n<h3 data-start=\"824\" data-end=\"851\"><strong data-start=\"827\" data-end=\"851\">Materiales incluidos<\/strong><\/h3>\n<p data-start=\"852\" data-end=\"928\">Esta pulsera artesanal presenta una selecci\u00f3n cuidada de materiales naturales:<\/p>\n<ul>\n<li data-start=\"932\" data-end=\"1011\"><strong data-start=\"932\" data-end=\"960\">Amazonita (piedra Tianhe)<\/strong> \u2013 Piedra azul verdosa que calma y aumenta el valor.<\/li>\n<li data-start=\"1014\" data-end=\"1075\"><strong data-start=\"1014\" data-end=\"1027\">Ojo de tigre<\/strong> \u2013 Piedra dorada marr\u00f3n con propiedades protectoras y estabilizadoras.<\/li>\n<li data-start=\"1078\" data-end=\"1152\"><strong data-start=\"1078\" data-end=\"1099\">Ojo de F\u00e9nix Bodhi<\/strong> \u2013 Semilla Bodhi tradicional con una textura \u00fanica en forma de \u201cojo\u201d.<\/li>\n<li data-start=\"1155\" data-end=\"1213\"><strong data-start=\"1155\" data-end=\"1189\">Bodhi sin dientes (Bodhi liso)<\/strong> \u2013 suave, veteado natural<\/li>\n<li data-start=\"1216\" data-end=\"1282\"><strong data-start=\"1216\" data-end=\"1247\">Rudraksha \/ Bodhi King Kong<\/strong> \u2013 s\u00edmbolo de protecci\u00f3n espiritual<\/li>\n<li data-start=\"1285\" data-end=\"1349\"><strong data-start=\"1285\" data-end=\"1321\">Piedra roja (\u00e1gata roja \/ jade rojo)<\/strong> \u2013 Piedra decorativa energizante<\/li>\n<li data-start=\"1352\" data-end=\"1398\"><strong data-start=\"1352\" data-end=\"1367\">\u00c1gata negra<\/strong> \u2013 estabilizador y protector<\/li>\n<li data-start=\"1401\" data-end=\"1468\"><strong data-start=\"1401\" data-end=\"1429\">Cuentas de bamb\u00fa de seda dorada<\/strong> \u2013 Textura c\u00e1lida y org\u00e1nica de madera natural.<\/li>\n<\/ul>\n<blockquote data-start=\"1470\" data-end=\"1614\">\n<p data-start=\"1472\" data-end=\"1614\">Debido a que estos materiales provienen de la naturaleza y cada pulsera est\u00e1 hecha a mano, <strong data-start=\"1545\" data-end=\"1580\">La textura y el color de las cuentas pueden variar.<\/strong>, lo que hace que cada pieza sea \u00fanica.<\/p>\n<\/blockquote>\n<hr data-start=\"1616\" data-end=\"1619\" \/>\n<h3 data-start=\"1621\" data-end=\"1643\"><strong data-start=\"1624\" data-end=\"1643\">Artesan\u00eda<\/strong><\/h3>\n<ul>\n<li data-start=\"1646\" data-end=\"1663\"><strong data-start=\"1646\" data-end=\"1663\">100% Hecho a mano<\/strong><\/li>\n<li data-start=\"1666\" data-end=\"1716\">Cuidadosamente pulido y ensartado por artesanos de Fujian.<\/li>\n<li data-start=\"1719\" data-end=\"1766\">Cord\u00f3n el\u00e1stico, ajuste c\u00f3modo para la mayor\u00eda de mu\u00f1ecas.<\/li>\n<\/ul>\n<hr data-start=\"1768\" data-end=\"1771\" \/>\n<h3 data-start=\"1773\" data-end=\"1788\"><strong data-start=\"1776\" data-end=\"1788\">Origen<\/strong><\/h3>\n<p data-start=\"1789\" data-end=\"1806\"><strong data-start=\"1789\" data-end=\"1806\">Fujian, China<\/strong><\/p>\n<hr data-start=\"1808\" data-end=\"1811\" \/>\n<h3 data-start=\"1813\" data-end=\"1831\"><strong data-start=\"1816\" data-end=\"1831\">Embalaje<\/strong><\/h3>\n<ul>\n<li data-start=\"1834\" data-end=\"1857\">Envasado individualmente<\/li>\n<li data-start=\"1860\" data-end=\"1908\">Incluye: <strong data-start=\"1870\" data-end=\"1908\">1 \u00d7 Pulsera estilo Lingyin con 18 semillas<\/strong><\/li>\n<\/ul>","protected":false},"excerpt":{"rendered":"<p>Tipo de producto: Pulsera<br \/>\nArtesan\u00eda: Hecho a mano<br \/>\nMateriales: amazonita, ojo de tigre, bodhi ojo de f\u00e9nix, bodhi sin dientes, bodhi vajra, jaspe rojo, \u00f3nix negro, bamb\u00fa de jade seda dorada, etc.<br \/>\nOrigen: Fujian, China<br \/>\nEmbalaje: Empaquetado individualmente.<br \/>\nIncluye: Pulsera estilo \u201cEighteen-Seed LingYin I\u201d *1<\/p>","protected":false},"featured_media":31066,"comment_status":"open","ping_status":"closed","template":"","meta":{"_joinchat":[]},"product_brand":[],"product_cat":[109],"product_tag":[],"class_list":{"0":"post-30870","1":"product","2":"type-product","3":"status-publish","4":"has-post-thumbnail","6":"product_cat-energy-bracelet","8":"first","9":"instock","10":"sale","11":"shipping-taxable","12":"purchasable","13":"product-type-simple"},"_links":{"self":[{"href":"https:\/\/fengshuixinyu.com\/es\/wp-json\/wp\/v2\/product\/30870","targetHints":{"allow":["GET"]}}],"collection":[{"href":"https:\/\/fengshuixinyu.com\/es\/wp-json\/wp\/v2\/product"}],"about":[{"href":"https:\/\/fengshuixinyu.com\/es\/wp-json\/wp\/v2\/types\/product"}],"replies":[{"embeddable":true,"href":"https:\/\/fengshuixinyu.com\/es\/wp-json\/wp\/v2\/comments?post=30870"}],"version-history":[{"count":3,"href":"https:\/\/fengshuixinyu.com\/es\/wp-json\/wp\/v2\/product\/30870\/revisions"}],"predecessor-version":[{"id":30947,"href":"https:\/\/fengshuixinyu.com\/es\/wp-json\/wp\/v2\/product\/30870\/revisions\/30947"}],"wp:featuredmedia":[{"embeddable":true,"href":"https:\/\/fengshuixinyu.com\/es\/wp-json\/wp\/v2\/media\/31066"}],"wp:attachment":[{"href":"https:\/\/fengshuixinyu.com\/es\/wp-json\/wp\/v2\/media?parent=30870"}],"wp:term":[{"taxonomy":"product_brand","embeddable":true,"href":"https:\/\/fengshuixinyu.com\/es\/wp-json\/wp\/v2\/product_brand?post=30870"},{"taxonomy":"product_cat","embeddable":true,"href":"https:\/\/fengshuixinyu.com\/es\/wp-json\/wp\/v2\/product_cat?post=30870"},{"taxonomy":"product_tag","embeddable":true,"href":"https:\/\/fengshuixinyu.com\/es\/wp-json\/wp\/v2\/product_tag?post=30870"}],"curies":[{"name":"wp","href":"https:\/\/api.w.org\/{rel}","templated":true}]}}