{"id":30878,"date":"2025-12-03T23:11:05","date_gmt":"2025-12-04T07:11:05","guid":{"rendered":"https:\/\/fengshuixinyu.com\/?post_type=product&#038;p=30878"},"modified":"2025-12-08T22:17:28","modified_gmt":"2025-12-09T06:17:28","slug":"18-treasure-bodhi-bracelet-lingyin-temple-style-handmade-mala","status":"publish","type":"product","link":"https:\/\/fengshuixinyu.com\/es\/product\/18-treasure-bodhi-bracelet-lingyin-temple-style-handmade-mala\/","title":{"rendered":"18-Pulsera Bodhi del tesoro | Mala artesanal estilo del templo Lingyin"},"content":{"rendered":"<h3 data-start=\"421\" data-end=\"524\"><strong data-start=\"425\" data-end=\"524\">Un cl\u00e1sico espiritual reinventado: la pulsera multijoyas \u201cLingyin Fifth Generation\u201d con 18 semillas.<\/strong><\/h3>\n<p data-start=\"526\" data-end=\"748\">Inspirado en los dise\u00f1os tradicionales de mala que se encuentran en el templo Lingyin de Hangzhou, este <strong data-start=\"608\" data-end=\"649\">Pulsera Bodhi con 18 semillas y m\u00faltiples tesoros<\/strong> presenta una combinaci\u00f3n armoniosa de piedras naturales, semillas sagradas y cuentas de madera hechas a mano.<\/p>\n<p data-start=\"750\" data-end=\"925\">Cada cuenta se selecciona individualmente por su textura, significado simb\u00f3lico y belleza natural, creando una pulsera que es a la vez <strong data-start=\"872\" data-end=\"898\">espiritualmente significativo<\/strong> y <strong data-start=\"903\" data-end=\"924\">visualmente llamativo<\/strong>.<\/p>\n<p data-start=\"927\" data-end=\"1058\">El dise\u00f1o Lingyin de \u201cquinta generaci\u00f3n\u201d a\u00f1ade una refinada cuenta gur\u00fa con forma de calabaza y nudos, completando el estilo tradicional del templo.<\/p>\n<hr data-start=\"1060\" data-end=\"1063\" \/>\n<h3 data-start=\"1065\" data-end=\"1092\"><strong data-start=\"1068\" data-end=\"1092\">Caracter\u00edsticas y materiales<\/strong><\/h3>\n<p data-start=\"1094\" data-end=\"1136\"><strong data-start=\"1098\" data-end=\"1136\">Hecho a mano con tesoros naturales<\/strong><\/p>\n<p data-start=\"1137\" data-end=\"1198\">Esta pulsera multimaterial incluye una selecci\u00f3n cuidada de:<\/p>\n<ul>\n<li data-start=\"1202\" data-end=\"1285\"><strong data-start=\"1202\" data-end=\"1230\">Amazonita (piedra Tianhe)<\/strong> \u2013 Tonos verdes relajantes, que simbolizan calma y claridad.<\/li>\n<li data-start=\"1288\" data-end=\"1342\"><strong data-start=\"1288\" data-end=\"1307\">Piedra ojo de tigre<\/strong> \u2013 base dorada brillante<\/li>\n<li data-start=\"1345\" data-end=\"1411\"><strong data-start=\"1345\" data-end=\"1371\">Semilla de Bodhi Phoenix Eye<\/strong> \u2013 patrones simb\u00f3licos en forma de \u201cojo\u201d para la percepci\u00f3n<\/li>\n<li data-start=\"1414\" data-end=\"1470\"><strong data-start=\"1414\" data-end=\"1438\">Semilla de Bodhi sin dientes<\/strong> \u2013 Textura suave y discreta.<\/li>\n<li data-start=\"1473\" data-end=\"1556\"><strong data-start=\"1473\" data-end=\"1510\">Rudraksha Bodhi (Bodhi King Kong)<\/strong> \u2013 semilla sagrada tradicional con un profundo significado<\/li>\n<li data-start=\"1559\" data-end=\"1612\"><strong data-start=\"1559\" data-end=\"1585\">Piedra roja \/ Jaspe rojo<\/strong> \u2013 vitalidad y conexi\u00f3n con la tierra<\/li>\n<li data-start=\"1615\" data-end=\"1663\"><strong data-start=\"1615\" data-end=\"1630\">\u00c1gata negra<\/strong> \u2013 protector, elegante contraste<\/li>\n<li data-start=\"1666\" data-end=\"1730\"><strong data-start=\"1666\" data-end=\"1694\">Cuentas de bamb\u00fa de seda dorada<\/strong> \u2013 c\u00e1lido, ligero y con vetas naturales<\/li>\n<\/ul>\n<p data-start=\"1732\" data-end=\"1808\">Cada pulsera es <strong data-start=\"1749\" data-end=\"1759\">\u00fanico<\/strong>, ya que los materiales naturales var\u00edan en cuanto a patr\u00f3n y color.<\/p>\n<hr data-start=\"1810\" data-end=\"1813\" \/>\n<h3 data-start=\"1815\" data-end=\"1835\"><strong data-start=\"1818\" data-end=\"1835\">Artesan\u00eda<\/strong><\/h3>\n<ul>\n<li data-start=\"1838\" data-end=\"1883\"><strong data-start=\"1838\" data-end=\"1859\">Totalmente hecho a mano<\/strong> por artesanos de Fujian<\/li>\n<li data-start=\"1886\" data-end=\"1937\">Cord\u00f3n el\u00e1stico duradero para mayor comodidad y uso diario.<\/li>\n<li data-start=\"1940\" data-end=\"1983\">Acabado liso con variaciones naturales.<\/li>\n<\/ul>\n<hr data-start=\"1985\" data-end=\"1988\" \/>\n<h3 data-start=\"1990\" data-end=\"2003\"><strong data-start=\"1993\" data-end=\"2003\">Origen<\/strong><\/h3>\n<p data-start=\"2004\" data-end=\"2021\"><strong data-start=\"2004\" data-end=\"2021\">Fujian, China<\/strong><\/p>\n<hr data-start=\"2023\" data-end=\"2026\" \/>\n<h3 data-start=\"2028\" data-end=\"2044\"><strong data-start=\"2031\" data-end=\"2044\">Embalaje<\/strong><\/h3>\n<ul>\n<li data-start=\"2047\" data-end=\"2070\">Envasado individualmente<\/li>\n<li data-start=\"2073\" data-end=\"2142\">Incluye: <strong data-start=\"2083\" data-end=\"2142\">Pulsera Bodhi de 18 tesoros \u2013 Lingyin 5.\u00aa generaci\u00f3n \u00d7 1<\/strong><\/li>\n<\/ul>","protected":false},"excerpt":{"rendered":"<p>Tipo de producto: Pulsera<br \/>\nArtesan\u00eda: Hecho a mano<br \/>\nMateriales: amazonita, ojo de tigre, bodhi ojo de f\u00e9nix, bodhi sin dientes, bodhi vajra, jaspe rojo, \u00f3nix negro, bamb\u00fa de jade seda dorada, etc.<br \/>\nOrigen: Fujian, China<br \/>\nEmbalaje: Empaquetado individualmente.<br \/>\nIncluye: Pulsera estilo \u201cEighteen-Seed LingYin V\u201d *1<\/p>","protected":false},"featured_media":30879,"comment_status":"open","ping_status":"closed","template":"","meta":{"_joinchat":[]},"product_brand":[],"product_cat":[109],"product_tag":[],"class_list":{"0":"post-30878","1":"product","2":"type-product","3":"status-publish","4":"has-post-thumbnail","6":"product_cat-energy-bracelet","8":"first","9":"instock","10":"sale","11":"shipping-taxable","12":"purchasable","13":"product-type-simple"},"_links":{"self":[{"href":"https:\/\/fengshuixinyu.com\/es\/wp-json\/wp\/v2\/product\/30878","targetHints":{"allow":["GET"]}}],"collection":[{"href":"https:\/\/fengshuixinyu.com\/es\/wp-json\/wp\/v2\/product"}],"about":[{"href":"https:\/\/fengshuixinyu.com\/es\/wp-json\/wp\/v2\/types\/product"}],"replies":[{"embeddable":true,"href":"https:\/\/fengshuixinyu.com\/es\/wp-json\/wp\/v2\/comments?post=30878"}],"version-history":[{"count":2,"href":"https:\/\/fengshuixinyu.com\/es\/wp-json\/wp\/v2\/product\/30878\/revisions"}],"predecessor-version":[{"id":30950,"href":"https:\/\/fengshuixinyu.com\/es\/wp-json\/wp\/v2\/product\/30878\/revisions\/30950"}],"wp:featuredmedia":[{"embeddable":true,"href":"https:\/\/fengshuixinyu.com\/es\/wp-json\/wp\/v2\/media\/30879"}],"wp:attachment":[{"href":"https:\/\/fengshuixinyu.com\/es\/wp-json\/wp\/v2\/media?parent=30878"}],"wp:term":[{"taxonomy":"product_brand","embeddable":true,"href":"https:\/\/fengshuixinyu.com\/es\/wp-json\/wp\/v2\/product_brand?post=30878"},{"taxonomy":"product_cat","embeddable":true,"href":"https:\/\/fengshuixinyu.com\/es\/wp-json\/wp\/v2\/product_cat?post=30878"},{"taxonomy":"product_tag","embeddable":true,"href":"https:\/\/fengshuixinyu.com\/es\/wp-json\/wp\/v2\/product_tag?post=30878"}],"curies":[{"name":"wp","href":"https:\/\/api.w.org\/{rel}","templated":true}]}}