{"id":30887,"date":"2025-12-03T23:26:13","date_gmt":"2025-12-04T07:26:13","guid":{"rendered":"https:\/\/fengshuixinyu.com\/?post_type=product&#038;p=30887"},"modified":"2025-12-08T22:22:02","modified_gmt":"2025-12-09T06:22:02","slug":"18-seed-rudraksha-bodhi-bracelet-handmade-energy-mala-for-spiritual-balance","status":"publish","type":"product","link":"https:\/\/fengshuixinyu.com\/es\/product\/18-seed-rudraksha-bodhi-bracelet-handmade-energy-mala-for-spiritual-balance\/","title":{"rendered":"Pulsera Rudraksha Bodhi de 18 semillas: mala energ\u00e9tica hecha a mano para el equilibrio espiritual."},"content":{"rendered":"<p data-start=\"182\" data-end=\"538\"><strong data-start=\"182\" data-end=\"215\">Despierta tu energ\u00eda espiritual.<\/strong><br data-start=\"215\" data-end=\"218\" \/>El <strong data-start=\"222\" data-end=\"273\">Pulsera energ\u00e9tica de 18 semillas \u2013 Estilo Rudraksha Bodhi<\/strong> es m\u00e1s que un simple accesorio: es una herramienta espiritual dise\u00f1ada para estabilizar y equilibrar tus energ\u00edas. Inspirada en antiguas tradiciones de meditaci\u00f3n, esta pulsera cuenta con <strong data-start=\"440\" data-end=\"452\">18 cuentas<\/strong> representando diversas propiedades espirituales, entre ellas la sabidur\u00eda, la protecci\u00f3n y el equilibrio.<\/p>\n<p data-start=\"540\" data-end=\"856\">Cada cuenta est\u00e1 cuidadosamente elaborada a mano utilizando <strong data-start=\"581\" data-end=\"602\">materiales naturales<\/strong>, elegidas por su profundo significado simb\u00f3lico y sus propiedades energ\u00e9ticas. Tanto si la llevas puesta durante la meditaci\u00f3n como si la utilizas como recordatorio diario de tu camino hacia la atenci\u00f3n plena, los tonos terrosos y la presencia relajante de la pulsera te ayudar\u00e1n a guiarte a lo largo de cada d\u00eda.<\/p>\n<h3 data-start=\"858\" data-end=\"879\"><strong data-start=\"862\" data-end=\"879\">Caracter\u00edsticas principales:<\/strong><\/h3>\n<ul>\n<li data-start=\"882\" data-end=\"1068\"><strong data-start=\"882\" data-end=\"906\">Materiales aut\u00e9nticos:<\/strong> Hecho a mano con <strong data-start=\"924\" data-end=\"937\">Amazonita<\/strong>, <strong data-start=\"939\" data-end=\"952\">Ojo de tigre<\/strong>, <strong data-start=\"954\" data-end=\"975\">Ojo de F\u00e9nix Bodhi<\/strong>, <strong data-start=\"977\" data-end=\"993\">Bodhi suave<\/strong>, <strong data-start=\"995\" data-end=\"1008\">Rudraksha<\/strong>, <strong data-start=\"1010\" data-end=\"1025\">\u00c1gata negra<\/strong>, <strong data-start=\"1027\" data-end=\"1039\">Jade rojo<\/strong>, y <strong data-start=\"1045\" data-end=\"1067\">Bamb\u00fa de seda dorada<\/strong>.<\/li>\n<li data-start=\"1071\" data-end=\"1163\"><strong data-start=\"1071\" data-end=\"1091\">Dise\u00f1o simb\u00f3lico:<\/strong> Caracter\u00edsticas <strong data-start=\"1101\" data-end=\"1113\">18 cuentas<\/strong> que representa la armon\u00eda espiritual y la iluminaci\u00f3n.<\/li>\n<li data-start=\"1166\" data-end=\"1222\"><strong data-start=\"1166\" data-end=\"1186\">Cuenta Gur\u00fa Calabaza:<\/strong> Cuenta gur\u00fa tradicional con forma de calabaza.<\/li>\n<li data-start=\"1225\" data-end=\"1358\"><strong data-start=\"1225\" data-end=\"1252\">Artesan\u00eda hecha a mano:<\/strong> Cada pulsera est\u00e1 cuidadosamente hecha a mano por artesanos en <strong data-start=\"1307\" data-end=\"1317\">Fujian<\/strong>, garantizando una alta calidad y autenticidad.<\/li>\n<li data-start=\"1361\" data-end=\"1435\"><strong data-start=\"1361\" data-end=\"1380\">Ajuste regulable:<\/strong> Apto para la mayor\u00eda de tama\u00f1os de mu\u00f1eca gracias a su cord\u00f3n ajustable.<\/li>\n<\/ul>\n<h3 data-start=\"1439\" data-end=\"1477\"><strong data-start=\"1443\" data-end=\"1477\">Materiales y composici\u00f3n de las cuentas:<\/strong><\/h3>\n<ul>\n<li data-start=\"1480\" data-end=\"1540\"><strong data-start=\"1480\" data-end=\"1493\">Amazonita<\/strong> \u2013 Piedras tranquilas de color azul verdoso, energ\u00eda relajante.<\/li>\n<li data-start=\"1543\" data-end=\"1610\"><strong data-start=\"1543\" data-end=\"1556\">Ojo de tigre<\/strong> \u2013 Piedras c\u00e1lidas de color marr\u00f3n dorado, estabilizadoras y protectoras.<\/li>\n<li data-start=\"1613\" data-end=\"1683\"><strong data-start=\"1613\" data-end=\"1634\">Ojo de F\u00e9nix Bodhi<\/strong> \u2013 Semilla Bodhi \u00fanica con un patr\u00f3n simb\u00f3lico en forma de \u201cojo\u201d.<\/li>\n<li data-start=\"1686\" data-end=\"1753\"><strong data-start=\"1686\" data-end=\"1702\">Bodhi suave<\/strong> \u2013 Textura Bodhi sutil y suave, que representa el crecimiento.<\/li>\n<li data-start=\"1756\" data-end=\"1828\"><strong data-start=\"1756\" data-end=\"1769\">Rudraksha<\/strong> \u2013 Semilla sagrada, conocida por su conexi\u00f3n espiritual y claridad.<\/li>\n<li data-start=\"1831\" data-end=\"1871\"><strong data-start=\"1831\" data-end=\"1846\">\u00c1gata negra<\/strong> \u2013 Piedra profunda y estabilizadora.<\/li>\n<li data-start=\"1874\" data-end=\"1943\"><strong data-start=\"1874\" data-end=\"1886\">Jade rojo<\/strong> \u2013 Una piedra que aporta vitalidad, equilibrio y estabilidad emocional.<\/li>\n<li data-start=\"1946\" data-end=\"2020\"><strong data-start=\"1946\" data-end=\"1968\">Bamb\u00fa de seda dorada<\/strong> \u2013 Elegante dise\u00f1o de bamb\u00fa, que aporta calidez y armon\u00eda.<\/li>\n<\/ul>\n<h3 data-start=\"2022\" data-end=\"2046\"><strong data-start=\"2026\" data-end=\"2046\">Detalles del producto:<\/strong><\/h3>\n<ul>\n<li data-start=\"2049\" data-end=\"2097\"><strong data-start=\"2049\" data-end=\"2067\">Artesan\u00eda:<\/strong> Hecho a mano en <strong data-start=\"2080\" data-end=\"2090\">Fujian<\/strong>, China<\/li>\n<li data-start=\"2100\" data-end=\"2217\"><strong data-start=\"2100\" data-end=\"2114\">Materiales:<\/strong> Piedras preciosas naturales y semillas, incluyendo <strong data-start=\"2154\" data-end=\"2167\">Amazonita<\/strong>, <strong data-start=\"2169\" data-end=\"2182\">Ojo de tigre<\/strong>, <strong data-start=\"2184\" data-end=\"2196\">Jade rojo<\/strong>, y <strong data-start=\"2202\" data-end=\"2217\">\u00c1gata negra<\/strong><\/li>\n<li data-start=\"2220\" data-end=\"2282\"><strong data-start=\"2220\" data-end=\"2234\">Embalaje:<\/strong> Envasado individualmente para una experiencia premium.<\/li>\n<\/ul>\n<h3 data-start=\"2286\" data-end=\"2312\"><strong data-start=\"2290\" data-end=\"2312\">Contenido de la caja:<\/strong><\/h3>\n<p data-start=\"2313\" data-end=\"2394\">1 x <strong data-start=\"2317\" data-end=\"2368\">Pulsera energ\u00e9tica de 18 semillas \u2013 Estilo Rudraksha Bodhi<\/strong><br data-start=\"2368\" data-end=\"2371\" \/>(Envasado individualmente)<\/p>","protected":false},"excerpt":{"rendered":"<p>Tipo de producto: Pulsera<br \/>\nArtesan\u00eda: Hecho a mano<br \/>\nMateriales: Xingyue Bodhi, ojo de tigre, Bodhi sin dientes, Vajra Bodhi, jade rojo, piedra lunar, etc.<br \/>\nLugar de origen: Fujian, China<br \/>\nEmbalaje: Embalaje individual<br \/>\nEl paquete incluye: Pulsera estilo Lingyin con dieciocho semillas \u00d7 1<\/p>","protected":false},"featured_media":30888,"comment_status":"open","ping_status":"closed","template":"","meta":{"_joinchat":[]},"product_brand":[],"product_cat":[109],"product_tag":[],"class_list":{"0":"post-30887","1":"product","2":"type-product","3":"status-publish","4":"has-post-thumbnail","6":"product_cat-energy-bracelet","8":"first","9":"instock","10":"sale","11":"shipping-taxable","12":"purchasable","13":"product-type-simple"},"_links":{"self":[{"href":"https:\/\/fengshuixinyu.com\/es\/wp-json\/wp\/v2\/product\/30887","targetHints":{"allow":["GET"]}}],"collection":[{"href":"https:\/\/fengshuixinyu.com\/es\/wp-json\/wp\/v2\/product"}],"about":[{"href":"https:\/\/fengshuixinyu.com\/es\/wp-json\/wp\/v2\/types\/product"}],"replies":[{"embeddable":true,"href":"https:\/\/fengshuixinyu.com\/es\/wp-json\/wp\/v2\/comments?post=30887"}],"version-history":[{"count":3,"href":"https:\/\/fengshuixinyu.com\/es\/wp-json\/wp\/v2\/product\/30887\/revisions"}],"predecessor-version":[{"id":30952,"href":"https:\/\/fengshuixinyu.com\/es\/wp-json\/wp\/v2\/product\/30887\/revisions\/30952"}],"wp:featuredmedia":[{"embeddable":true,"href":"https:\/\/fengshuixinyu.com\/es\/wp-json\/wp\/v2\/media\/30888"}],"wp:attachment":[{"href":"https:\/\/fengshuixinyu.com\/es\/wp-json\/wp\/v2\/media?parent=30887"}],"wp:term":[{"taxonomy":"product_brand","embeddable":true,"href":"https:\/\/fengshuixinyu.com\/es\/wp-json\/wp\/v2\/product_brand?post=30887"},{"taxonomy":"product_cat","embeddable":true,"href":"https:\/\/fengshuixinyu.com\/es\/wp-json\/wp\/v2\/product_cat?post=30887"},{"taxonomy":"product_tag","embeddable":true,"href":"https:\/\/fengshuixinyu.com\/es\/wp-json\/wp\/v2\/product_tag?post=30887"}],"curies":[{"name":"wp","href":"https:\/\/api.w.org\/{rel}","templated":true}]}}