{"id":30897,"date":"2025-12-03T23:30:02","date_gmt":"2025-12-04T07:30:02","guid":{"rendered":"https:\/\/fengshuixinyu.com\/?post_type=product&#038;p=30897"},"modified":"2025-12-05T01:50:35","modified_gmt":"2025-12-05T09:50:35","slug":"18-seed-success-achievement-bracelet-handmade-bodhi-gemstone-mala","status":"publish","type":"product","link":"https:\/\/fengshuixinyu.com\/es\/product\/18-seed-success-achievement-bracelet-handmade-bodhi-gemstone-mala\/","title":{"rendered":"Pulsera del \u00e9xito y los logros 18-Seed | Mala artesanal de bodhi y piedras preciosas para la protecci\u00f3n contra la energ\u00eda negativa"},"content":{"rendered":"<p data-start=\"430\" data-end=\"749\"><strong data-start=\"430\" data-end=\"499\">Una pulsera dise\u00f1ada para inspirar \u00e9xito, claridad y buena fortuna.<\/strong><br data-start=\"499\" data-end=\"502\" \/>El <strong data-start=\"506\" data-end=\"548\">Pulsera \u00ab\u00c9xito y logros\u00bb con 18 semillas<\/strong> (\u201cGold List Scholar Edition\u201d) es una pieza meticulosamente elaborada a mano con una selecci\u00f3n simb\u00f3lica de <strong data-start=\"649\" data-end=\"673\">18 materiales naturales<\/strong>, cada uno de los cuales trae consigo bendiciones de sabidur\u00eda, tranquilidad y transformaci\u00f3n positiva.<\/p>\n<p data-start=\"751\" data-end=\"1070\">Inspirada en la cultura tradicional auspiciosa, esta pulsera combina <strong data-start=\"816\" data-end=\"862\">Semillas de Bodhi, piedras preciosas y maderas arom\u00e1ticas.<\/strong>, que simboliza la iluminaci\u00f3n, la fuerza, la claridad mental y el crecimiento personal constante. Ya sea que se use para meditar, estudiar, trabajar o como talism\u00e1n diario, ofrece un sutil recordatorio para mantenerte enfocado en tus objetivos.<\/p>\n<h3 data-start=\"1072\" data-end=\"1115\"><strong data-start=\"1076\" data-end=\"1115\">Materiales utilizados en el dise\u00f1o<\/strong><\/h3>\n<p data-start=\"1116\" data-end=\"1181\">Cada pulsera incluye una armoniosa mezcla de cuentas naturales, tales como:<\/p>\n<ul>\n<li data-start=\"1185\" data-end=\"1264\"><strong data-start=\"1185\" data-end=\"1213\">Amazonita (piedra Tianhe)<\/strong> \u2013 Conocido por su claridad, valent\u00eda y equilibrio emocional.<\/li>\n<li data-start=\"1267\" data-end=\"1346\"><strong data-start=\"1267\" data-end=\"1298\">Rudraksha \/ Bodhi King Kong<\/strong> \u2013 simboliza protecci\u00f3n y conexi\u00f3n espiritual con la tierra<\/li>\n<li data-start=\"1349\" data-end=\"1401\"><strong data-start=\"1349\" data-end=\"1367\">Piedra de jade rojo<\/strong> \u2013 Energ\u00eda, vitalidad y motivaci\u00f3n.<\/li>\n<li data-start=\"1404\" data-end=\"1453\"><strong data-start=\"1404\" data-end=\"1419\">\u00c1gata negra<\/strong> \u2013 Estabilidad, protecci\u00f3n y concentraci\u00f3n.<\/li>\n<li data-start=\"1456\" data-end=\"1516\"><strong data-start=\"1456\" data-end=\"1476\">Cuentas de s\u00e1ndalo<\/strong> \u2013 aroma relajante, pureza y atenci\u00f3n plena<\/li>\n<li data-start=\"1519\" data-end=\"1601\">Adem\u00e1s, semillas naturales adicionales y cuentas talladas para aportar textura y riqueza simb\u00f3lica.<\/li>\n<\/ul>\n<blockquote data-start=\"1603\" data-end=\"1716\">\n<p data-start=\"1605\" data-end=\"1716\">Dado que todas las cuentas son naturales y est\u00e1n hechas a mano, <strong data-start=\"1652\" data-end=\"1714\">Cada pulsera es \u00fanica en cuanto a dise\u00f1os, colores y texturas.<\/strong><\/p>\n<\/blockquote>\n<hr data-start=\"1718\" data-end=\"1721\" \/>\n<h3 data-start=\"1723\" data-end=\"1746\"><strong data-start=\"1726\" data-end=\"1746\">Artesan\u00eda<\/strong><\/h3>\n<ul data-start=\"1747\" data-end=\"1906\">\n<li data-start=\"1747\" data-end=\"1793\">\n<p data-start=\"1749\" data-end=\"1793\"><strong data-start=\"1749\" data-end=\"1761\">Hecho a mano<\/strong> con cuidado por artesanos expertos<\/p>\n<\/li>\n<li data-start=\"1794\" data-end=\"1854\">\n<p data-start=\"1796\" data-end=\"1854\">Estructura el\u00e1stica suave para un uso diario c\u00f3modo.<\/p>\n<\/li>\n<li data-start=\"1855\" data-end=\"1906\">\n<p data-start=\"1857\" data-end=\"1906\">Cada cuenta se selecciona y pule individualmente.<\/p>\n<\/li>\n<\/ul>\n<hr data-start=\"1908\" data-end=\"1911\" \/>\n<h3 data-start=\"1913\" data-end=\"1929\"><strong data-start=\"1916\" data-end=\"1929\">Origen<\/strong><\/h3>\n<p data-start=\"1930\" data-end=\"1947\"><strong data-start=\"1930\" data-end=\"1947\">Fujian, China<\/strong><\/p>\n<hr data-start=\"1949\" data-end=\"1952\" \/>\n<h3 data-start=\"1954\" data-end=\"1973\"><strong data-start=\"1957\" data-end=\"1973\">Embalaje<\/strong><\/h3>\n<ul>\n<li data-start=\"1976\" data-end=\"1997\">Envasado individualmente<\/li>\n<li data-start=\"2000\" data-end=\"2051\">Presentaci\u00f3n sencilla y elegante, ideal para regalar.<\/li>\n<\/ul>\n<h3 data-start=\"2053\" data-end=\"2076\"><strong data-start=\"2056\" data-end=\"2076\">El paquete incluye<\/strong><\/h3>\n<ul>\n<li data-start=\"2079\" data-end=\"2127\"><strong data-start=\"2079\" data-end=\"2127\">Pulsera \u201c\u00c9xito y logros\u201d con 18 semillas \u00d7 1<\/strong><\/li>\n<\/ul>","protected":false},"excerpt":{"rendered":"<p>Tipo de producto: Pulsera<br \/>\nArtesan\u00eda: Hecho a mano<br \/>\nMateriales: Xingyue Bodhi, ojo de tigre, Bodhi sin dientes, Vajra Bodhi, jade rojo, piedra lunar, etc.<br \/>\nLugar de origen: Fujian, China<br \/>\nEmbalaje: Embalaje individual<br \/>\nEl paquete incluye: Pulsera estilo Lingyin con dieciocho semillas \u00d7 1<\/p>","protected":false},"featured_media":30898,"comment_status":"open","ping_status":"closed","template":"","meta":{"_joinchat":[]},"product_brand":[],"product_cat":[109],"product_tag":[],"class_list":{"0":"post-30897","1":"product","2":"type-product","3":"status-publish","4":"has-post-thumbnail","6":"product_cat-energy-bracelet","8":"first","9":"instock","10":"sale","11":"shipping-taxable","12":"purchasable","13":"product-type-simple"},"_links":{"self":[{"href":"https:\/\/fengshuixinyu.com\/es\/wp-json\/wp\/v2\/product\/30897","targetHints":{"allow":["GET"]}}],"collection":[{"href":"https:\/\/fengshuixinyu.com\/es\/wp-json\/wp\/v2\/product"}],"about":[{"href":"https:\/\/fengshuixinyu.com\/es\/wp-json\/wp\/v2\/types\/product"}],"replies":[{"embeddable":true,"href":"https:\/\/fengshuixinyu.com\/es\/wp-json\/wp\/v2\/comments?post=30897"}],"version-history":[{"count":3,"href":"https:\/\/fengshuixinyu.com\/es\/wp-json\/wp\/v2\/product\/30897\/revisions"}],"predecessor-version":[{"id":30953,"href":"https:\/\/fengshuixinyu.com\/es\/wp-json\/wp\/v2\/product\/30897\/revisions\/30953"}],"wp:featuredmedia":[{"embeddable":true,"href":"https:\/\/fengshuixinyu.com\/es\/wp-json\/wp\/v2\/media\/30898"}],"wp:attachment":[{"href":"https:\/\/fengshuixinyu.com\/es\/wp-json\/wp\/v2\/media?parent=30897"}],"wp:term":[{"taxonomy":"product_brand","embeddable":true,"href":"https:\/\/fengshuixinyu.com\/es\/wp-json\/wp\/v2\/product_brand?post=30897"},{"taxonomy":"product_cat","embeddable":true,"href":"https:\/\/fengshuixinyu.com\/es\/wp-json\/wp\/v2\/product_cat?post=30897"},{"taxonomy":"product_tag","embeddable":true,"href":"https:\/\/fengshuixinyu.com\/es\/wp-json\/wp\/v2\/product_tag?post=30897"}],"curies":[{"name":"wp","href":"https:\/\/api.w.org\/{rel}","templated":true}]}}