{"id":31019,"date":"2025-12-08T19:33:00","date_gmt":"2025-12-09T03:33:00","guid":{"rendered":"https:\/\/fengshuixinyu.com\/?post_type=product&#038;p=31019"},"modified":"2026-02-03T01:57:03","modified_gmt":"2026-02-03T09:57:03","slug":"2026-tai-sui-amulet-pouch-protection-set","status":"publish","type":"product","link":"https:\/\/fengshuixinyu.com\/es\/product\/2026-tai-sui-amulet-pouch-protection-set\/","title":{"rendered":"Conjunto de protecci\u00f3n con bolsa amuleto Tai Sui 2026, caja con bolsa amuleto Tai Sui, bolsa Tai Sui A\u00f1o del Caballo"},"content":{"rendered":"<h3 data-start=\"1468\" data-end=\"1504\">\u00bfQui\u00e9n debe llevar este amuleto?<\/h3>\n<p data-start=\"1506\" data-end=\"1629\">En 2026, ciertos signos del zodiaco e individuos en transici\u00f3n pueden sentir una mayor presi\u00f3n. Esta bolsa es muy recomendable para:<\/p>\n<ul data-start=\"1631\" data-end=\"2044\">\n<li data-start=\"1631\" data-end=\"1729\">\n<p data-start=\"1635\" data-end=\"1729\"><strong data-start=\"1635\" data-end=\"1654\">Choques del Zodiaco:<\/strong> Los nacidos en a\u00f1os que entran en conflicto con el Caballo (Rata, Caballo, Buey, Conejo).<\/p>\n<\/li>\n<li data-start=\"1730\" data-end=\"1830\">\n<p data-start=\"1734\" data-end=\"1830\"><strong data-start=\"1734\" data-end=\"1755\">Transiciones vitales:<\/strong> Cualquiera que inicie un nuevo negocio, se mude de casa o cambie de profesi\u00f3n en 2026.<\/p>\n<\/li>\n<li data-start=\"1831\" data-end=\"1934\">\n<p data-start=\"1835\" data-end=\"1934\"><strong data-start=\"1835\" data-end=\"1859\">Funciones de alta presi\u00f3n:<\/strong> Profesionales en entornos exigentes que buscan estabilidad y concentraci\u00f3n adicionales.<\/p>\n<\/li>\n<li data-start=\"1935\" data-end=\"2044\">\n<p data-start=\"1939\" data-end=\"2044\"><strong data-start=\"1939\" data-end=\"1967\">Entusiastas tradicionales:<\/strong> Cualquiera que valore la antigua sabidur\u00eda del Feng Shui y la atenci\u00f3n espiritual.<\/p>\n<\/li>\n<\/ul>\n<hr data-start=\"2046\" data-end=\"2049\" \/>\n<h3 data-start=\"2051\" data-end=\"2082\">Gu\u00eda de uso y activaci\u00f3n<\/h3>\n<p data-start=\"2084\" data-end=\"2172\">Para maximizar los beneficios protectores de tu amuleto, sigue estas pautas tradicionales:<\/p>\n<div class=\"TyagGW_tableContainer\">\n<div class=\"group TyagGW_tableWrapper flex w-fit flex-col-reverse\" tabindex=\"-1\">\n<table class=\"w-fit min-w-(--thread-content-width)\" style=\"width: 53.0519%; height: 120px;\" data-start=\"2174\" data-end=\"2625\">\n<thead data-start=\"2174\" data-end=\"2201\">\n<tr style=\"height: 24px;\" data-start=\"2174\" data-end=\"2201\">\n<th style=\"height: 24px;\" data-start=\"2174\" data-end=\"2183\" data-col-size=\"sm\">Aspecto<\/th>\n<th style=\"height: 24px;\" data-start=\"2183\" data-end=\"2201\" data-col-size=\"md\">Recomendaci\u00f3n<\/th>\n<\/tr>\n<\/thead>\n<tbody data-start=\"2212\" data-end=\"2625\">\n<tr style=\"height: 24px;\" data-start=\"2212\" data-end=\"2317\">\n<td style=\"height: 24px;\" data-start=\"2212\" data-end=\"2234\" data-col-size=\"sm\"><strong data-start=\"2214\" data-end=\"2233\">Tiempo de activaci\u00f3n<\/strong><\/td>\n<td style=\"height: 24px;\" data-start=\"2234\" data-end=\"2317\" data-col-size=\"md\">Comienza a utilizarse durante el A\u00f1o Nuevo Lunar o al inicio del A\u00f1o Solar (Lichun).<\/td>\n<\/tr>\n<tr style=\"height: 24px;\" data-start=\"2318\" data-end=\"2428\">\n<td style=\"height: 24px;\" data-start=\"2318\" data-end=\"2341\" data-col-size=\"sm\"><strong data-start=\"2320\" data-end=\"2340\">M\u00e9todos de transporte<\/strong><\/td>\n<td style=\"height: 24px;\" data-start=\"2341\" data-end=\"2428\" data-col-size=\"md\">Gu\u00e1rdelo cerca de su persona, en un lugar limpio como la cartera, el bolso o el bolsillo de la chaqueta.<\/td>\n<\/tr>\n<tr style=\"height: 24px;\" data-start=\"2429\" data-end=\"2524\">\n<td style=\"height: 24px;\" data-start=\"2429\" data-end=\"2450\" data-col-size=\"sm\"><strong data-start=\"2431\" data-end=\"2449\">Colocaci\u00f3n en casa<\/strong><\/td>\n<td style=\"height: 24px;\" data-start=\"2450\" data-end=\"2524\" data-col-size=\"md\">Puede colocarse en una mesilla de noche limpia o en un altar dedicado al Feng Shui.<\/td>\n<\/tr>\n<tr style=\"height: 24px;\" data-start=\"2525\" data-end=\"2625\">\n<td style=\"height: 24px;\" data-start=\"2525\" data-end=\"2546\" data-col-size=\"sm\"><strong data-start=\"2527\" data-end=\"2545\">Uso respetuoso<\/strong><\/td>\n<td style=\"height: 24px;\" data-start=\"2546\" data-end=\"2625\" data-col-size=\"md\">Tr\u00e1talo como un objeto espiritual personal; evita que otros lo toquen casualmente.<\/td>\n<\/tr>\n<\/tbody>\n<\/table>\n<\/div>\n<\/div>\n<hr data-start=\"2627\" data-end=\"2630\" \/>\n<h3 data-start=\"2632\" data-end=\"2660\">Cuidado y mantenimiento<\/h3>\n<p data-start=\"2662\" data-end=\"2734\">Mant\u00e9n tu amuleto en perfecto estado siguiendo estos sencillos pasos:<\/p>\n<ul data-start=\"2735\" data-end=\"3029\">\n<li data-start=\"2735\" data-end=\"2811\">\n<p data-start=\"2739\" data-end=\"2811\"><strong data-start=\"2739\" data-end=\"2752\">Mant\u00e9ngase seco:<\/strong> Evite la humedad, las zonas h\u00famedas o lavar la bolsa directamente.<\/p>\n<\/li>\n<li data-start=\"2812\" data-end=\"2902\">\n<p data-start=\"2816\" data-end=\"2902\"><strong data-start=\"2816\" data-end=\"2836\">Limpieza suave:<\/strong> Si el exterior acumula polvo, l\u00edmpielo suavemente con un pa\u00f1o seco y suave.<\/p>\n<\/li>\n<li data-start=\"2903\" data-end=\"3029\">\n<p data-start=\"2907\" data-end=\"3029\"><strong data-start=\"2907\" data-end=\"2929\">Jubilaci\u00f3n anual:<\/strong> A finales de 2026, es tradici\u00f3n retirar respetuosamente el amuleto antes de que comience el nuevo a\u00f1o.<\/p>\n<\/li>\n<\/ul>\n<hr data-start=\"3031\" data-end=\"3034\" \/>\n<h3 data-start=\"3036\" data-end=\"3074\">El regalo perfecto para sus seres queridos<\/h3>\n<p data-start=\"3076\" data-end=\"3307\">Demuestre su cari\u00f1o y proporcione seguridad espiritual a familiares y amigos. Este conjunto de protecci\u00f3n es un regalo significativo para el A\u00f1o Nuevo, ayudando a sus seres queridos a comenzar 2026 con una sensaci\u00f3n de seguridad y una bendici\u00f3n para que \u201cTodas las cosas vayan bien.\u201d<\/p>","protected":false},"excerpt":{"rendered":"<p data-start=\"392\" data-end=\"845\">El <strong data-start=\"396\" data-end=\"425\">2026 Bolsa amuleto Tai Sui<\/strong> es una herramienta espiritual tradicional y poderosa dise\u00f1ada para proteger a las personas de las energ\u00edas conflictivas del \u201cGran Duque J\u00fapiter\u201d (Tai Sui). En la metaf\u00edsica china, ofender a Tai Sui puede conducir a un a\u00f1o de inestabilidad, problemas de salud o fluctuaciones financieras. Este meticuloso conjunto act\u00faa como un escudo, invitando a la energ\u00eda auspiciosa, la seguridad y la prosperidad en su vida durante todo el A\u00f1o del Caballo de Fuego.<\/p>\n<h3><strong>Caracter\u00edsticas:<\/strong><\/h3>\n<ul>\n<li><strong>Alineaci\u00f3n anual<\/strong><br \/>\nPreparado exclusivamente para la energ\u00eda Fire Horse 2026 para proporcionar una protecci\u00f3n espec\u00edfica.<\/li>\n<li><strong>Escudo espiritual<\/strong><br \/>\nDise\u00f1ado para apaciguar a Tai Sui, reduciendo conflictos, retrasos y obst\u00e1culos inesperados en la vida.<\/li>\n<li><strong>Portabilidad vers\u00e1til<\/strong><br \/>\nCompacto y elegante; perfecto para el bolsillo, el bolso, el coche o el escritorio de la oficina.<\/li>\n<li><strong>Suerte personalizada<\/strong><br \/>\nLos contenidos est\u00e1n pensados para equilibrar la riqueza, la carrera profesional, la salud y la suerte en las relaciones.<\/li>\n<li><strong>Tres variaciones<\/strong><br \/>\nDisponible en \u201cPaz para toda la vida\u201d, \u201cDisolver Tai Sui\u201d y \u201cAuspiciosidad y salud\u201d.\u201d<\/li>\n<\/ul>\n<p><span style=\"color: #ff0000;\"><strong>Nota: Debido a las diferencias en las cartas natales, el contenido de las bolsitas de amuletos puede variar. Las im\u00e1genes del producto son solo para referencia; por favor, consulte la bolsita real que reciba.<\/strong><\/span><\/p>","protected":false},"featured_media":31051,"comment_status":"open","ping_status":"closed","template":"","meta":{"_joinchat":[]},"product_brand":[],"product_cat":[25],"product_tag":[],"class_list":{"0":"post-31019","1":"product","2":"type-product","3":"status-publish","4":"has-post-thumbnail","6":"product_cat-taoist-talisman","8":"first","9":"instock","10":"sale","11":"shipping-taxable","12":"purchasable","13":"product-type-variable"},"_links":{"self":[{"href":"https:\/\/fengshuixinyu.com\/es\/wp-json\/wp\/v2\/product\/31019","targetHints":{"allow":["GET"]}}],"collection":[{"href":"https:\/\/fengshuixinyu.com\/es\/wp-json\/wp\/v2\/product"}],"about":[{"href":"https:\/\/fengshuixinyu.com\/es\/wp-json\/wp\/v2\/types\/product"}],"replies":[{"embeddable":true,"href":"https:\/\/fengshuixinyu.com\/es\/wp-json\/wp\/v2\/comments?post=31019"}],"version-history":[{"count":9,"href":"https:\/\/fengshuixinyu.com\/es\/wp-json\/wp\/v2\/product\/31019\/revisions"}],"predecessor-version":[{"id":32491,"href":"https:\/\/fengshuixinyu.com\/es\/wp-json\/wp\/v2\/product\/31019\/revisions\/32491"}],"wp:featuredmedia":[{"embeddable":true,"href":"https:\/\/fengshuixinyu.com\/es\/wp-json\/wp\/v2\/media\/31051"}],"wp:attachment":[{"href":"https:\/\/fengshuixinyu.com\/es\/wp-json\/wp\/v2\/media?parent=31019"}],"wp:term":[{"taxonomy":"product_brand","embeddable":true,"href":"https:\/\/fengshuixinyu.com\/es\/wp-json\/wp\/v2\/product_brand?post=31019"},{"taxonomy":"product_cat","embeddable":true,"href":"https:\/\/fengshuixinyu.com\/es\/wp-json\/wp\/v2\/product_cat?post=31019"},{"taxonomy":"product_tag","embeddable":true,"href":"https:\/\/fengshuixinyu.com\/es\/wp-json\/wp\/v2\/product_tag?post=31019"}],"curies":[{"name":"wp","href":"https:\/\/api.w.org\/{rel}","templated":true}]}}