{"id":32498,"date":"2026-02-04T01:54:25","date_gmt":"2026-02-04T09:54:25","guid":{"rendered":"https:\/\/fengshuixinyu.com\/?post_type=product&#038;p=32498"},"modified":"2026-02-04T02:06:08","modified_gmt":"2026-02-04T10:06:08","slug":"year-of-the-horse-tai-sui-protection-card","status":"publish","type":"product","link":"https:\/\/fengshuixinyu.com\/es\/product\/year-of-the-horse-tai-sui-protection-card\/","title":{"rendered":"2026 A\u00f1o del Caballo Tai Sui Carta Amuleto - Feng Shui Protecci\u00f3n y Buena Suerte Talism\u00e1n"},"content":{"rendered":"<p data-start=\"1509\" data-end=\"1526\"><strong data-start=\"1509\" data-end=\"1526\">Beneficios clave:<\/strong><\/p>\n<ul data-start=\"1527\" data-end=\"1938\">\n<li data-start=\"1527\" data-end=\"1627\">\n<p data-start=\"1531\" data-end=\"1627\"><strong data-start=\"1531\" data-end=\"1551\">Apacigua a Tai Sui:<\/strong> Espec\u00edficamente dise\u00f1ado para armonizar su energ\u00eda con el Gran Duque J\u00fapiter.<\/p>\n<\/li>\n<li data-start=\"1628\" data-end=\"1720\">\n<p data-start=\"1632\" data-end=\"1720\"><strong data-start=\"1632\" data-end=\"1656\">Seguridad y protecci\u00f3n:<\/strong> Evita problemas legales, accidentes y conflictos interpersonales.<\/p>\n<\/li>\n<li data-start=\"1721\" data-end=\"1832\">\n<p data-start=\"1725\" data-end=\"1832\"><strong data-start=\"1725\" data-end=\"1748\">Atraer la prosperidad:<\/strong> Despeja el camino para el crecimiento profesional y la estabilidad financiera durante los a\u00f1os dif\u00edciles.<\/p>\n<\/li>\n<li data-start=\"1833\" data-end=\"1938\">\n<p data-start=\"1837\" data-end=\"1938\"><strong data-start=\"1837\" data-end=\"1857\">Dise\u00f1o port\u00e1til:<\/strong> Con el tama\u00f1o perfecto para caber en la cartera, el bolso o la funda del tel\u00e9fono para una protecci\u00f3n ininterrumpida.<\/p>\n<\/li>\n<\/ul>\n<h4 data-start=\"1940\" data-end=\"1978\"><strong data-start=\"1945\" data-end=\"1978\">Especificaciones del producto:<\/strong><\/h4>\n<ul data-start=\"1979\" data-end=\"2296\">\n<li data-start=\"1979\" data-end=\"2050\">\n<p data-start=\"1983\" data-end=\"2050\"><strong data-start=\"1983\" data-end=\"1996\">Material:<\/strong> PVC\/aleaci\u00f3n met\u00e1lica de alta calidad con acabado dorado.<\/p>\n<\/li>\n<li data-start=\"2051\" data-end=\"2115\">\n<p data-start=\"2055\" data-end=\"2115\"><strong data-start=\"2055\" data-end=\"2064\">Tama\u00f1o:<\/strong> Tama\u00f1o est\u00e1ndar de tarjeta de cr\u00e9dito (aprox. 8,5 cm x 5,4 cm).<\/p>\n<\/li>\n<li data-start=\"2116\" data-end=\"2208\">\n<p data-start=\"2120\" data-end=\"2208\"><strong data-start=\"2120\" data-end=\"2130\">Delante:<\/strong> Presenta el Tai Sui General del A\u00f1o del Caballo y escrituras tao\u00edstas protectoras.<\/p>\n<\/li>\n<li data-start=\"2209\" data-end=\"2296\">\n<p data-start=\"2213\" data-end=\"2296\"><strong data-start=\"2213\" data-end=\"2222\">Atr\u00e1s:<\/strong> Incluye s\u00edmbolos auspiciosos y el sello de autenticidad Feng Shui Xinyu.<\/p>\n<\/li>\n<\/ul>\n<h4 data-start=\"2298\" data-end=\"2324\"><strong data-start=\"2303\" data-end=\"2324\">Modo de empleo:<\/strong><\/h4>\n<ol data-start=\"2325\" data-end=\"2561\">\n<li data-start=\"2325\" data-end=\"2392\">\n<p data-start=\"2329\" data-end=\"2392\">Guarde la tarjeta en su <strong data-start=\"2351\" data-end=\"2370\">cartera o monedero<\/strong> que llevas a diario.<\/p>\n<\/li>\n<li data-start=\"2393\" data-end=\"2456\">\n<p data-start=\"2397\" data-end=\"2456\">Col\u00f3quelo en su <strong data-start=\"2414\" data-end=\"2425\">bolso<\/strong> o detr\u00e1s de su <strong data-start=\"2441\" data-end=\"2455\">funda de tel\u00e9fono<\/strong>.<\/p>\n<\/li>\n<li data-start=\"2457\" data-end=\"2561\">\n<p data-start=\"2461\" data-end=\"2561\">Para proteger el hogar, col\u00f3quelo en el <strong data-start=\"2498\" data-end=\"2514\">Sector Sur<\/strong> (la direcci\u00f3n del Caballo) o en tu altar.<\/p>\n<\/li>\n<\/ol>","protected":false},"excerpt":{"rendered":"<p data-start=\"860\" data-end=\"917\"><strong data-start=\"860\" data-end=\"917\">Abraza la paz y la protecci\u00f3n en el A\u00f1o del Caballo<\/strong><\/p>\n<p data-start=\"919\" data-end=\"1275\">El <strong data-start=\"923\" data-end=\"934\">Tai Sui<\/strong>, tambi\u00e9n conocido como el Gran Duque J\u00fapiter, es una de las deidades m\u00e1s significativas del Feng Shui que rige la fortuna del a\u00f1o. Para los nacidos en el A\u00f1o del Caballo, o aquellos cuyos signos zodiacales est\u00e1n en conflicto con el Caballo, llevar esta <strong data-start=\"1179\" data-end=\"1202\">Tarjeta amuleto Tai Sui<\/strong> es una tradici\u00f3n esencial para garantizar un a\u00f1o tranquilo, seguro y pr\u00f3spero.<\/p>\n<p data-start=\"1277\" data-end=\"1507\">Esta carta de color dorado presenta el sigilo sagrado tao\u00edsta (Fu) consagrado espec\u00edficamente para el A\u00f1o del Caballo Tai Sui. Act\u00faa como un escudo espiritual, ayudando a desviar la energ\u00eda negativa, minimizar los obst\u00e1culos y atraer bendiciones.<\/p>","protected":false},"featured_media":32499,"comment_status":"open","ping_status":"closed","template":"","meta":{"_joinchat":[]},"product_brand":[],"product_cat":[25],"product_tag":[],"class_list":{"0":"post-32498","1":"product","2":"type-product","3":"status-publish","4":"has-post-thumbnail","6":"product_cat-taoist-talisman","8":"first","9":"instock","10":"sale","11":"shipping-taxable","12":"purchasable","13":"product-type-simple"},"_links":{"self":[{"href":"https:\/\/fengshuixinyu.com\/es\/wp-json\/wp\/v2\/product\/32498","targetHints":{"allow":["GET"]}}],"collection":[{"href":"https:\/\/fengshuixinyu.com\/es\/wp-json\/wp\/v2\/product"}],"about":[{"href":"https:\/\/fengshuixinyu.com\/es\/wp-json\/wp\/v2\/types\/product"}],"replies":[{"embeddable":true,"href":"https:\/\/fengshuixinyu.com\/es\/wp-json\/wp\/v2\/comments?post=32498"}],"version-history":[{"count":2,"href":"https:\/\/fengshuixinyu.com\/es\/wp-json\/wp\/v2\/product\/32498\/revisions"}],"predecessor-version":[{"id":32502,"href":"https:\/\/fengshuixinyu.com\/es\/wp-json\/wp\/v2\/product\/32498\/revisions\/32502"}],"wp:featuredmedia":[{"embeddable":true,"href":"https:\/\/fengshuixinyu.com\/es\/wp-json\/wp\/v2\/media\/32499"}],"wp:attachment":[{"href":"https:\/\/fengshuixinyu.com\/es\/wp-json\/wp\/v2\/media?parent=32498"}],"wp:term":[{"taxonomy":"product_brand","embeddable":true,"href":"https:\/\/fengshuixinyu.com\/es\/wp-json\/wp\/v2\/product_brand?post=32498"},{"taxonomy":"product_cat","embeddable":true,"href":"https:\/\/fengshuixinyu.com\/es\/wp-json\/wp\/v2\/product_cat?post=32498"},{"taxonomy":"product_tag","embeddable":true,"href":"https:\/\/fengshuixinyu.com\/es\/wp-json\/wp\/v2\/product_tag?post=32498"}],"curies":[{"name":"wp","href":"https:\/\/api.w.org\/{rel}","templated":true}]}}