{"id":32503,"date":"2026-02-04T02:13:51","date_gmt":"2026-02-04T10:13:51","guid":{"rendered":"https:\/\/fengshuixinyu.com\/?post_type=product&#038;p=32503"},"modified":"2026-02-04T02:18:04","modified_gmt":"2026-02-04T10:18:04","slug":"wealth-attracting-talisman-amulet-card","status":"publish","type":"product","link":"https:\/\/fengshuixinyu.com\/es\/product\/wealth-attracting-talisman-amulet-card\/","title":{"rendered":"Carta Talism\u00e1n Feng Shui para Atraer la Riqueza - Amuleto Consagrado para la Prosperidad y la Suerte con el Dinero"},"content":{"rendered":"<p data-start=\"1460\" data-end=\"1477\"><strong data-start=\"1460\" data-end=\"1477\">Beneficios clave:<\/strong><\/p>\n<ul data-start=\"1478\" data-end=\"1948\">\n<li data-start=\"1478\" data-end=\"1586\">\n<p data-start=\"1482\" data-end=\"1586\"><strong data-start=\"1482\" data-end=\"1501\">Atraer la riqueza:<\/strong> Dise\u00f1ado espec\u00edficamente para abrir las puertas a nuevas oportunidades financieras y a la suerte inesperada.<\/p>\n<\/li>\n<li data-start=\"1587\" data-end=\"1697\">\n<p data-start=\"1591\" data-end=\"1697\"><strong data-start=\"1591\" data-end=\"1612\">\u00c9xito empresarial:<\/strong> Ayuda a empresarios y profesionales a atraer m\u00e1s clientes y aumentar el flujo de caja.<\/p>\n<\/li>\n<li data-start=\"1698\" data-end=\"1837\">\n<p data-start=\"1702\" data-end=\"1837\"><strong data-start=\"1702\" data-end=\"1728\">Protecci\u00f3n y bendici\u00f3n:<\/strong> El sello del Maestro Celestial proporciona una capa de protecci\u00f3n contra las p\u00e9rdidas financieras y las influencias negativas.<\/p>\n<\/li>\n<li data-start=\"1838\" data-end=\"1948\">\n<p data-start=\"1842\" data-end=\"1948\"><strong data-start=\"1842\" data-end=\"1868\">Pr\u00e1ctico y port\u00e1til:<\/strong> Dise\u00f1ado para encajar perfectamente en sus esenciales diarios para un apoyo energ\u00e9tico constante.<\/p>\n<\/li>\n<\/ul>\n<h4 data-start=\"1950\" data-end=\"1988\"><strong data-start=\"1955\" data-end=\"1988\">Especificaciones del producto:<\/strong><\/h4>\n<ul data-start=\"1989\" data-end=\"2326\">\n<li data-start=\"1989\" data-end=\"2070\">\n<p data-start=\"1993\" data-end=\"2070\"><strong data-start=\"1993\" data-end=\"2006\">Material:<\/strong> Cartulina \/ PVC duradero de alta calidad con revestimiento protector.<\/p>\n<\/li>\n<li data-start=\"2071\" data-end=\"2135\">\n<p data-start=\"2075\" data-end=\"2135\"><strong data-start=\"2075\" data-end=\"2084\">Tama\u00f1o:<\/strong> Tama\u00f1o est\u00e1ndar de tarjeta de cr\u00e9dito (aprox. 8,5 cm x 5,4 cm).<\/p>\n<\/li>\n<li data-start=\"2136\" data-end=\"2214\">\n<p data-start=\"2140\" data-end=\"2214\"><strong data-start=\"2140\" data-end=\"2150\">Color:<\/strong> Amarillo auspicioso con estampado tradicional de cinabrio rojo.<\/p>\n<\/li>\n<li data-start=\"2215\" data-end=\"2326\">\n<p data-start=\"2219\" data-end=\"2326\"><strong data-start=\"2219\" data-end=\"2230\">Dise\u00f1o:<\/strong> Talism\u00e1n Tao\u00edsta Tradicional de la Riqueza con el sello de autenticidad \u201cTian Shi\u201d (Maestro Celestial).<\/p>\n<\/li>\n<\/ul>\n<h4 data-start=\"2328\" data-end=\"2354\"><strong data-start=\"2333\" data-end=\"2354\">Modo de empleo:<\/strong><\/h4>\n<ol data-start=\"2355\" data-end=\"2834\">\n<li data-start=\"2355\" data-end=\"2472\">\n<p data-start=\"2359\" data-end=\"2472\"><strong data-start=\"2359\" data-end=\"2378\">En tu cartera:<\/strong> Coloca la tarjeta en tu cartera o bolso para atraer la energ\u00eda del dinero cada vez que gastes o recibas.<\/p>\n<\/li>\n<li data-start=\"2473\" data-end=\"2608\">\n<p data-start=\"2477\" data-end=\"2608\"><strong data-start=\"2477\" data-end=\"2500\">Caja registradora \/ caja fuerte:<\/strong> Para los propietarios de negocios, gu\u00e1rdelo cerca de su caja registradora o dentro de su caja fuerte para estabilizar y hacer crecer su patrimonio.<\/p>\n<\/li>\n<li data-start=\"2609\" data-end=\"2733\">\n<p data-start=\"2613\" data-end=\"2733\"><strong data-start=\"2613\" data-end=\"2627\">Lugar de trabajo:<\/strong> Gu\u00e1rdelo en la mesa de la oficina o en la bolsa del port\u00e1til para mejorar su suerte profesional y sus oportunidades de ascenso.<\/p>\n<\/li>\n<li data-start=\"2734\" data-end=\"2834\">\n<p data-start=\"2738\" data-end=\"2834\"><strong data-start=\"2738\" data-end=\"2753\">Funda de tel\u00e9fono:<\/strong> Col\u00f3calo detr\u00e1s de una funda transparente de tel\u00e9fono para tener el amuleto cerca de ti en todo momento.<\/p>\n<\/li>\n<\/ol>","protected":false},"excerpt":{"rendered":"<p data-start=\"845\" data-end=\"892\"><strong data-start=\"845\" data-end=\"892\">Invite la abundancia y el \u00e9xito a su vida<\/strong><\/p>\n<p data-start=\"894\" data-end=\"1267\">Esto <strong data-start=\"899\" data-end=\"935\">Talism\u00e1n para atraer la riqueza (\u62db\u8d22\u7b26)<\/strong> es una poderosa herramienta de Feng Shui dise\u00f1ada para armonizar tu energ\u00eda personal con las vibraciones de la riqueza y la prosperidad. Impresa en una vibrante tarjeta de color amarillo dorado, presenta el sagrado sigilo tao\u00edsta y el sello de la <strong data-start=\"1151\" data-end=\"1182\">Maestro Celestial (Tian Shi)<\/strong>, conocido en la tradici\u00f3n tao\u00edsta por ofrecer protecci\u00f3n y atraer las bendiciones divinas.<\/p>\n<p data-start=\"1269\" data-end=\"1458\">Si desea impulsar su carrera, aumentar las ventas de su negocio o mejorar su suerte financiera en general, este amuleto act\u00faa como un im\u00e1n espiritual para el \u201cSheng Chi\u201d (energ\u00eda positiva).<\/p>","protected":false},"featured_media":32504,"comment_status":"open","ping_status":"closed","template":"","meta":{"_joinchat":[]},"product_brand":[],"product_cat":[25],"product_tag":[],"class_list":{"0":"post-32503","1":"product","2":"type-product","3":"status-publish","4":"has-post-thumbnail","6":"product_cat-taoist-talisman","8":"first","9":"instock","10":"sale","11":"shipping-taxable","12":"purchasable","13":"product-type-simple"},"_links":{"self":[{"href":"https:\/\/fengshuixinyu.com\/es\/wp-json\/wp\/v2\/product\/32503","targetHints":{"allow":["GET"]}}],"collection":[{"href":"https:\/\/fengshuixinyu.com\/es\/wp-json\/wp\/v2\/product"}],"about":[{"href":"https:\/\/fengshuixinyu.com\/es\/wp-json\/wp\/v2\/types\/product"}],"replies":[{"embeddable":true,"href":"https:\/\/fengshuixinyu.com\/es\/wp-json\/wp\/v2\/comments?post=32503"}],"version-history":[{"count":1,"href":"https:\/\/fengshuixinyu.com\/es\/wp-json\/wp\/v2\/product\/32503\/revisions"}],"predecessor-version":[{"id":32505,"href":"https:\/\/fengshuixinyu.com\/es\/wp-json\/wp\/v2\/product\/32503\/revisions\/32505"}],"wp:featuredmedia":[{"embeddable":true,"href":"https:\/\/fengshuixinyu.com\/es\/wp-json\/wp\/v2\/media\/32504"}],"wp:attachment":[{"href":"https:\/\/fengshuixinyu.com\/es\/wp-json\/wp\/v2\/media?parent=32503"}],"wp:term":[{"taxonomy":"product_brand","embeddable":true,"href":"https:\/\/fengshuixinyu.com\/es\/wp-json\/wp\/v2\/product_brand?post=32503"},{"taxonomy":"product_cat","embeddable":true,"href":"https:\/\/fengshuixinyu.com\/es\/wp-json\/wp\/v2\/product_cat?post=32503"},{"taxonomy":"product_tag","embeddable":true,"href":"https:\/\/fengshuixinyu.com\/es\/wp-json\/wp\/v2\/product_tag?post=32503"}],"curies":[{"name":"wp","href":"https:\/\/api.w.org\/{rel}","templated":true}]}}