{"id":839,"date":"2021-08-27T11:59:19","date_gmt":"2021-08-27T11:59:19","guid":{"rendered":"http:\/\/dummy.xtemos.com\/woodmart2\/elementor\/?post_type=product&#038;p=372"},"modified":"2025-11-11T05:20:32","modified_gmt":"2025-11-11T05:20:32","slug":"bai-xi-tu-taoist-talisman-wallpaper","status":"publish","type":"product","link":"https:\/\/fengshuixinyu.com\/es\/product\/bai-xi-tu-taoist-talisman-wallpaper\/","title":{"rendered":"Fondo de pantalla del talism\u00e1n tao\u00edsta Bai Xi Tu"},"content":{"rendered":"","protected":false},"excerpt":{"rendered":"<p>&nbsp;<\/p>\n<p><span style=\"color: #ff0000;\">Consejos:<\/span> Solo podr\u00e1s descargar la versi\u00f3n en alta definici\u00f3n y sin marcas de agua despu\u00e9s de realizar la compra.<\/p>","protected":false},"featured_media":29356,"comment_status":"open","ping_status":"closed","template":"","meta":{"_joinchat":[]},"product_brand":[],"product_cat":[32],"product_tag":[],"class_list":{"0":"post-839","1":"product","2":"type-product","3":"status-publish","4":"has-post-thumbnail","6":"product_cat-taoist-mobile-wallpapers","8":"first","9":"instock","10":"sale","11":"downloadable","12":"virtual","13":"purchasable","14":"product-type-simple"},"_links":{"self":[{"href":"https:\/\/fengshuixinyu.com\/es\/wp-json\/wp\/v2\/product\/839","targetHints":{"allow":["GET"]}}],"collection":[{"href":"https:\/\/fengshuixinyu.com\/es\/wp-json\/wp\/v2\/product"}],"about":[{"href":"https:\/\/fengshuixinyu.com\/es\/wp-json\/wp\/v2\/types\/product"}],"replies":[{"embeddable":true,"href":"https:\/\/fengshuixinyu.com\/es\/wp-json\/wp\/v2\/comments?post=839"}],"version-history":[{"count":7,"href":"https:\/\/fengshuixinyu.com\/es\/wp-json\/wp\/v2\/product\/839\/revisions"}],"predecessor-version":[{"id":29449,"href":"https:\/\/fengshuixinyu.com\/es\/wp-json\/wp\/v2\/product\/839\/revisions\/29449"}],"wp:featuredmedia":[{"embeddable":true,"href":"https:\/\/fengshuixinyu.com\/es\/wp-json\/wp\/v2\/media\/29356"}],"wp:attachment":[{"href":"https:\/\/fengshuixinyu.com\/es\/wp-json\/wp\/v2\/media?parent=839"}],"wp:term":[{"taxonomy":"product_brand","embeddable":true,"href":"https:\/\/fengshuixinyu.com\/es\/wp-json\/wp\/v2\/product_brand?post=839"},{"taxonomy":"product_cat","embeddable":true,"href":"https:\/\/fengshuixinyu.com\/es\/wp-json\/wp\/v2\/product_cat?post=839"},{"taxonomy":"product_tag","embeddable":true,"href":"https:\/\/fengshuixinyu.com\/es\/wp-json\/wp\/v2\/product_tag?post=839"}],"curies":[{"name":"wp","href":"https:\/\/api.w.org\/{rel}","templated":true}]}}